{"id":11525,"date":"2023-03-21T16:11:08","date_gmt":"2023-03-21T15:11:08","guid":{"rendered":"https:\/\/gagygnole.ch\/?page_id=11525"},"modified":"2025-10-27T12:07:41","modified_gmt":"2025-10-27T11:07:41","slug":"degustation","status":"publish","type":"page","link":"https:\/\/soubozdrinks.ch\/de\/degustation\/","title":{"rendered":"Degustation"},"content":{"rendered":"<h1>DEGUSTATION IM KELLER<\/h1>\n<div>\n<h2>GEF\u00dcHRTE TOUR DURCH UNSERE DESTILLIERANLAGE<\/h2>\n<\/div>\n<div>\n<p>Wir \u00f6ffnen dir unser Hauptquartier, um dir die Welt von Gagygnole n\u00e4her zu bringen. Auf dem Programm steht eine Besichtigung der R\u00e4umlichkeiten und wir stellen Dir unseren Destillierapparat Ren\u00e9e vor und erkl\u00e4ren dir die Produktionstechniken. Und dazu gibt\u2019s sicherlich die eine oder andere lustige Anekdote! Tauche in die magische Welt der lokalen, nat\u00fcrlichen und handwerklich hergestellten Spirituosen von Gagygnole ein!<\/p>\n<p><strong>M\u00f6chtest du einen geselligen Moment verbringen?<\/strong> Wir organisieren jetzt auch Fondue in unserem wundersch\u00f6nen Gew\u00f6lbekeller. Der ideale Ort um nach einer Besichtigung der Brennerei und einer Degustation einen angenehmen Moment mit Freunden, Familie oder Arbeitskollegen zu verbringen.<\/p>\n<\/div>\n<div>\n<h3>Besuch der Brennerei Degustation<\/p>\n<p>ohne Apero<\/h3>\n<p>25 CHF<\/p>\n<div>\n<p>Preis pro Person<\/p>\n<p>Bitte mindestens einen Monat im Voraus anmelden<\/p>\n<p>F\u00fchrungen in: Deutsch, Franz\u00f6sisch, Englisch, Italienisch<\/p>\n<p>Mindestens 6 Personen<\/p>\n<p>Dauer ca. 1h30<\/p>\n<\/div>\n<p><a href=\"\/reservation\/?visite=Visite+et+d%C3%A9gustation+sans+ap%C3%A9ro\">Anmelden<\/a><\/p>\n<\/div>\n<div>\n<h3>Besuch der Brennerei  Degustation<\/p>\n<p> Apero aus dem Petit-Val<\/h3>\n<p>32 CHF<\/p>\n<div>\n<p>Preis pro Person<\/p>\n<p>Bitte mindestens einen Monat im Voraus anmelden<\/p>\n<p>F\u00fchrungen in: Deutsch, Franz\u00f6sisch, Englisch, Italienisch<\/p>\n<p>Mindestens 6 Personen<\/p>\n<p>Dauer ca. 2h30<\/p>\n<\/div>\n<p><a href=\"\/reservation\/?visite=Visite+et+d%C3%A9gustation+avec+ap%C3%A9ro\">Anmelden<\/a><\/p>\n<\/div>\n<ul>\n<li>\n<p>        <img decoding=\"async\" src=\"\/wp-content\/uploads\/2019\/05\/RENEE-scaled.jpg\" alt=\"\"><\/p>\n<\/li>\n<li>\n<p>        <img decoding=\"async\" src=\"\/wp-content\/uploads\/2020\/06\/Gagygnole_caveau-7.jpg\" alt=\"\"><\/p>\n<\/li>\n<li>\n<p>        <img decoding=\"async\" src=\"\/wp-content\/uploads\/2018\/05\/DEGUSTATIONWEBSITE-3.jpg\" alt=\"\"><\/p>\n<\/li>\n<li>\n<\/li>\n<li>\n<p>        <img decoding=\"async\" src=\"\/wp-content\/uploads\/2019\/05\/RENEE-1-scaled.jpg\" alt=\"\"><\/p>\n<\/li>\n<\/ul>\n<h2>FAQ<\/h2>\n<ul>\n<li>\n<h3>Kann ich meinen Hund mitbringen?<\/h3>\n<div>\n<p>Hunde k\u00f6nnen im Freien angebunden werden. Bei Gagygnole gibt es auch einige Katzen, die ihr Revier verteidigen.<\/p>\n<\/div>\n<\/li>\n<li>\n<h3>Kann ich Gagygnole mit nach Hause nehmen?<\/h3>\n<div>\n<p>Gagygnole kann auch zu Ihnen nach Hause kommen, wenn Sie einen besonderen Anlass haben oder einen Aperitif mit guten Produkten trinken m\u00f6chten. Gagygnole stellt Ihnen gerne unseren Bartender &#8222;Lucastuce&#8220; zur Verf\u00fcgung, um Ihnen gute Cocktails zu mixen.<\/p>\n<\/div>\n<\/li>\n<\/ul>\n<ul>\n<li>\n<h3>Ist es m\u00f6glich, vor Ort zu bezahlen?<\/h3>\n<div>\n<p>Sie k\u00f6nnen vor Ort in bar, mit Twint oder mit der Bankkarte bezahlen. Die alte Postcard funktioniert nicht.<\/p>\n<\/div>\n<\/li>\n<li>\n<h3>Gibt es in Souboz einen Taxiservice?<\/h3>\n<div>\n<p>Gagygnole kann immer eine L\u00f6sung f\u00fcr Ihre W\u00fcnsche finden. Eine Gegenleistung wird von Ihnen verlangt.<\/p>\n<\/div>\n<\/li>\n<\/ul>\n<p><!--more--><br \/>\n<!-- {\"name\":\"Pricing\",\"type\":\"layout\",\"children\":[{\"name\":\"Hero\",\"type\":\"section\",\"props\":{\"animation\":\"fade\",\"header_overlay\":\"light\",\"header_transparent\":true,\"height_viewport\":true,\"image\":\"wp-content\\\/uploads\\\/2019\\\/05\\\/ALAMBICGRIDDISCOVER-scaled.jpg\",\"image_effect\":\"parallax\",\"image_fixed\":false,\"image_loading\":true,\"image_parallax_bgy\":\"-130,150\",\"image_parallax_easing\":\"1\",\"image_position\":\"center-center\",\"image_size\":\"cover\",\"image_width\":\"2560\",\"media\":\"images\\\/home-header.jpg\",\"media_advanced\":true,\"media_overlay\":\"rgba(0, 0, 0, 0.24)\",\"overlap\":true,\"padding\":\"xlarge\",\"style\":\"secondary\",\"text_color\":\"light\",\"title_breakpoint\":\"xl\",\"title_position\":\"top-left\",\"title_rotation\":\"left\",\"vertical_align\":\"\",\"width\":\"default\"},\"children\":[{\"type\":\"row\",\"children\":[{\"type\":\"column\",\"props\":{\"image_position\":\"center-center\",\"position_sticky_breakpoint\":\"m\",\"width_medium\":\"1-1\"},\"children\":[{\"type\":\"headline\",\"props\":{\"content\":\"DEGUSTATION IM KELLER\",\"text_align\":\"center\",\"title_element\":\"h1\",\"title_style\":\"heading-large\"}},{\"type\":\"text\",\"props\":{\"column_breakpoint\":\"m\",\"content\":\"\n\n<h2>GEF\\u00dcHRTE TOUR DURCH UNSERE DESTILLIERANLAGE<\\\/h2>\",\"margin\":\"default\",\"text_align\":\"center\",\"text_style\":\"lead\"}}]}]}]},{\"name\":\"Offres\",\"type\":\"section\",\"props\":{\"animation\":\"slide-bottom-small\",\"animation_delay\":false,\"image_position\":\"center-center\",\"image_size\":\"cover\",\"padding\":\"large\",\"style\":\"muted\",\"title_breakpoint\":\"xl\",\"title_position\":\"top-left\",\"title_rotation\":\"left\",\"vertical_align\":\"\",\"width\":\"large\"},\"children\":[{\"type\":\"row\",\"props\":{\"column_gap\":\"large\",\"row_gap\":\"large\"},\"children\":[{\"type\":\"column\",\"children\":[{\"type\":\"text\",\"props\":{\"block_align\":\"center\",\"column_breakpoint\":\"m\",\"content\":\"\n\n<p>Wir \\u00f6ffnen dir unser Hauptquartier, um dir die Welt von Gagygnole n\\u00e4her zu bringen. Auf dem Programm steht eine Besichtigung der R\\u00e4umlichkeiten und wir stellen Dir unseren Destillierapparat Ren\\u00e9e vor und erkl\\u00e4ren dir die Produktionstechniken. Und dazu gibt\\u2019s sicherlich die eine oder andere lustige Anekdote! Tauche in die magische Welt der lokalen, nat\\u00fcrlichen und handwerklich hergestellten Spirituosen von Gagygnole ein!<\\\/p>\\n\n\n<p><strong>M\\u00f6chtest du einen geselligen Moment verbringen?<\\\/strong> Wir organisieren jetzt auch Fondue in unserem wundersch\\u00f6nen Gew\\u00f6lbekeller. Der ideale Ort um nach einer Besichtigung der Brennerei und einer Degustation einen angenehmen Moment mit Freunden, Familie oder Arbeitskollegen zu verbringen.<\\\/p>\",\"margin\":\"default\",\"maxwidth\":\"xlarge\",\"text_align\":\"center\"}}],\"props\":{\"image_position\":\"center-center\",\"position_sticky_breakpoint\":\"m\",\"width_medium\":\"1-1\"}}]},{\"type\":\"row\",\"props\":{\"column_gap\":\"large\",\"divider\":false,\"layout\":\"1-3,1-3,1-3\",\"margin\":\"large\",\"row_gap\":\"large\",\"vertical_align\":true},\"children\":[{\"type\":\"column\",\"props\":{\"image_position\":\"center-center\",\"position_sticky_breakpoint\":\"m\",\"width_medium\":\"1-3\"},\"children\":[{\"type\":\"panel\",\"props\":{\"animation\":\"slide-left-medium\",\"content\":\"\n\n<p>Preis pro Person<\\\/p>\\n\n\n<p>Bitte mindestens einen Monat im Voraus anmelden<\\\/p>\\n\n\n<p>F\\u00fchrungen in: Deutsch, Franz\\u00f6sisch, Englisch, Italienisch<\\\/p>\\n\n\n<p><br \\\/>Mindestens 6 Personen<\\\/p>\\n\n\n<p><br \\\/>Dauer ca. 1h30<\\\/p>\",\"content_column_breakpoint\":\"m\",\"height_expand\":true,\"icon\":\"lifesaver\",\"icon_width\":80,\"image\":\"\",\"image_align\":\"top\",\"image_grid_breakpoint\":\"m\",\"image_grid_width\":\"1-2\",\"image_svg_color\":\"emphasis\",\"link\":\"reservation\\\/?visite=Visite%20et%20d\\u00e9gustation%20sans%20ap\\u00e9ro\",\"link_margin\":\"medium\",\"link_style\":\"default\",\"link_text\":\"Anmelden\",\"margin\":\"\",\"meta\":\"25 CHF\",\"meta_align\":\"below-title\",\"meta_element\":\"div\",\"meta_style\":\"heading-small\",\"panel_link\":true,\"panel_padding\":\"large\",\"panel_style\":\"card-default\",\"text_align\":\"center\",\"title\":\"Besuch der Brennerei Degustation\n\nohne Apero\",\"title_align\":\"top\",\"title_element\":\"h3\",\"title_grid_breakpoint\":\"m\",\"title_grid_width\":\"1-2\",\"title_hover_style\":\"reset\",\"title_style\":\"h4\"}}]},{\"type\":\"column\",\"props\":{\"image_position\":\"center-center\",\"position_sticky_breakpoint\":\"m\",\"width_medium\":\"1-3\"},\"children\":[{\"type\":\"panel\",\"props\":{\"animation\":\"slide-bottom-medium\",\"content\":\"\n\n<p>Preis pro Person<\\\/p>\\n\n\n<p>Bitte mindestens einen Monat im Voraus anmelden<\\\/p>\\n\n\n<p><br \\\/>F\\u00fchrungen in: Deutsch, Franz\\u00f6sisch, Englisch, Italienisch<\\\/p>\\n\n\n<p><br \\\/>Mindestens 6 Personen<\\\/p>\\n\n\n<p><br \\\/>Dauer ca. 2h30<\\\/p>\",\"content_column_breakpoint\":\"m\",\"height_expand\":true,\"icon\":\"happy\",\"icon_width\":80,\"image_align\":\"top\",\"image_grid_breakpoint\":\"m\",\"image_grid_width\":\"1-2\",\"image_svg_color\":\"emphasis\",\"link\":\"reservation\\\/?visite=Visite%20et%20d\\u00e9gustation%20avec%20ap\\u00e9ro\",\"link_margin\":\"medium\",\"link_style\":\"secondary\",\"link_text\":\"Anmelden\",\"margin\":\"\",\"meta\":\"32 CHF\",\"meta_align\":\"below-title\",\"meta_element\":\"div\",\"meta_style\":\"heading-small\",\"panel_link\":true,\"panel_padding\":\"large\",\"panel_style\":\"card-primary\",\"text_align\":\"center\",\"title\":\"Besuch der Brennerei  Degustation\n\n Apero aus dem Petit-Val\",\"title_align\":\"top\",\"title_element\":\"h3\",\"title_grid_breakpoint\":\"m\",\"title_grid_width\":\"1-2\",\"title_hover_style\":\"reset\",\"title_style\":\"h4\"}}]},{\"type\":\"column\",\"props\":{\"image_position\":\"center-center\",\"position_sticky_breakpoint\":\"m\",\"vertical_align\":\"middle\",\"width_medium\":\"1-3\"}}]}]},{\"name\":\"Gallery\",\"type\":\"section\",\"props\":{\"animation\":\"fade\",\"height\":\"section\",\"image_position\":\"center-center\",\"padding\":\"small\",\"style\":\"muted\",\"title_breakpoint\":\"xl\",\"title_position\":\"top-left\",\"title_rotation\":\"left\",\"vertical_align\":\"middle\",\"width\":\"default\"},\"children\":[{\"type\":\"row\",\"props\":{\"margin\":\"xlarge\"},\"children\":[{\"type\":\"column\",\"props\":{\"image_position\":\"center-center\",\"position_sticky_breakpoint\":\"m\",\"width_medium\":\"1-1\"},\"children\":[{\"type\":\"gallery\",\"props\":{\"content_transition\":\"slide-bottom-small\",\"filter\":false,\"filter_align\":\"left\",\"filter_all\":true,\"filter_grid_breakpoint\":\"m\",\"filter_grid_width\":\"auto\",\"filter_position\":\"top\",\"filter_style\":\"tab\",\"grid_column_gap\":\"medium\",\"grid_default\":\"2\",\"grid_medium\":\"3\",\"grid_row_gap\":\"medium\",\"grid_small\":\"2\",\"image_width\":\"610\",\"item_animation\":false,\"link_style\":\"default\",\"link_text\":\"\",\"margin\":\"default\",\"meta_align\":\"below-title\",\"meta_element\":\"div\",\"meta_style\":\"text-meta\",\"overlay_hover\":false,\"overlay_link\":true,\"overlay_margin\":\"small\",\"overlay_mode\":\"cover\",\"overlay_padding\":\"large\",\"overlay_position\":\"center\",\"overlay_style\":\"\",\"overlay_transition\":\"fade\",\"parallax_easing\":\"1\",\"show_content\":false,\"show_hover_image\":false,\"show_hover_video\":true,\"show_image2\":true,\"show_link\":false,\"show_meta\":false,\"show_title\":false,\"text_align\":\"center\",\"text_color\":\"\",\"title_decoration\":\"divider\",\"title_element\":\"h2\",\"title_hover_style\":\"reset\",\"title_style\":\"h4\",\"title_transition\":\"slide-top-small\"},\"children\":[{\"type\":\"gallery_item\",\"props\":{\"image\":\"wp-content\\\/uploads\\\/2019\\\/05\\\/RENEE-scaled.jpg\"}},{\"type\":\"gallery_item\",\"props\":{\"image\":\"wp-content\\\/uploads\\\/2020\\\/06\\\/Gagygnole_caveau-7.jpg\"}},{\"type\":\"gallery_item\",\"props\":{\"image\":\"wp-content\\\/uploads\\\/2018\\\/05\\\/DEGUSTATIONWEBSITE-3.jpg\"}},{\"type\":\"gallery_item\",\"props\":{\"image\":\"\"}},{\"type\":\"gallery_item\",\"props\":{\"image\":\"wp-content\\\/uploads\\\/2019\\\/05\\\/RENEE-1-scaled.jpg\"}}]}]}]}]},{\"name\":\"FAQ\",\"type\":\"section\",\"props\":{\"animation\":\"fade\",\"image_position\":\"center-center\",\"image_size\":\"cover\",\"padding\":\"large\",\"style\":\"muted\",\"title_breakpoint\":\"xl\",\"title_position\":\"top-left\",\"title_rotation\":\"left\",\"vertical_align\":\"\",\"width\":\"large\"},\"children\":[{\"type\":\"row\",\"children\":[{\"type\":\"column\",\"children\":[{\"type\":\"headline\",\"props\":{\"content\":\"FAQ\",\"text_align\":\"center\",\"title_element\":\"h2\",\"title_style\":\"h2\"}}],\"props\":{\"image_position\":\"center-center\",\"position_sticky_breakpoint\":\"m\",\"width_medium\":\"1-1\"}}]},{\"type\":\"row\",\"props\":{\"column_gap\":\"large\",\"layout\":\"1-2,1-2\",\"margin\":\"large\",\"row_gap\":\"large\"},\"children\":[{\"type\":\"column\",\"children\":[{\"type\":\"grid\",\"props\":{\"content_column_breakpoint\":\"m\",\"filter_align\":\"left\",\"filter_all\":true,\"filter_grid_breakpoint\":\"m\",\"filter_grid_width\":\"auto\",\"filter_position\":\"top\",\"filter_style\":\"tab\",\"grid_default\":\"1\",\"grid_medium\":\"\",\"icon_width\":80,\"image_align\":\"top\",\"image_grid_breakpoint\":\"m\",\"image_grid_width\":\"1-2\",\"image_svg_color\":\"emphasis\",\"item_animation\":true,\"link_style\":\"default\",\"link_text\":\"Read more\",\"margin\":\"default\",\"meta_align\":\"below-title\",\"meta_element\":\"div\",\"meta_style\":\"text-meta\",\"parallax_easing\":\"1\",\"show_content\":true,\"show_image\":true,\"show_link\":true,\"show_meta\":true,\"show_title\":true,\"title_align\":\"top\",\"title_element\":\"h3\",\"title_grid_breakpoint\":\"m\",\"title_grid_width\":\"1-2\",\"title_hover_style\":\"reset\",\"title_style\":\"h4\"},\"children\":[{\"type\":\"grid_item\",\"props\":{\"content\":\"\n\n<p>Hunde k\\u00f6nnen im Freien angebunden werden. Bei Gagygnole gibt es auch einige Katzen, die ihr Revier verteidigen.<\\\/p>\",\"title\":\"Kann ich meinen Hund mitbringen?\"}},{\"type\":\"grid_item\",\"props\":{\"content\":\"\n\n<p>Gagygnole kann auch zu Ihnen nach Hause kommen, wenn Sie einen besonderen Anlass haben oder einen Aperitif mit guten Produkten trinken m\\u00f6chten. Gagygnole stellt Ihnen gerne unseren Bartender \\\"Lucastuce\\\" zur Verf\\u00fcgung, um Ihnen gute Cocktails zu mixen.<\\\/p>\",\"title\":\"Kann ich Gagygnole mit nach Hause nehmen?\"}}]}],\"props\":{\"image_position\":\"center-center\",\"position_sticky_breakpoint\":\"m\",\"width_medium\":\"1-2\"}},{\"type\":\"column\",\"children\":[{\"type\":\"grid\",\"props\":{\"content_column_breakpoint\":\"m\",\"filter_align\":\"left\",\"filter_all\":true,\"filter_grid_breakpoint\":\"m\",\"filter_grid_width\":\"auto\",\"filter_position\":\"top\",\"filter_style\":\"tab\",\"grid_default\":\"1\",\"grid_medium\":\"\",\"icon_width\":80,\"image_align\":\"top\",\"image_grid_breakpoint\":\"m\",\"image_grid_width\":\"1-2\",\"image_svg_color\":\"emphasis\",\"item_animation\":true,\"link_style\":\"default\",\"link_text\":\"Read more\",\"margin\":\"default\",\"meta_align\":\"below-title\",\"meta_element\":\"div\",\"meta_style\":\"text-meta\",\"parallax_easing\":\"1\",\"show_content\":true,\"show_image\":true,\"show_link\":true,\"show_meta\":true,\"show_title\":true,\"title_align\":\"top\",\"title_element\":\"h3\",\"title_grid_breakpoint\":\"m\",\"title_grid_width\":\"1-2\",\"title_hover_style\":\"reset\",\"title_style\":\"h4\"},\"children\":[{\"type\":\"grid_item\",\"props\":{\"content\":\"\n\n<p>Sie k\\u00f6nnen vor Ort in bar, mit Twint oder mit der Bankkarte bezahlen. Die alte Postcard funktioniert nicht.<\\\/p>\",\"title\":\"Ist es m\\u00f6glich, vor Ort zu bezahlen?\"}},{\"type\":\"grid_item\",\"props\":{\"content\":\"\n\n<p>Gagygnole kann immer eine L\\u00f6sung f\\u00fcr Ihre W\\u00fcnsche finden. Eine Gegenleistung wird von Ihnen verlangt.<\\\/p>\",\"title\":\"Gibt es in Souboz einen Taxiservice?\"}}]}],\"props\":{\"image_position\":\"center-center\",\"position_sticky_breakpoint\":\"m\",\"width_medium\":\"1-2\"}}]}]}],\"version\":\"4.4.4\"} --><\/p>\n","protected":false},"excerpt":{"rendered":"<p>DEGUSTATION IM KELLER GEF\u00dcHRTE TOUR DURCH UNSERE DESTILLIERANLAGE Wir \u00f6ffnen dir unser Hauptquartier, um dir die Welt von Gagygnole n\u00e4her zu bringen. Auf dem Programm steht eine Besichtigung der R\u00e4umlichkeiten und wir stellen Dir unseren Destillierapparat Ren\u00e9e vor und erkl\u00e4ren dir die Produktionstechniken. Und dazu gibt\u2019s sicherlich die eine oder andere lustige Anekdote! Tauche in [&hellip;]<\/p>\n","protected":false},"author":770,"featured_media":0,"parent":0,"menu_order":0,"comment_status":"closed","ping_status":"closed","template":"","meta":{"footnotes":""},"class_list":["post-11525","page","type-page","status-publish","hentry"],"_links":{"self":[{"href":"https:\/\/soubozdrinks.ch\/de\/wp-json\/wp\/v2\/pages\/11525","targetHints":{"allow":["GET"]}}],"collection":[{"href":"https:\/\/soubozdrinks.ch\/de\/wp-json\/wp\/v2\/pages"}],"about":[{"href":"https:\/\/soubozdrinks.ch\/de\/wp-json\/wp\/v2\/types\/page"}],"author":[{"embeddable":true,"href":"https:\/\/soubozdrinks.ch\/de\/wp-json\/wp\/v2\/users\/770"}],"replies":[{"embeddable":true,"href":"https:\/\/soubozdrinks.ch\/de\/wp-json\/wp\/v2\/comments?post=11525"}],"version-history":[{"count":7,"href":"https:\/\/soubozdrinks.ch\/de\/wp-json\/wp\/v2\/pages\/11525\/revisions"}],"predecessor-version":[{"id":18987,"href":"https:\/\/soubozdrinks.ch\/de\/wp-json\/wp\/v2\/pages\/11525\/revisions\/18987"}],"wp:attachment":[{"href":"https:\/\/soubozdrinks.ch\/de\/wp-json\/wp\/v2\/media?parent=11525"}],"curies":[{"name":"wp","href":"https:\/\/api.w.org\/{rel}","templated":true}]}}