{"id":12578,"date":"2023-02-01T09:46:26","date_gmt":"2023-02-01T08:46:26","guid":{"rendered":"https:\/\/gagygnole.ch\/?page_id=12578"},"modified":"2026-02-10T23:21:21","modified_gmt":"2026-02-10T22:21:21","slug":"medaillien","status":"publish","type":"page","link":"https:\/\/soubozdrinks.ch\/de\/accueil-2\/histoire\/medaillien\/","title":{"rendered":"Medaillen"},"content":{"rendered":"<h1>Unsere Medaillen<\/h1>\n<h1>Unsere Medaillen<\/h1>\n<div>\n<p data-start=\"69\" data-end=\"397\">In den letzten zehn Jahren haben unsere Spirituosen fast 40 Auszeichnungen bei nationalen und internationalen Wettbewerben erhalten. Diese Auszeichnungen spiegeln die geduldige Arbeit, den konstanten Anspruch und die Aufmerksamkeit wider, die jedem Produktionsschritt von der Auswahl der Rohstoffe bis zur Abf\u00fcllung gewidmet wird. <\/p>\n<p data-start=\"399\" data-end=\"742\">W\u00e4hrend des letzten Nationalen Spirituosenwettbewerbs, der von Dististix veranstaltet wurde, wurde eine Reihe von Preisen vergeben. <a href=\"https:\/\/distisuisse.ch\/fr\/\" target=\"_blank\" rel=\"noopener\"><span class=\"hover:entity-accent entity-underline inline cursor-pointer align-baseline\"><span class=\"whitespace-normal\">DistiSuisse<\/span><\/span><\/a> (2025\/26) erhielten wir neun Medaillen: zwei in Gold und sieben in Silber. Dieses Ergebnis best\u00e4tigt die Best\u00e4ndigkeit unseres Know-hows und die Anerkennung der Qualit\u00e4t unserer Produkte durch eine unabh\u00e4ngige Jury, die sich aus Fachleuten der Branche zusammensetzt.<\/p>\n<p data-start=\"744\" data-end=\"911\" data-is-last-node=\"\" data-is-only-node=\"\">Diese Auszeichnungen sind kein Endpunkt, sondern eine Ermutigung f\u00fcr uns, unser Engagement f\u00fcr pr\u00e4zise, authentische und regional verwurzelte Spirituosen fortzusetzen.<\/p>\n<\/div>\n<ul>\n<li>\n<p>        <img decoding=\"async\" src=\"\/wp-content\/uploads\/2025\/11\/awards-9-scaled.jpg\" alt=\"\"><\/p>\n<h3>Bio-Sympastis<\/h3>\n<p>oder<\/p>\n<div>\n<p data-start=\"399\" data-end=\"742\">W\u00e4hrend des letzten Nationalen Spirituosenwettbewerbs, der von Dististix veranstaltet wurde, wurde eine Reihe von Preisen vergeben. <a href=\"https:\/\/distisuisse.ch\/fr\/\" target=\"_blank\" rel=\"noopener\"><span class=\"hover:entity-accent entity-underline inline cursor-pointer align-baseline\"><span class=\"whitespace-normal\">DistiSuisse<\/span><\/span><\/a> (2025\/26) erhielten wir neun Medaillen: zwei in Gold und sieben in Silber.<\/p>\n<\/div>\n<\/li>\n<li>\n<p>        <img decoding=\"async\" src=\"\/wp-content\/uploads\/2025\/11\/awards-8-scaled.jpg\" alt=\"\"><\/p>\n<h3>Schweizer Vodka<\/h3>\n<p>oder<\/p>\n<div>\n<p>(noch) nicht zum Verkauf<\/p>\n<\/div>\n<\/li>\n<li>\n<p>        <img decoding=\"async\" src=\"\/wp-content\/uploads\/2025\/11\/awards-4-scaled.jpg\" alt=\"\"><\/p>\n<h3>Woodka Bio<\/h3>\n<p>Silber<\/p>\n<\/li>\n<li>\n<p>        <img decoding=\"async\" src=\"\/wp-content\/uploads\/2025\/11\/awards-6-scaled.jpg\" alt=\"\"><\/p>\n<h3>Fran Gin bio<\/h3>\n<p>Silber<\/p>\n<\/li>\n<li>\n<p>        <img decoding=\"async\" src=\"\/wp-content\/uploads\/2025\/11\/awards-scaled.jpg\" alt=\"\"><\/p>\n<h3>Neun Medaillen<\/h3>\n<p>Gagy gl\u00fccklich<\/p>\n<\/li>\n<li>\n<p>        <img decoding=\"async\" src=\"\/wp-content\/uploads\/2025\/11\/awards-1-scaled.jpg\" alt=\"\"><\/p>\n<h3>Dama Bio-Gin<\/h3>\n<p>Silber<\/p>\n<\/li>\n<li>\n<p>        <img decoding=\"async\" src=\"\/wp-content\/uploads\/2025\/11\/awards-5-scaled.jpg\" alt=\"\"><\/p>\n<h3>Souboz Bio-Gin<\/h3>\n<p>Silber<\/p>\n<\/li>\n<li>\n<p>        <img decoding=\"async\" src=\"\/wp-content\/uploads\/2025\/11\/awards-3-scaled.jpg\" alt=\"\"><\/p>\n<h3>Bio-Mark<\/h3>\n<p>Silber<\/p>\n<div>\n<p>in Zusammenarbeit mit Anne-Claire Schott<\/p>\n<\/div>\n<\/li>\n<li>\n<p>        <img decoding=\"async\" src=\"\/wp-content\/uploads\/2025\/11\/awards-7-scaled.jpg\" alt=\"\"><\/p>\n<h3>Bourbon 20 Meilen<\/h3>\n<p>Silber<\/p>\n<div>\n<p>in Zusammenarbeit mit BLZ<\/p>\n<\/div>\n<\/li>\n<li>\n<p>        <img decoding=\"async\" src=\"\/wp-content\/uploads\/2025\/11\/awards-2-scaled.jpg\" alt=\"\"><\/p>\n<h3>Negroni<\/h3>\n<p>Silber<\/p>\n<\/li>\n<\/ul>\n<ul>\n<li>\n        <a href=\"https:\/\/soubozdrinks.ch\/de\/kategorie\/schnaps\/\">Shop mit Alkohol<\/a>\n    <\/li>\n<li>\n        <a href=\"https:\/\/soubozdrinks.ch\/de\/kategorie\/sans-alcool-de\/\">Alkoholfreier Shop<\/a>\n    <\/li>\n<\/ul>\n<p><!--more--><br \/>\n<!-- {\"type\":\"layout\",\"children\":[{\"name\":\"TITRES\",\"type\":\"section\",\"props\":{\"animation\":\"fade\",\"image_fixed\":false,\"image_position\":\"top-left\",\"padding\":\"large\",\"padding_remove_bottom\":true,\"style\":\"default\",\"title_breakpoint\":\"xl\",\"title_position\":\"top-left\",\"title_rotation\":\"left\",\"vertical_align\":\"\",\"width\":\"default\"},\"children\":[{\"type\":\"row\",\"props\":{\"margin\":\"xlarge\"},\"children\":[{\"type\":\"column\",\"props\":{\"image_position\":\"center-center\",\"position_sticky_breakpoint\":\"m\",\"width_medium\":\"1-1\"},\"children\":[{\"type\":\"headline\",\"props\":{\"content\":\"Nos m\\u00e9dailles\",\"text_align\":\"left\",\"title_element\":\"h1\",\"title_style\":\"heading-xlarge\",\"visibility\":\"m\"}},{\"type\":\"headline\",\"props\":{\"content\":\"Nos m\\u00e9dailles\",\"text_align\":\"left\",\"title_element\":\"h1\",\"title_style\":\"h2\",\"visibility\":\"hidden-m\"}}]}]}]},{\"name\":\"Hero\",\"type\":\"section\",\"props\":{\"image_position\":\"center-center\",\"padding\":\"large\",\"padding_remove_bottom\":false,\"padding_remove_top\":false,\"style\":\"default\",\"title_breakpoint\":\"xl\",\"title_position\":\"top-left\",\"title_rotation\":\"left\",\"vertical_align\":\"\",\"width\":\"default\"},\"children\":[{\"type\":\"row\",\"props\":{\"layout\":\"1-2,1-2\"},\"children\":[{\"type\":\"column\",\"props\":{\"image_position\":\"center-center\",\"position_sticky_breakpoint\":\"m\",\"width_medium\":\"1-2\"},\"children\":[{\"type\":\"text\",\"props\":{\"column_breakpoint\":\"m\",\"content\":\"\n\n<p data-start=\\\"69\\\" data-end=\\\"397\\\">Au cours des dix derni\\u00e8res ann\\u00e9es, nos spiritueux ont \\u00e9t\\u00e9 distingu\\u00e9s \\u00e0 pr\\u00e8s de 40 reprises lors de concours nationaux et internationaux. Ces r\\u00e9compenses refl\\u00e8tent un travail patient, une exigence constante et une attention port\\u00e9e \\u00e0 chaque \\u00e9tape de production, de la s\\u00e9lection des mati\\u00e8res premi\\u00e8res jusqu\\u2019\\u00e0 la mise en bouteille.<\\\/p>\\n\n\n<p data-start=\\\"399\\\" data-end=\\\"742\\\">Lors du dernier Concours national des spiritueux organis\\u00e9 par <a href=\\\"https:\\\/\\\/distisuisse.ch\\\/fr\\\/\\\"><span class=\\\"hover:entity-accent entity-underline inline cursor-pointer align-baseline\\\"><span class=\\\"whitespace-normal\\\">DistiSuisse<\\\/span><\\\/span><\\\/a> (2025\\\/26), nous avons obtenu neuf m\\u00e9dailles : deux en or et sept en argent. Ce r\\u00e9sultat confirme la r\\u00e9gularit\\u00e9 de notre savoir-faire et la reconnaissance de la qualit\\u00e9 de nos produits par un jury ind\\u00e9pendant compos\\u00e9 de sp\\u00e9cialistes du secteur.<\\\/p>\\n\n\n<p data-start=\\\"744\\\" data-end=\\\"911\\\" data-is-last-node=\\\"\\\" data-is-only-node=\\\"\\\">Ces distinctions ne sont pas une finalit\\u00e9, mais un encouragement \\u00e0 poursuivre notre engagement pour des spiritueux pr\\u00e9cis, authentiques et ancr\\u00e9s dans leur territoire.<\\\/p>\",\"margin\":\"default\"}}]},{\"type\":\"column\",\"props\":{\"image_position\":\"center-center\",\"position_sticky_breakpoint\":\"m\",\"width_medium\":\"1-2\"}}]}]},{\"name\":\"Hero\",\"type\":\"section\",\"props\":{\"image_position\":\"center-center\",\"padding_remove_top\":true,\"style\":\"default\",\"title\":\"NOTRE PREMI\\u00c8RE M\\u00c9DAILLE EN 2017\",\"title_breakpoint\":\"xl\",\"title_position\":\"center-left\",\"title_rotation\":\"left\",\"vertical_align\":\"\",\"width\":\"default\"},\"children\":[{\"type\":\"row\",\"children\":[{\"type\":\"column\",\"props\":{\"image_position\":\"center-center\",\"position_sticky_breakpoint\":\"m\"},\"children\":[{\"type\":\"gallery\",\"props\":{\"filter_align\":\"left\",\"filter_all\":true,\"filter_grid_breakpoint\":\"m\",\"filter_grid_width\":\"auto\",\"filter_position\":\"top\",\"filter_style\":\"tab\",\"grid_default\":\"1\",\"grid_medium\":\"3\",\"item_animation\":true,\"link_style\":\"default\",\"link_text\":\"Read more\",\"margin\":\"default\",\"meta_align\":\"below-title\",\"meta_element\":\"div\",\"meta_style\":\"text-meta\",\"overlay_hover\":true,\"overlay_mode\":\"cover\",\"overlay_position\":\"center\",\"overlay_style\":\"overlay-primary\",\"overlay_transition\":\"fade\",\"show_content\":true,\"show_hover_image\":true,\"show_hover_video\":true,\"show_link\":true,\"show_meta\":true,\"show_title\":true,\"text_align\":\"center\",\"text_color\":\"light\",\"title_element\":\"h3\",\"title_hover_style\":\"reset\"},\"children\":[{\"type\":\"gallery_item\",\"props\":{\"content\":\"\n\n<p data-start=\\\"399\\\" data-end=\\\"742\\\">Lors du dernier Concours national des spiritueux organis\\u00e9 par <a href=\\\"https:\\\/\\\/distisuisse.ch\\\/fr\\\/\\\"><span class=\\\"hover:entity-accent entity-underline inline cursor-pointer align-baseline\\\"><span class=\\\"whitespace-normal\\\">DistiSuisse<\\\/span><\\\/span><\\\/a> (2025\\\/26), nous avons obtenu neuf m\\u00e9dailles : deux en or et sept en argent.<\\\/p>\",\"image\":\"wp-content\\\/uploads\\\/2025\\\/11\\\/awards-9-scaled.jpg\",\"meta\":\"or\",\"title\":\"Sympastis bio\"}},{\"type\":\"gallery_item\",\"props\":{\"content\":\"\n\n<p>pas (encore) en vente<\\\/p>\",\"image\":\"wp-content\\\/uploads\\\/2025\\\/11\\\/awards-8-scaled.jpg\",\"meta\":\"or\",\"title\":\"Schweizer vodka suisse\"}},{\"type\":\"gallery_item\",\"props\":{\"image\":\"wp-content\\\/uploads\\\/2025\\\/11\\\/awards-4-scaled.jpg\",\"meta\":\"argent\",\"title\":\"Woodka bio\"}},{\"type\":\"gallery_item\",\"props\":{\"image\":\"wp-content\\\/uploads\\\/2025\\\/11\\\/awards-6-scaled.jpg\",\"meta\":\"argent\",\"title\":\"Fran Gin bio\"}},{\"type\":\"gallery_item\",\"props\":{\"image\":\"wp-content\\\/uploads\\\/2025\\\/11\\\/awards-scaled.jpg\",\"meta\":\"Gagy heureux\",\"title\":\"Neuf m\\u00e9dailles\"}},{\"type\":\"gallery_item\",\"props\":{\"image\":\"wp-content\\\/uploads\\\/2025\\\/11\\\/awards-1-scaled.jpg\",\"meta\":\"argent\",\"title\":\"Dama gin bio\"}},{\"type\":\"gallery_item\",\"props\":{\"image\":\"wp-content\\\/uploads\\\/2025\\\/11\\\/awards-5-scaled.jpg\",\"meta\":\"argent\",\"title\":\"Souboz gin bio\"}},{\"type\":\"gallery_item\",\"props\":{\"content\":\"\n\n<p>en collab avec Anne-Claire Schott<\\\/p>\",\"image\":\"wp-content\\\/uploads\\\/2025\\\/11\\\/awards-3-scaled.jpg\",\"meta\":\"argent\",\"title\":\"Le Marc bio\"}},{\"type\":\"gallery_item\",\"props\":{\"content\":\"\n\n<p>en collab avec BLZ<\\\/p>\",\"image\":\"wp-content\\\/uploads\\\/2025\\\/11\\\/awards-7-scaled.jpg\",\"meta\":\"argent\",\"title\":\"Bourbon 20 Miles\"}},{\"type\":\"gallery_item\",\"props\":{\"content\":\"\",\"image\":\"wp-content\\\/uploads\\\/2025\\\/11\\\/awards-2-scaled.jpg\",\"meta\":\"argent\",\"title\":\"Negroni\"}}]}]}]}]},{\"type\":\"section\",\"props\":{\"image_position\":\"center-center\",\"style\":\"default\",\"title_breakpoint\":\"xl\",\"title_position\":\"top-left\",\"title_rotation\":\"left\",\"vertical_align\":\"middle\",\"width\":\"default\"},\"children\":[{\"type\":\"row\",\"children\":[{\"type\":\"column\",\"props\":{\"image_position\":\"center-center\",\"position_sticky_breakpoint\":\"m\"},\"children\":[{\"type\":\"button\",\"props\":{\"grid_column_gap\":\"small\",\"grid_row_gap\":\"small\",\"margin\":\"default\"},\"children\":[{\"type\":\"button_item\",\"props\":{\"button_style\":\"default\",\"content\":\"Shop avec alcool\",\"icon_align\":\"left\",\"link\":\"\\\/categorie\\\/spiritueux\\\/\"}},{\"type\":\"button_item\",\"props\":{\"button_style\":\"default\",\"content\":\"Shop sans alcool\",\"icon_align\":\"left\",\"link\":\"\\\/categorie\\\/sans-alcool\\\/\"}}]}]}]}]}],\"version\":\"4.4.4\"} --><\/p>\n","protected":false},"excerpt":{"rendered":"<p>Unsere Medaillen Unsere Medaillen In den letzten zehn Jahren haben unsere Spirituosen fast 40 Auszeichnungen bei nationalen und internationalen Wettbewerben erhalten. Diese Auszeichnungen spiegeln die geduldige Arbeit, den konstanten Anspruch und die Aufmerksamkeit wider, die jedem Produktionsschritt von der Auswahl der Rohstoffe bis zur Abf\u00fcllung gewidmet wird. W\u00e4hrend des letzten Nationalen Spirituosenwettbewerbs, der von Dististix [&hellip;]<\/p>\n","protected":false},"author":770,"featured_media":19054,"parent":1479,"menu_order":2,"comment_status":"closed","ping_status":"closed","template":"","meta":{"footnotes":""},"class_list":["post-12578","page","type-page","status-publish","has-post-thumbnail","hentry"],"_links":{"self":[{"href":"https:\/\/soubozdrinks.ch\/de\/wp-json\/wp\/v2\/pages\/12578","targetHints":{"allow":["GET"]}}],"collection":[{"href":"https:\/\/soubozdrinks.ch\/de\/wp-json\/wp\/v2\/pages"}],"about":[{"href":"https:\/\/soubozdrinks.ch\/de\/wp-json\/wp\/v2\/types\/page"}],"author":[{"embeddable":true,"href":"https:\/\/soubozdrinks.ch\/de\/wp-json\/wp\/v2\/users\/770"}],"replies":[{"embeddable":true,"href":"https:\/\/soubozdrinks.ch\/de\/wp-json\/wp\/v2\/comments?post=12578"}],"version-history":[{"count":17,"href":"https:\/\/soubozdrinks.ch\/de\/wp-json\/wp\/v2\/pages\/12578\/revisions"}],"predecessor-version":[{"id":19561,"href":"https:\/\/soubozdrinks.ch\/de\/wp-json\/wp\/v2\/pages\/12578\/revisions\/19561"}],"up":[{"embeddable":true,"href":"https:\/\/soubozdrinks.ch\/de\/wp-json\/wp\/v2\/pages\/1479"}],"wp:featuredmedia":[{"embeddable":true,"href":"https:\/\/soubozdrinks.ch\/de\/wp-json\/wp\/v2\/media\/19054"}],"wp:attachment":[{"href":"https:\/\/soubozdrinks.ch\/de\/wp-json\/wp\/v2\/media?parent=12578"}],"curies":[{"name":"wp","href":"https:\/\/api.w.org\/{rel}","templated":true}]}}