{"id":1312,"date":"2019-08-18T10:50:09","date_gmt":"2019-08-18T08:50:09","guid":{"rendered":"https:\/\/new.gagygnole.ch\/?page_id=1312"},"modified":"2026-02-10T17:25:34","modified_gmt":"2026-02-10T16:25:34","slug":"accueil-2","status":"publish","type":"page","link":"https:\/\/soubozdrinks.ch\/de\/","title":{"rendered":"Startseite"},"content":{"rendered":"<h1>Um besser zu trinken<\/h1>\n<h1>Um besser zu trinken<\/h1>\n<p><img decoding=\"async\" src=\"\/wp-content\/uploads\/2024\/12\/33_sodachasseral_web.png\" alt=\"Meba bon Soda chasseral\"><br \/>\n<img decoding=\"async\" src=\"\/wp-content\/uploads\/2024\/12\/33_sodachasseral_web.png\" alt=\"Meba bon Soda chasseral\"><\/p>\n<h3>Gesundheit<\/h3>\n<div>\n<p>Wir sind drei Br\u00fcder und produzieren handwerklich hergestellte Getr\u00e4nke in Souboz, dem kleinen Dorf, in dem wir aufgewachsen sind, im Herzen des Berner Jura.<\/p>\n<p>Wir bringen die Natur und das Terroir unserer Region in Flaschen, mit einem ehrlichen, aufrichtigen Geschmack, der gut ankommt, wie man bei uns sagt.<\/p>\n<p>Wir kreieren sowohl alkoholische als auch nicht-alkoholische Getr\u00e4nke, so dass auch Sie Ihren Geschmack treffen k\u00f6nnen.  <\/p>\n<\/p>\n<\/div>\n<div>\n<p>        <img decoding=\"async\" src=\"\/wp-content\/uploads\/2024\/12\/soubozginsite.png\" alt=\"\"><\/p>\n<h2>Bio-Spirituosen &amp; Cocktails<br \/><\/h2>\n<p><a href=\"https:\/\/soubozdrinks.ch\/de\/kategorie\/schnaps\/\">Ich m\u00f6chte<\/a><\/p>\n<\/div>\n<div>\n<p>        <img decoding=\"async\" src=\"\/wp-content\/uploads\/2026\/01\/icetea.png\" alt=\"kalter Tee bio souboz drinks<br \/>&#8222;><\/p>\n<h2>Nat\u00fcrliche Sodas &amp; Sirupe<\/h2>\n<p><a href=\"https:\/\/soubozdrinks.ch\/de\/kategorie\/sans-alcool-de\/\">Ich m\u00f6chte<\/a><\/p>\n<\/div>\n<h2>Express-Lieferung<\/h2>\n<h3>In der gesamten Schweiz<\/h3>\n<div>\n<p>Weil Souboz ein bisschen weit weg von der Welt ist, werden Sie dank der Post direkt nach Hause geliefert. Zu einfach.   <\/p>\n<\/div>\n<p><video src=\"\/wp-content\/uploads\/2025\/02\/accueil_campo.mp4\" poster=\"\"><\/video><\/p>\n<h2>Lokale Drinks<br \/><\/h2>\n<h3><\/p>\n<div><strong data-start=\"796\" data-end=\"840\">hausgemacht mit Leidenschaft<\/strong><\/div>\n<\/h3>\n<div>\n<p>Wir bauen unsere eigenen Zutaten auf unseren Feldern biologisch an. Wir sind Landwirte und verwandeln die Erde unserer Vorfahren in mega gute Getr\u00e4nke.   <\/p>\n<\/div>\n<p>\n    <a href=\"https:\/\/soubozdrinks.ch\/de\/accueil-2\/histoire\/botanicals\/\">Entdecken Sie unseren Garten<\/a>\n<\/p>\n<div>In der Familie<\/div>\n<h3><\/h3>\n<p data-start=\"759\" data-end=\"932\" class=\"\">vereint wie drei Finger an einer Hand<\/p>\n<blockquote data-start=\"934\" data-end=\"1132\"><\/blockquote>\n<div>\n<p>Wir sind Gagy, Luca und Tim, drei Br\u00fcder, die den guten Geschmack lieben. Wir haben unser Unternehmen im Jahr 2014 gegr\u00fcndet. Heute sind wir immer noch da, mit ein paar grauen Haaren, aber immer noch voller Lust.  <\/p>\n<\/div>\n<p>\n    <a href=\"https:\/\/soubozdrinks.ch\/de\/accueil-2\/histoire\/\">Geschichte<\/a>\n<\/p>\n<p><img decoding=\"async\" src=\"\/wp-content\/uploads\/2025\/02\/frangins-scaled.jpg\" alt=\"Gr\u00fcnder von Souboz Drinks\"><\/p>\n<div>Mit Geschmack<\/div>\n<h3><strong data-start=\"843\" data-end=\"888\">Wir f\u00fcllen Qualit\u00e4t in Flaschen ab<\/strong><\/h3>\n<div>\n<p>Wir kreieren nat\u00fcrliche und ehrliche Getr\u00e4nke, die vor allem eines wollen: Ihnen Freude bereiten. Wir schummeln nicht mit Geschmacksverst\u00e4rkern oder anderen Junkfoods. Wir w\u00e4hlen die besten Zutaten, denn du verdienst nur das Beste.  <\/p>\n<\/div>\n<p>\n    <a href=\"https:\/\/soubozdrinks.ch\/de\/accueil-2\/histoire\/medaillien\/\">Medaillen<\/a>\n<\/p>\n<p><video src=\"\/wp-content\/uploads\/2024\/07\/Sequence-02.mp4\" poster=\"\"><\/video><\/p>\n<ul>\n<li>\n        <a href=\"https:\/\/soubozdrinks.ch\/de\/kategorie\/sans-alcool-de\/\">Ohne Alkohol<\/a>\n    <\/li>\n<li>\n        <a href=\"https:\/\/soubozdrinks.ch\/de\/kategorie\/schnaps\/\">Spirituosen<\/a>\n    <\/li>\n<li>\n        <a href=\"https:\/\/soubozdrinks.ch\/de\/accueil-2\/histoire\/botanicals\/\">Besuchen Sie unseren Garten<\/a>\n    <\/li>\n<li>\n        <a href=\"https:\/\/soubozdrinks.ch\/de\/accueil-2\/kontakt\/\">Kontakt<\/a>\n    <\/li>\n<li>\n        <a href=\"\/accueil\/ginsuremesure\/\">Ma\u00dfgeschneidertes Getr\u00e4nk<\/a>\n    <\/li>\n<\/ul>\n<p><!--more--><br \/>\n<!-- {\"name\":\"Home\",\"type\":\"layout\",\"children\":[{\"type\":\"section\",\"props\":{\"image_position\":\"center-center\",\"padding_remove_top\":false,\"style\":\"default\",\"title_breakpoint\":\"xl\",\"title_position\":\"top-left\",\"title_rotation\":\"left\",\"vertical_align\":\"middle\",\"width\":\"default\"},\"children\":[{\"type\":\"row\",\"children\":[{\"type\":\"column\",\"props\":{\"image_position\":\"center-center\",\"position_sticky_breakpoint\":\"m\",\"width_medium\":\"2-3\"},\"children\":[{\"type\":\"headline\",\"props\":{\"content\":\"Pour boire mieux\",\"margin\":\"medium\",\"maxwidth\":\"medium\",\"text_align\":\"left\",\"title_element\":\"h1\",\"title_style\":\"heading-3xlarge\",\"visibility\":\"m\"}},{\"type\":\"headline\",\"props\":{\"animation\":\"none\",\"blend\":false,\"content\":\"Pour boire mieux\",\"margin\":\"default\",\"title_element\":\"h1\",\"title_style\":\"heading-2xlarge\",\"visibility\":\"hidden-l\"}}]},{\"type\":\"column\",\"props\":{\"image_position\":\"center-center\",\"position_sticky_breakpoint\":\"m\",\"width_medium\":\"1-3\"},\"children\":[{\"type\":\"image\",\"props\":{\"animation\":\"parallax\",\"image\":\"wp-content\\\/uploads\\\/2024\\\/12\\\/33_sodachasseral_web.png\",\"image_alt\":\"Meba bon soda chasseral\",\"image_height\":1200,\"image_svg_color\":\"emphasis\",\"margin\":\"default\",\"parallax_scale\":\"2\",\"parallax_x\":\"0\",\"parallax_y\":\"600\",\"visibility\":\"s\"}},{\"type\":\"image\",\"props\":{\"image\":\"wp-content\\\/uploads\\\/2024\\\/12\\\/33_sodachasseral_web.png\",\"image_alt\":\"Meba bon soda chasseral\",\"image_svg_color\":\"emphasis\",\"margin\":\"default\",\"visibility\":\"hidden-l\"}}]}],\"props\":{\"layout\":\"2-3,1-3\"}}]},{\"type\":\"section\",\"props\":{\"image_position\":\"center-center\",\"style\":\"default\",\"title_breakpoint\":\"xl\",\"title_position\":\"top-left\",\"title_rotation\":\"left\",\"vertical_align\":\"middle\",\"width\":\"default\"},\"children\":[{\"type\":\"row\",\"children\":[{\"type\":\"column\",\"props\":{\"image_position\":\"center-center\",\"position_sticky_breakpoint\":\"m\"},\"children\":[{\"type\":\"headline\",\"props\":{\"animation\":\"none\",\"content\":\"Sant\\u00e9\",\"margin\":\"medium\",\"margin_remove_bottom\":false,\"margin_remove_top\":false,\"title_color\":\"primary\",\"title_element\":\"h3\"}}]}]},{\"type\":\"row\",\"props\":{\"height\":\"pixels\",\"layout\":\"1-2,1-2\"},\"children\":[{\"type\":\"column\",\"props\":{\"image_position\":\"center-center\",\"position_sticky_breakpoint\":\"m\",\"width_medium\":\"1-2\"},\"children\":[{\"type\":\"text\",\"props\":{\"column_breakpoint\":\"m\",\"content\":\"\n\n<p>Nous sommes trois fr\\u00e8res et produisons des boissons artisanales \\u00e0 Souboz, le petit village o\\u00f9 nous avons grandi, au c\\u0153ur du Jura bernois<\\\/p>\\n\n\n<p>Nous mettons en bouteille la nature et le terroir de notre r\\u00e9gion avec des go\\u00fbts sinc\\u00e8res, honn\\u00eates\\u00a0 qui vont droit bien, comme on dit chez nous.<\\\/p>\\n\n\n<p>Nous cr\\u00e9ons des boissons avec et sans alcool afin que tu puisses trouver ton bonheur.\\u00a0<\\\/p>\\n\n\n<p><\\\/p>\\n\n\n<p><\\\/p>\",\"margin\":\"default\"}}]},{\"type\":\"column\",\"props\":{\"image_position\":\"center-center\",\"position_sticky_breakpoint\":\"m\",\"width_medium\":\"1-2\"}}]}]},{\"type\":\"section\",\"props\":{\"image_position\":\"center-center\",\"padding\":\"small\",\"style\":\"default\",\"title_breakpoint\":\"xl\",\"title_position\":\"top-left\",\"title_rotation\":\"left\",\"vertical_align\":\"middle\",\"width\":\"default\"},\"children\":[{\"type\":\"row\",\"props\":{\"layout\":\"1-2,1-2\",\"margin\":\"default\",\"row_gap\":\"large\"},\"children\":[{\"type\":\"column\",\"props\":{\"image_position\":\"center-center\",\"position_sticky_breakpoint\":\"m\",\"width_medium\":\"1-2\"},\"children\":[{\"type\":\"overlay\",\"props\":{\"animation\":\"none\",\"content\":\"\",\"image\":\"wp-content\\\/uploads\\\/2024\\\/12\\\/soubozginsite.png\",\"image_transition\":\"scale-up\",\"image_transition_border\":false,\"image_width\":\"840\",\"link\":\"\\\/categorie\\\/spiritueux\\\/\",\"link_margin\":\"small\",\"link_size\":\"large\",\"link_style\":\"text\",\"link_text\":\"je veux\",\"margin\":\"default\",\"margin_remove_top\":false,\"meta\":\"\",\"meta_align\":\"below-title\",\"meta_element\":\"div\",\"meta_style\":\"text-meta\",\"overlay_hover\":false,\"overlay_link\":false,\"overlay_mode\":\"cover\",\"overlay_padding\":\"large\",\"overlay_position\":\"top\",\"overlay_style\":\"\",\"overlay_transition\":\"fade\",\"parallax_blur\":\"0 70%,100\",\"parallax_breakpoint\":\"s\",\"parallax_easing\":\"0.1\",\"parallax_opacity\":\"1 70%,0\",\"parallax_start\":\"68vh\",\"parallax_target\":\"!.uk-section\",\"parallax_x\":\"100vw,0,0,-100vw\",\"parallax_y\":\"0 68%,-1200\",\"text_align\":\"center\",\"text_color\":\"light\",\"title\":\"Spiritueux & cocktails bio\",\"title_element\":\"h2\",\"title_hover_style\":\"reset\",\"title_style\":\"h2\"}}]},{\"type\":\"column\",\"props\":{\"image_position\":\"center-center\",\"position_sticky_breakpoint\":\"m\",\"width_medium\":\"1-2\"},\"children\":[{\"type\":\"overlay\",\"props\":{\"animation\":\"none\",\"attributes\":\"\\u00a8\",\"content\":\"\",\"image\":\"wp-content\\\/uploads\\\/2026\\\/01\\\/icetea.png\",\"image_alt\":\"th\\u00e9 froid bio souboz drinks\",\"image_transition\":\"scale-up\",\"image_transition_border\":false,\"image_width\":\"840\",\"link\":\"\\\/categorie\\\/sans-alcool\\\/\",\"link_margin\":\"small\",\"link_size\":\"large\",\"link_style\":\"text\",\"link_text\":\"Je veux\",\"margin\":\"default\",\"meta\":\"\",\"meta_align\":\"below-title\",\"meta_element\":\"div\",\"meta_style\":\"text-meta\",\"overlay_hover\":false,\"overlay_link\":true,\"overlay_mode\":\"cover\",\"overlay_padding\":\"large\",\"overlay_position\":\"top\",\"overlay_style\":\"\",\"overlay_transition\":\"fade\",\"parallax_blur\":\"0 70%,100\",\"parallax_breakpoint\":\"s\",\"parallax_opacity\":\"1 70%,0\",\"parallax_start\":\"62vh\",\"parallax_target\":\"!.uk-section\",\"parallax_x\":\"100vw,0,0,-100vw\",\"parallax_y\":\"0 68%,-1200\",\"text_align\":\"center\",\"text_color\":\"light\",\"title\":\"Sodas & sirops naturels\",\"title_element\":\"h2\",\"title_hover_style\":\"reset\",\"title_style\":\"h2\"}}]}]}]},{\"type\":\"section\",\"props\":{\"image_position\":\"center-center\",\"style\":\"default\",\"title_breakpoint\":\"xl\",\"title_position\":\"top-left\",\"title_rotation\":\"left\",\"vertical_align\":\"middle\",\"width\":\"large\"},\"children\":[{\"type\":\"row\",\"props\":{\"width\":\"default\"},\"children\":[{\"type\":\"column\",\"props\":{\"image_position\":\"center-center\",\"position_sticky_breakpoint\":\"m\"},\"children\":[{\"type\":\"headline\",\"props\":{\"animation\":\"none\",\"content\":\"Livraison express\",\"margin\":\"default\",\"margin_remove_top\":false,\"maxwidth\":\"xlarge\",\"title_element\":\"h2\",\"title_style\":\"heading-large\"}},{\"type\":\"headline\",\"props\":{\"animation\":\"none\",\"content\":\"Dans toute la Suisse\",\"margin\":\"medium\",\"margin_remove_bottom\":true,\"margin_remove_top\":true,\"title_color\":\"primary\",\"title_element\":\"h3\"}}]}]},{\"type\":\"row\",\"props\":{\"layout\":\"1-2,1-2\",\"width\":\"default\"},\"children\":[{\"type\":\"column\",\"props\":{\"image_position\":\"center-center\",\"position_sticky_breakpoint\":\"m\",\"width_medium\":\"1-2\"},\"children\":[{\"type\":\"text\",\"props\":{\"column_breakpoint\":\"m\",\"content\":\"\n\n<p>Car Souboz c'est un peu loin du monde, on te livre directement chez toi gr\\u00e2ce \\u00e0 la poste. Trop facile.\\u00a0<\\\/p>\",\"margin\":\"default\"}}]},{\"type\":\"column\",\"props\":{\"image_position\":\"center-center\",\"position_sticky_breakpoint\":\"m\",\"width_medium\":\"1-2\"}}]}]},{\"name\":\"About\",\"type\":\"section\",\"props\":{\"animation\":\"fade\",\"animation_delay\":\"200\",\"height_viewport\":120,\"image_effect\":\"parallax\",\"image_parallax_bgx\":\"-50,110\",\"image_parallax_easing\":\"1\",\"image_position\":\"center-center\",\"image_size\":\"cover\",\"media_overlay\":\"rgba(255, 255, 255, 0.84)\",\"padding\":\"large\",\"padding_remove_bottom\":false,\"padding_remove_top\":false,\"style\":\"default\",\"title\":\"Sans greenwashing\",\"title_breakpoint\":\"xl\",\"title_position\":\"center-right\",\"title_rotation\":\"left\",\"vertical_align\":\"middle\",\"width\":\"default\"},\"children\":[{\"type\":\"row\",\"props\":{\"column_gap\":\"large\",\"layout\":\"1-2,1-2\",\"row_gap\":\"large\"},\"children\":[{\"type\":\"column\",\"props\":{\"image_position\":\"center-center\",\"position_sticky_breakpoint\":\"m\",\"width_medium\":\"1-2\"},\"children\":[{\"type\":\"video\",\"props\":{\"animation\":\"none\",\"blend\":false,\"margin\":\"default\",\"maxwidth\":\"2xlarge\",\"video\":\"wp-content\\\/uploads\\\/2025\\\/02\\\/accueil_campo.mp4\",\"video_autoplay\":true,\"video_controls\":false,\"video_loop\":true,\"video_muted\":true,\"video_playsinline\":true,\"video_width\":\"600\"}}]},{\"type\":\"column\",\"props\":{\"image_position\":\"center-center\",\"position_sticky_breakpoint\":\"m\",\"width_medium\":\"1-2\"},\"children\":[{\"type\":\"headline\",\"props\":{\"animation\":\"none\",\"content\":\"Des drinks<br \\\/>locales\",\"margin\":\"default\",\"margin_remove_top\":false,\"maxwidth\":\"xlarge\",\"title_element\":\"h2\",\"title_style\":\"heading-large\"}},{\"type\":\"headline\",\"props\":{\"animation\":\"none\",\"content\":\"<br \\\/>\\n\n\n<div><strong data-start=\\\"796\\\" data-end=\\\"840\\\">faites maison avec passion<\\\/strong><\\\/div>\",\"margin\":\"medium\",\"margin_remove_bottom\":true,\"margin_remove_top\":true,\"title_color\":\"primary\",\"title_element\":\"h3\"}},{\"type\":\"text\",\"props\":{\"column_breakpoint\":\"m\",\"content\":\"\n\n<p>Nous cultivons nos propres ingr\\u00e9dients dans nos champs, en bio. Nous sommes des agriculteurs et transformons la terre de nos anc\\u00eatres en boissons m\\u00e9ga bonnes.\\u00a0<\\\/p>\",\"margin\":\"default\"}},{\"type\":\"button\",\"props\":{\"animation\":\"none\",\"grid_column_gap\":\"small\",\"grid_row_gap\":\"medium\",\"margin\":\"medium\",\"margin_remove_top\":false,\"text_align\":\"left\"},\"children\":[{\"type\":\"button_item\",\"props\":{\"button_style\":\"default\",\"content\":\"D\\u00e9couvre notre jardin\",\"icon_align\":\"left\",\"link\":\"https:\\\/\\\/soubozdrinks.ch\\\/accueil\\\/a-propos\\\/ingredients-bio\\\/\",\"link_title\":\"Notre jardin\"}}]}]}]}]},{\"name\":\"About\",\"type\":\"section\",\"props\":{\"animation\":\"fade\",\"animation_delay\":\"200\",\"height_viewport\":120,\"image_effect\":\"parallax\",\"image_parallax_bgx\":\"-50,110\",\"image_parallax_easing\":\"1\",\"image_position\":\"center-center\",\"image_size\":\"cover\",\"media_overlay\":\"rgba(255, 255, 255, 0.84)\",\"padding_remove_bottom\":false,\"padding_remove_top\":false,\"style\":\"default\",\"title\":\"Sans greenwashing\",\"title_breakpoint\":\"xl\",\"title_position\":\"center-right\",\"title_rotation\":\"left\",\"vertical_align\":\"middle\",\"width\":\"default\"},\"children\":[{\"type\":\"row\",\"props\":{\"column_gap\":\"large\",\"layout\":\"1-2,1-2\",\"row_gap\":\"large\"},\"children\":[{\"type\":\"column\",\"props\":{\"image_position\":\"center-center\",\"position_sticky_breakpoint\":\"m\",\"width_medium\":\"1-2\"},\"children\":[{\"type\":\"headline\",\"props\":{\"animation\":\"none\",\"content\":\"En famille\",\"margin\":\"default\",\"margin_remove_top\":true,\"maxwidth\":\"2xlarge\",\"maxwidth_breakpoint\":\"l\",\"text_align\":\"left\",\"title_element\":\"div\",\"title_style\":\"heading-large\"}},{\"type\":\"headline\",\"props\":{\"animation\":\"none\",\"content\":\"\n\n<p data-start=\\\"759\\\" data-end=\\\"932\\\" class=\\\"\\\">unis comme les trois doigts de la main<\\\/p>\\n\n\n<blockquote data-start=\\\"934\\\" data-end=\\\"1132\\\"><\\\/blockquote>\",\"margin_remove_bottom\":true,\"margin_remove_top\":true,\"title_color\":\"primary\",\"title_element\":\"h3\"}},{\"type\":\"text\",\"props\":{\"column_breakpoint\":\"m\",\"content\":\"\n\n<p>Nous sommes Gagy, Luca et Tim, trois fr\\u00e8res amoureux du bon go\\u00fbt. Nous avons fond\\u00e9 notre entreprise en 2014. Aujourd'hui, on est toujours l\\u00e0, avec quelques poils gris mais toujours autant d'envie.<\\\/p>\",\"margin\":\"default\"}},{\"type\":\"button\",\"props\":{\"animation\":\"none\",\"grid_column_gap\":\"small\",\"grid_row_gap\":\"medium\",\"margin\":\"large\",\"margin_remove_top\":false,\"maxwidth\":\"small\",\"text_align\":\"left\"},\"children\":[{\"type\":\"button_item\",\"props\":{\"button_style\":\"default\",\"content\":\"Histoire\",\"icon_align\":\"left\",\"link\":\"https:\\\/\\\/soubozdrinks.ch\\\/accueil\\\/a-propos\\\/\",\"link_title\":\"\\u00e0 propos\"}}]}]},{\"type\":\"column\",\"props\":{\"image_position\":\"center-center\",\"position_sticky_breakpoint\":\"m\",\"width_medium\":\"1-2\"}}]},{\"type\":\"row\",\"children\":[{\"type\":\"column\",\"props\":{\"image_position\":\"center-center\",\"position_sticky_breakpoint\":\"m\"},\"children\":[{\"type\":\"image\",\"props\":{\"image\":\"wp-content\\\/uploads\\\/2025\\\/02\\\/frangins-scaled.jpg\",\"image_alt\":\"Fondateurs de Souboz Drinks\",\"image_svg_color\":\"emphasis\",\"margin\":\"default\"}}]}]}]},{\"name\":\"About\",\"type\":\"section\",\"props\":{\"animation\":\"fade\",\"animation_delay\":\"200\",\"height_viewport\":120,\"image_effect\":\"parallax\",\"image_parallax_bgx\":\"-50,110\",\"image_parallax_easing\":\"1\",\"image_position\":\"center-center\",\"image_size\":\"cover\",\"media_overlay\":\"rgba(255, 255, 255, 0.84)\",\"padding\":\"xlarge\",\"padding_remove_bottom\":false,\"padding_remove_top\":false,\"style\":\"default\",\"title\":\"Sans greenwashing\",\"title_breakpoint\":\"xl\",\"title_position\":\"center-right\",\"title_rotation\":\"left\",\"vertical_align\":\"middle\",\"width\":\"default\"},\"children\":[{\"type\":\"row\",\"props\":{\"column_gap\":\"large\",\"layout\":\"1-2,1-2\",\"row_gap\":\"large\"},\"children\":[{\"type\":\"column\",\"props\":{\"image_position\":\"center-center\",\"position_sticky_breakpoint\":\"m\",\"width_medium\":\"1-2\"},\"children\":[{\"type\":\"headline\",\"props\":{\"animation\":\"none\",\"content\":\"Avec du go\\u00fbt\",\"margin\":\"default\",\"margin_remove_top\":false,\"maxwidth\":\"2xlarge\",\"maxwidth_breakpoint\":\"l\",\"text_align\":\"left\",\"title_element\":\"div\",\"title_style\":\"heading-large\"}},{\"type\":\"headline\",\"props\":{\"animation\":\"none\",\"content\":\"<strong data-start=\\\"843\\\" data-end=\\\"888\\\">Nous mettons la qualit\\u00e9 en bouteille<\\\/strong>\",\"margin_remove_bottom\":true,\"margin_remove_top\":true,\"title_color\":\"primary\",\"title_element\":\"h3\"}},{\"type\":\"text\",\"props\":{\"column_breakpoint\":\"m\",\"content\":\"\n\n<p>Nous cr\\u00e9ons des boissons naturelles et sinc\\u00e8res qui cherchent avant tout \\u00e0 te donner du plaisir. On ne triche pas avec des exhausteurs de go\\u00fbt ou d'autres cochonneries. Nous choisissons les meilleurs ingr\\u00e9dients car tu ne m\\u00e9rites que le meilleur.<\\\/p>\",\"margin\":\"default\"}},{\"type\":\"button\",\"props\":{\"animation\":\"none\",\"grid_column_gap\":\"small\",\"grid_row_gap\":\"medium\",\"margin\":\"large\",\"margin_remove_top\":false,\"maxwidth\":\"small\",\"text_align\":\"left\"},\"children\":[{\"type\":\"button_item\",\"props\":{\"button_style\":\"default\",\"content\":\"M\\u00e9dailles\",\"icon_align\":\"left\",\"link\":\"https:\\\/\\\/soubozdrinks.ch\\\/accueil\\\/a-propos\\\/medailles\\\/\",\"link_title\":\"\\u00e0 propos\"}}]}]},{\"type\":\"column\",\"props\":{\"image_position\":\"center-center\",\"position_sticky_breakpoint\":\"m\",\"width_medium\":\"1-2\"},\"children\":[{\"type\":\"video\",\"props\":{\"margin\":\"default\",\"video\":\"wp-content\\\/uploads\\\/2024\\\/07\\\/Sequence-02.mp4\",\"video_autoplay\":true,\"video_controls\":false,\"video_loop\":true,\"video_muted\":true,\"video_playsinline\":true,\"video_width\":\"600\"}}]}]}]},{\"name\":\"About\",\"type\":\"section\",\"props\":{\"animation\":\"fade\",\"animation_delay\":\"200\",\"height_viewport\":120,\"image_effect\":\"parallax\",\"image_parallax_bgx\":\"-50,110\",\"image_parallax_easing\":\"1\",\"image_position\":\"center-center\",\"image_size\":\"cover\",\"media_overlay\":\"rgba(255, 255, 255, 0.84)\",\"padding_remove_bottom\":false,\"padding_remove_top\":false,\"style\":\"default\",\"title\":\"Sans greenwashing\",\"title_breakpoint\":\"xl\",\"title_position\":\"center-right\",\"title_rotation\":\"left\",\"vertical_align\":\"middle\",\"width\":\"default\"},\"children\":[{\"type\":\"row\",\"children\":[{\"type\":\"column\",\"props\":{\"image_position\":\"center-center\",\"position_sticky_breakpoint\":\"m\"},\"children\":[{\"type\":\"button\",\"props\":{\"grid_column_gap\":\"small\",\"grid_row_gap\":\"small\",\"margin\":\"\"},\"children\":[{\"type\":\"button_item\",\"props\":{\"button_style\":\"default\",\"content\":\"Sans alcool\",\"icon_align\":\"left\",\"link\":\"\\\/categorie\\\/sans-alcool\\\/\",\"link_title\":\"Sans alcool\"}},{\"type\":\"button_item\",\"props\":{\"button_style\":\"default\",\"content\":\"Spiritueux\",\"icon_align\":\"left\",\"link\":\"\\\/categorie\\\/spiritueux\\\/\"}},{\"type\":\"button_item\",\"props\":{\"button_style\":\"default\",\"content\":\"Visite notre jardin\",\"icon_align\":\"left\",\"link\":\"https:\\\/\\\/soubozdrinks.ch\\\/accueil\\\/a-propos\\\/ingredients-bio\\\/\",\"link_title\":\"Visite notre jardin\"}},{\"type\":\"button_item\",\"props\":{\"button_style\":\"default\",\"content\":\"Contact\",\"icon_align\":\"left\",\"link\":\"accueil\\\/contact\\\/\",\"link_title\":\"Contact\"}},{\"type\":\"button_item\",\"props\":{\"button_style\":\"default\",\"content\":\"Boisson sur mesure\",\"icon_align\":\"left\",\"link\":\"accueil\\\/ginsuremesure\\\/\",\"link_title\":\"Boisson sur mesure\"}}]}]}]}]}],\"version\":\"4.4.4\"} --><\/p>\n","protected":false},"excerpt":{"rendered":"<p>Um besser zu trinken Um besser zu trinken Gesundheit Wir sind drei Br\u00fcder und produzieren handwerklich hergestellte Getr\u00e4nke in Souboz, dem kleinen Dorf, in dem wir aufgewachsen sind, im Herzen des Berner Jura. Wir bringen die Natur und das Terroir unserer Region in Flaschen, mit einem ehrlichen, aufrichtigen Geschmack, der gut ankommt, wie man bei [&hellip;]<\/p>\n","protected":false},"author":1,"featured_media":0,"parent":0,"menu_order":0,"comment_status":"closed","ping_status":"closed","template":"","meta":{"footnotes":""},"class_list":["post-1312","page","type-page","status-publish","hentry"],"_links":{"self":[{"href":"https:\/\/soubozdrinks.ch\/de\/wp-json\/wp\/v2\/pages\/1312","targetHints":{"allow":["GET"]}}],"collection":[{"href":"https:\/\/soubozdrinks.ch\/de\/wp-json\/wp\/v2\/pages"}],"about":[{"href":"https:\/\/soubozdrinks.ch\/de\/wp-json\/wp\/v2\/types\/page"}],"author":[{"embeddable":true,"href":"https:\/\/soubozdrinks.ch\/de\/wp-json\/wp\/v2\/users\/1"}],"replies":[{"embeddable":true,"href":"https:\/\/soubozdrinks.ch\/de\/wp-json\/wp\/v2\/comments?post=1312"}],"version-history":[{"count":161,"href":"https:\/\/soubozdrinks.ch\/de\/wp-json\/wp\/v2\/pages\/1312\/revisions"}],"predecessor-version":[{"id":19542,"href":"https:\/\/soubozdrinks.ch\/de\/wp-json\/wp\/v2\/pages\/1312\/revisions\/19542"}],"wp:attachment":[{"href":"https:\/\/soubozdrinks.ch\/de\/wp-json\/wp\/v2\/media?parent=1312"}],"curies":[{"name":"wp","href":"https:\/\/api.w.org\/{rel}","templated":true}]}}