{"id":13398,"date":"2025-10-13T15:00:28","date_gmt":"2025-10-13T13:00:28","guid":{"rendered":"https:\/\/gagygnole.ch\/?page_id=13398"},"modified":"2025-10-13T15:00:28","modified_gmt":"2025-10-13T13:00:28","slug":"medaillien","status":"publish","type":"page","link":"https:\/\/soubozdrinks.ch\/de\/cocktails\/medaillien\/","title":{"rendered":"Cocktail-Catering"},"content":{"rendered":"<ul>\n<li>\n<p>        <img decoding=\"async\" src=\"\/wp-content\/uploads\/2023\/06\/cocktailcatering-7.jpg\" alt=\"\"><\/p>\n<h2>Cocktail<\/h2>\n<p>f\u00fcr Ihre Veranstaltungen<\/p>\n<\/li>\n<li>\n<p>        <img decoding=\"async\" src=\"\/wp-content\/uploads\/2023\/06\/cocktailcatering-10.jpg\" alt=\"\"><\/p>\n<h2>Catering<\/h2>\n<p>f\u00fcr Ihre Veranstaltungen<\/p>\n<\/li>\n<li>\n<p>        <img decoding=\"async\" src=\"\/wp-content\/uploads\/2023\/06\/cocktailcatering-11.jpg\" alt=\"\"><\/p>\n<h2>AUF MASS<\/h2>\n<p>f\u00fcr Ihre Veranstaltungen<\/p>\n<\/li>\n<\/ul>\n<h2>F\u00dcR IHRE VERANSTALTUNGEN<\/h2>\n<div>\n<p>Sind Sie auf der Suche nach dem gewissen Etwas, das Ihre Veranstaltung zu etwas Besonderem macht? Wir haben es. <\/p>\n<p>Wir kommen zu Ihnen, um die Cocktails Ihrer Wahl zuzubereiten. Erleben Sie unseren Cocktail-Catering-Service.   <\/p>\n<p><strong>Wir bieten Ihnen ma\u00dfgeschneiderte und sorgenfreie Pakete an.<\/strong><\/p>\n<p>Wir sind mit unserer mobilen, wasser- und energieautarken Bar unterwegs. Wir mixen originelle Cocktails mit handgemachten Spirituosen. <\/p>\n<p>Unsere erfahrenen Barkeeper garantieren Ihnen qualitativ hochwertige und originelle Getr\u00e4nke.<\/p>\n<p>Eine Firmenfeier? Eine Hochzeit ? Ein besonderer Abend? Eine Einweihung?     <\/p>\n<p><strong>Kontaktieren Sie uns und erhalten Sie ein ma\u00dfgeschneidertes und unverbindliches Angebot.<\/strong><\/p>\n<\/p>\n<\/div>\n<p>\n    <a href=\"\/de\/accueil-2\/kontakt\/\">KONTAKT<\/a>\n<\/p>\n<ul>\n<li>\n<p>        <img decoding=\"async\" src=\"\/wp-content\/uploads\/2023\/06\/cocktailcatering-14.jpg\" alt=\"\"><\/p>\n<\/li>\n<li>\n<p>        <img decoding=\"async\" src=\"\/wp-content\/uploads\/2023\/06\/cocktailcatering-13-1.jpg\" alt=\"\"><\/p>\n<\/li>\n<li>\n<p>        <img decoding=\"async\" src=\"\/wp-content\/uploads\/2023\/06\/cocktailcatering-12.jpg\" alt=\"\"><\/p>\n<\/li>\n<\/ul>\n<h2>AUS LIEBE ZUM GESCHMACK<\/h2>\n<div>\n<p>F\u00fcr gro\u00dfe, weltbekannte Unternehmen oder Privatpersonen nehmen wir uns an.  <\/p>\n<p><span>Wir legen gro\u00dfen Wert auf Details und sind daf\u00fcr bekannt, dass wir uns um all die kleinen Dinge k\u00fcmmern, die zum Erfolg der Veranstaltung beitragen.<\/span><\/p>\n<p><span>  Was ist unser Ziel? Dass Sie sich um nichts k\u00fcmmern m\u00fcssen. <\/span><\/p>\n<\/p>\n<\/div>\n<h2>HOCHWERTIGE ZUTATEN<\/h2>\n<div>\n<p>Wir mixen unsere Cocktails mit Spirituosen, die wir selbst oder bei vertrauensw\u00fcrdigen Partnern herstellen. Wir arbeiten nachhaltig.   <\/p>\n<\/div>\n<p>\n    <a href=\"\/de\/a-propos-2\/\">Unsere Philosophie<\/a>\n<\/p>\n<p><img decoding=\"async\" src=\"\/wp-content\/uploads\/2023\/06\/cocktailcatering-15.jpg\" alt=\"\"><\/p>\n<ul>\n<li>\n<p>        <img decoding=\"async\" src=\"\/wp-content\/uploads\/2023\/06\/cocktailcatering-20.jpg\" alt=\"\"><\/p>\n<h3>REGIONALE ZUTATEN  <\/h3>\n<p><a href=\"#\"><\/a><\/p>\n<\/li>\n<li>\n<p>        <img decoding=\"async\" src=\"\/wp-content\/uploads\/2023\/06\/cocktailcatering-21.jpg\" alt=\"\"><\/p>\n<h3>F\u00dcR IHRE VERANSTALTUNGEN<\/h3>\n<p><a href=\"#\"><\/a><\/p>\n<\/li>\n<li>\n<p>        <img decoding=\"async\" src=\"\/wp-content\/uploads\/2023\/06\/cocktailcatering-17-1.jpg\" alt=\"\"><\/p>\n<h3>MIT UNSEREM KNOW-HOW<\/h3>\n<p><a href=\"#\"><\/a><\/p>\n<\/li>\n<\/ul>\n<h3>LASSEN SIE SICH INSPIRIEREN<br \/><\/h3>\n<p>\n    <a href=\"\/de\/cocktails\/\">Entdecken Sie unsere Cocktails<\/a>\n<\/p>\n<p><!--more--><br \/>\n<!-- {\"name\":\"Home\",\"type\":\"layout\",\"children\":[{\"name\":\"Hero\",\"type\":\"section\",\"props\":{\"style\":\"default\",\"width\":\"\",\"vertical_align\":\"\",\"title_position\":\"top-left\",\"title_rotation\":\"left\",\"title_breakpoint\":\"xl\",\"image_position\":\"center-center\",\"padding\":\"none\",\"padding_remove_top\":false},\"children\":[{\"name\":\"\",\"type\":\"row\",\"props\":{\"margin_remove_top\":false},\"children\":[{\"name\":\"\",\"type\":\"column\",\"props\":{\"image_position\":\"center-center\",\"media_overlay_gradient\":\"\",\"width_medium\":\"1-1\",\"position_sticky_breakpoint\":\"m\"},\"children\":[{\"name\":\"\",\"type\":\"slideshow\",\"props\":{\"show_title\":true,\"show_meta\":true,\"show_content\":true,\"show_link\":true,\"show_thumbnail\":true,\"slideshow_min_height\":\"500\",\"slideshow_autoplay_pause\":true,\"nav\":\"thumbnav\",\"nav_position\":\"bottom-center\",\"nav_position_margin\":\"medium\",\"nav_align\":\"center\",\"nav_breakpoint\":\"\",\"thumbnav_width\":\"150\",\"thumbnav_height\":\"100\",\"slidenav\":\"bottom-right\",\"slidenav_margin\":\"\",\"slidenav_breakpoint\":\"m\",\"slidenav_outside_breakpoint\":\"xl\",\"overlay_position\":\"center\",\"overlay_animation\":\"parallax\",\"title_element\":\"h2\",\"meta_style\":\"h4\",\"meta_align\":\"above-title\",\"link_text\":\"Read more\",\"link_style\":\"default\",\"margin\":\"default\",\"slideshow_height\":\"percent\",\"slideshow_box_shadow\":\"\",\"slideshow_box_decoration\":\"\",\"slideshow_animation\":\"pull\",\"slideshow_kenburns\":\"\",\"nav_color\":\"\",\"slidenav_outside_color\":\"\",\"overlay_container\":\"\",\"overlay_container_padding\":\"\",\"overlay_width\":\"\",\"title_style\":\"heading-medium\",\"text_align\":\"center\",\"animation\":\"parallax\",\"slideshow_max_height\":\"\",\"container_padding_remove\":false,\"slidenav_hover\":false,\"slidenav_large\":true,\"margin_remove_top\":false,\"nav_below\":false,\"nav_margin\":\"\",\"nav_vertical\":false,\"thumbnav_nowrap\":true,\"meta_color\":\"muted\",\"parallax_breakpoint\":\"m\",\"slideshow_velocity\":\"1.5\",\"image_width\":\"2560\",\"thumbnav_svg_color\":\"emphasis\",\"title_margin\":\"remove\",\"meta_element\":\"div\",\"parallax_y\":\"0,-50\",\"image_loading\":true,\"parallax_easing\":\"1\"},\"children\":[{\"name\":\"\",\"type\":\"slideshow_item\",\"props\":{\"text_color\":\"light\",\"image\":\"wp-content\\\/uploads\\\/2023\\\/06\\\/cocktailcatering-7.jpg\",\"title\":\"cocktail\",\"content\":\"\",\"meta\":\"pour vos \\u00e9v\\u00e8nements\"}},{\"name\":\"\",\"type\":\"slideshow_item\",\"props\":{\"text_color\":\"light\",\"image\":\"wp-content\\\/uploads\\\/2023\\\/06\\\/cocktailcatering-10.jpg\",\"title\":\"catering\",\"content\":\"\",\"meta\":\"pour vos \\u00e9v\\u00e8nements\"}},{\"type\":\"slideshow_item\",\"props\":{\"image\":\"wp-content\\\/uploads\\\/2023\\\/06\\\/cocktailcatering-11.jpg\",\"meta\":\"pour vos \\u00e9v\\u00e8nements\",\"title\":\"SUR MESURE\",\"text_color\":\"light\"}}]}]}]}]},{\"name\":\"About\",\"type\":\"section\",\"props\":{\"style\":\"default\",\"width\":\"large\",\"vertical_align\":\"middle\",\"title_position\":\"top-left\",\"title_rotation\":\"left\",\"title_breakpoint\":\"xl\",\"image_position\":\"center-center\",\"padding\":\"large\",\"padding_remove_top\":false,\"animation_delay\":false},\"children\":[{\"name\":\"\",\"type\":\"row\",\"props\":{\"margin\":\"large\"},\"children\":[{\"name\":\"\",\"type\":\"column\",\"props\":{\"image_position\":\"center-center\",\"media_overlay_gradient\":\"\",\"width_medium\":\"1-1\",\"position_sticky_breakpoint\":\"m\"},\"children\":[{\"name\":\"\",\"type\":\"divider\",\"props\":{\"divider_element\":\"div\",\"divider_style\":\"small\",\"divider_align\":\"center\",\"divider_align_breakpoint\":\"\",\"divider_align_fallback\":\"\",\"animation\":\"slide-bottom-medium\"}},{\"name\":\"\",\"type\":\"headline\",\"props\":{\"title_element\":\"h2\",\"text_align\":\"center\",\"animation\":\"parallax\",\"content\":\"POUR VOS \\u00c9V\\u00c8NEMENTS\",\"link\":\"\",\"parallax_breakpoint\":\"m\",\"parallax_end\":\"90vh + 90%\",\"parallax_y\":\"15,0\",\"parallax_opacity\":\"0.3,1\",\"parallax_easing\":\"1\"}},{\"type\":\"text\",\"props\":{\"margin\":\"default\",\"column_breakpoint\":\"m\",\"content\":\"\n\n<p>Vous \\u00eates \\u00e0 la recherche de ce petit truc qui rendra votre \\u00e9v\\u00e8nement sp\\u00e9cial ? Nous l'avons.<\\\/p>\\n\n\n<p>Nous nous d\\u00e9pla\\u00e7ons pour pr\\u00e9parer les cocktails de votre choix. Faites l'exp\\u00e9rience de notre service de cocktail-catering.\\u00a0<\\\/p>\\n\n\n<p><strong>Nous vous proposons des forfaits sur-mesure et sans soucis.<\\\/strong><\\\/p>\\n\n\n<p>Nous nous d\\u00e9pla\\u00e7ons avec notre bar mobile autonome en eau et en \\u00e9nergie. Nous pr\\u00e9parons des cocktails originaux \\u00e0 base de spiritueux artisanaux.<\\\/p>\\n\n\n<p>Nos barmen exp\\u00e9riment\\u00e9s vous garantissent des boissons de qualit\\u00e9 sup\\u00e9rieures et originales<\\\/p>\\n\n\n<p>Une f\\u00eate d'entreprise ? Un mariage ? Une soir\\u00e9e sp\\u00e9ciale ? Une inauguration ?\\u00a0<\\\/p>\\n\n\n<p><strong>Contactez-nous et recevez une offre sur mesure et sans engagement.<\\\/strong><\\\/p>\\n\n\n<p><\\\/p>\\n\n\n<p><\\\/p>\"}},{\"type\":\"button\",\"props\":{\"grid_column_gap\":\"small\",\"grid_row_gap\":\"small\",\"margin\":\"default\",\"button_size\":\"large\"},\"children\":[{\"type\":\"button_item\",\"props\":{\"button_style\":\"default\",\"icon_align\":\"left\",\"link\":\"contact\\\/\",\"content\":\"CONTACT\",\"link_title\":\"CONTACT\"}}]}]}]}]},{\"name\":\"Services\",\"type\":\"section\",\"props\":{\"style\":\"default\",\"width\":\"\",\"vertical_align\":\"middle\",\"title_position\":\"top-left\",\"title_rotation\":\"left\",\"title_breakpoint\":\"xl\",\"image_position\":\"center-center\",\"padding_remove_top\":false,\"padding_remove_bottom\":true,\"animation_delay\":false},\"children\":[{\"type\":\"row\",\"children\":[{\"type\":\"column\",\"props\":{\"position_sticky_breakpoint\":\"m\",\"image_position\":\"center-center\",\"media_overlay_gradient\":\"\"},\"children\":[{\"name\":\"\",\"type\":\"gallery\",\"props\":{\"show_title\":true,\"show_meta\":true,\"show_content\":true,\"show_link\":true,\"show_hover_image\":true,\"grid_default\":\"3\",\"grid_medium\":\"\",\"filter_style\":\"tab\",\"filter_all\":true,\"filter_position\":\"top\",\"filter_align\":\"left\",\"filter_grid_width\":\"auto\",\"overlay_mode\":\"caption\",\"overlay_position\":\"center\",\"overlay_transition\":\"fade\",\"title_element\":\"h4\",\"meta_style\":\"\",\"meta_align\":\"below-title\",\"text_align\":\"center\",\"margin\":\"\",\"grid_small\":\"3\",\"overlay_style\":\"overlay-default\",\"text_color\":\"\",\"overlay_padding\":\"large\",\"overlay_margin\":\"large\",\"overlay_maxwidth\":\"large\",\"image_transition\":\"scale-up\",\"title_style\":\"h2\",\"item_animation\":true,\"overlay_hover\":false,\"image_width\":\"850\",\"link_text\":\"More Details\",\"link_style\":\"link-text\",\"grid_column_gap\":\"small\",\"grid_row_gap\":\"small\",\"filter_grid_breakpoint\":\"m\",\"overlay_link\":true,\"title_hover_style\":\"reset\",\"meta_element\":\"div\",\"animation\":\"none\",\"parallax_easing\":\"1\"},\"children\":[{\"name\":\"\",\"type\":\"gallery_item\",\"props\":{\"title\":\"\",\"image\":\"wp-content\\\/uploads\\\/2023\\\/06\\\/cocktailcatering-14.jpg\",\"content\":\"\",\"link\":\"\",\"hover_image\":null}},{\"name\":\"\",\"type\":\"gallery_item\",\"props\":{\"title\":\"\",\"image\":\"wp-content\\\/uploads\\\/2023\\\/06\\\/cocktailcatering-13-1.jpg\",\"content\":\"\",\"link\":\"\",\"hover_image\":null}},{\"type\":\"gallery_item\",\"props\":{\"image\":\"wp-content\\\/uploads\\\/2023\\\/06\\\/cocktailcatering-12.jpg\"}}]}]}]}]},{\"name\":\"About\",\"type\":\"section\",\"props\":{\"style\":\"default\",\"width\":\"large\",\"vertical_align\":\"middle\",\"title_position\":\"top-left\",\"title_rotation\":\"left\",\"title_breakpoint\":\"xl\",\"image_position\":\"center-center\",\"padding\":\"large\",\"padding_remove_top\":false,\"animation_delay\":false},\"children\":[{\"name\":\"\",\"type\":\"row\",\"props\":{\"margin\":\"large\"},\"children\":[{\"name\":\"\",\"type\":\"column\",\"props\":{\"image_position\":\"center-center\",\"media_overlay_gradient\":\"\",\"width_medium\":\"1-1\",\"position_sticky_breakpoint\":\"m\"},\"children\":[{\"name\":\"\",\"type\":\"divider\",\"props\":{\"divider_element\":\"div\",\"divider_style\":\"small\",\"divider_align\":\"center\",\"divider_align_breakpoint\":\"\",\"divider_align_fallback\":\"\",\"animation\":\"slide-bottom-medium\"}},{\"name\":\"\",\"type\":\"headline\",\"props\":{\"title_element\":\"h2\",\"text_align\":\"center\",\"animation\":\"parallax\",\"content\":\"POUR L'AMOUR DU GO\\u00dbT\",\"link\":\"\",\"parallax_breakpoint\":\"m\",\"parallax_end\":\"90vh + 90%\",\"parallax_y\":\"15,0\",\"parallax_opacity\":\"0.3,1\",\"parallax_easing\":\"1\"}},{\"type\":\"text\",\"props\":{\"margin\":\"default\",\"column_breakpoint\":\"m\",\"content\":\"\n\n<p>Pour des grandes entreprises de renomm\\u00e9e mondiale ou des priv\\u00e9s, nous nous adoptons.\\u00a0<\\\/p>\\n\n\n<p><span>Nous accordons une grande importance aux d\\u00e9tails et sommes r\\u00e9put\\u00e9s pour nous occuper de tous les petits \\u00e9l\\u00e9ments qui contribuent \\u00e0 la r\\u00e9ussite de l'\\u00e9v\\u00e9nement.<\\\/span><\\\/p>\\n\n\n<p><span> Notre but ? Que vous ne vous occupiez rien de rien.<\\\/span><\\\/p>\\n\n\n<p><\\\/p>\"}}]}]}]},{\"name\":\"Portfolio\",\"type\":\"section\",\"props\":{\"style\":\"default\",\"width\":\"xlarge\",\"vertical_align\":\"middle\",\"title_position\":\"top-left\",\"title_rotation\":\"left\",\"title_breakpoint\":\"xl\",\"image_position\":\"center-center\",\"width_expand\":\"right\",\"padding\":\"large\",\"padding_remove_top\":false,\"padding_remove_bottom\":true,\"status\":\"\"},\"children\":[{\"name\":\"\",\"type\":\"row\",\"props\":{\"layout\":\"1-3,2-3\",\"column_gap\":\"large\",\"row_gap\":\"large\"},\"children\":[{\"name\":\"\",\"type\":\"column\",\"props\":{\"image_position\":\"center-center\",\"vertical_align\":\"middle\",\"media_overlay_gradient\":\"\",\"width_large\":\"1-3\",\"position_sticky_breakpoint\":\"m\"},\"children\":[{\"name\":\"\",\"type\":\"divider\",\"props\":{\"divider_element\":\"div\",\"divider_style\":\"small\",\"divider_align\":\"left\",\"divider_align_breakpoint\":\"\",\"divider_align_fallback\":\"\",\"animation\":\"none\",\"margin_remove_bottom\":false}},{\"name\":\"\",\"type\":\"headline\",\"props\":{\"title_element\":\"h2\",\"title_style\":\"heading-small\",\"text_align\":\"left\",\"maxwidth\":\"xlarge\",\"animation\":\"parallax\",\"content\":\"DES INGR\\u00c9DIENTS DE QUALIT\\u00c9\",\"margin_remove_top\":true,\"parallax_breakpoint\":\"m\",\"parallax_end\":\"70vh + 70%\",\"parallax_y\":\"20,0\",\"parallax_opacity\":\"0.3,1\",\"parallax_easing\":\"1\"}},{\"name\":\"\",\"type\":\"text\",\"props\":{\"margin\":\"default\",\"column_breakpoint\":\"m\",\"text_align\":\"left\",\"maxwidth\":\"xlarge\",\"animation\":\"none\",\"content\":\"\n\n<p>Nous \\u00e9laborons nos cocktails avec des spiritueux que nous produisons nous-m\\u00eame ou chez des partenaires de confiance. Nous travaillons dans un esprit de durabilit\\u00e9.\\u00a0<\\\/p>\"}},{\"name\":\"\",\"type\":\"button\",\"props\":{\"margin\":\"large\",\"text_align\":\"left\",\"maxwidth\":\"xlarge\",\"animation\":\"none\",\"grid_column_gap\":\"small\",\"grid_row_gap\":\"small\"},\"children\":[{\"name\":\"\",\"type\":\"button_item\",\"props\":{\"button_style\":\"text\",\"icon_align\":\"left\",\"content\":\"Notre philosophie\",\"link\":\"a-propos\\\/\"}}]}]},{\"name\":\"\",\"type\":\"column\",\"props\":{\"image_position\":\"center-center\",\"vertical_align\":\"middle\",\"media_overlay_gradient\":\"\",\"width_large\":\"2-3\",\"position_sticky_breakpoint\":\"m\"},\"children\":[{\"name\":\"\",\"type\":\"image\",\"props\":{\"margin\":\"\",\"text_align\":\"right\",\"animation\":\"parallax\",\"container_padding_remove\":true,\"image\":\"wp-content\\\/uploads\\\/2023\\\/06\\\/cocktailcatering-15.jpg\",\"image_width\":\"1200\",\"parallax_breakpoint\":\"m\",\"image_svg_color\":\"emphasis\",\"parallax_y\":\"50,-50\",\"parallax_easing\":\"1\"}}]}]}]},{\"name\":\"Materials\",\"type\":\"section\",\"props\":{\"style\":\"default\",\"width\":\"xlarge\",\"vertical_align\":\"middle\",\"title_position\":\"top-left\",\"title_rotation\":\"left\",\"title_breakpoint\":\"xl\",\"image_position\":\"center-center\",\"width_expand\":\"right\",\"height\":\"percent\",\"padding\":\"xlarge\",\"overlap\":false},\"children\":[{\"type\":\"row\",\"children\":[{\"type\":\"column\",\"props\":{\"position_sticky_breakpoint\":\"m\",\"image_position\":\"center-center\",\"media_overlay_gradient\":\"\"},\"children\":[{\"name\":\"\",\"type\":\"overlay-slider\",\"props\":{\"show_title\":true,\"show_meta\":true,\"show_content\":true,\"show_link\":true,\"slider_width\":\"fixed\",\"slider_width_default\":\"5-6\",\"slider_width_medium\":\"1-3\",\"slider_autoplay_pause\":true,\"nav\":\"\",\"nav_align\":\"center\",\"nav_breakpoint\":\"s\",\"slidenav\":\"top-right\",\"slidenav_margin\":\"\",\"slidenav_breakpoint\":\"m\",\"slidenav_outside_breakpoint\":\"xl\",\"overlay_mode\":\"caption\",\"overlay_position\":\"bottom\",\"overlay_transition\":\"fade\",\"title_element\":\"h3\",\"meta_style\":\"h6\",\"meta_align\":\"below-title\",\"text_align\":\"center\",\"margin\":\"\",\"slider_height\":\"\",\"slider_width_small\":\"1-2\",\"slider_width_large\":\"\",\"slider_width_xlarge\":\"\",\"nav_margin\":\"\",\"nav_color\":\"\",\"slidenav_color\":\"\",\"slidenav_outside_color\":\"\",\"overlay_style\":\"overlay-default\",\"meta_margin\":\"small\",\"animation\":\"parallax\",\"container_padding_remove\":true,\"slider_sets\":false,\"slider_center\":false,\"overlay_hover\":true,\"slidenav_hover\":true,\"slidenav_large\":true,\"slider_divider\":false,\"image_width\":\"470\",\"parallax_breakpoint\":\"l\",\"slider_autoplay\":true,\"link_text\":\"\",\"link_style\":\"default\",\"slider_gap\":\"small\",\"meta_element\":\"div\",\"overlay_link\":true,\"title_hover_style\":\"reset\",\"parallax_end\":\"60vh + 60%\",\"parallax_y\":\"50,-50\",\"parallax_opacity\":\"0.8,1\",\"show_hover_image\":true,\"parallax_easing\":\"1\"},\"children\":[{\"name\":\"\",\"type\":\"overlay-slider_item\",\"props\":{\"image\":\"wp-content\\\/uploads\\\/2023\\\/06\\\/cocktailcatering-20.jpg\",\"title\":\"DES INGREDIENTS REGIONAUX \",\"link\":\"#\",\"meta\":\"\",\"content\":\"\"}},{\"name\":\"\",\"type\":\"overlay-slider_item\",\"props\":{\"image\":\"wp-content\\\/uploads\\\/2023\\\/06\\\/cocktailcatering-21.jpg\",\"title\":\"POUR VOS EVENEMENTS\",\"link\":\"#\",\"meta\":\"\",\"content\":\"\"}},{\"name\":\"\",\"type\":\"overlay-slider_item\",\"props\":{\"image\":\"wp-content\\\/uploads\\\/2023\\\/06\\\/cocktailcatering-17-1.jpg\",\"title\":\"AVEC NOTRE SAVOIR-FAIRE\",\"link\":\"#\",\"meta\":\"\",\"content\":\"\"}}]}]}]}]},{\"type\":\"section\",\"props\":{\"style\":\"default\",\"width\":\"default\",\"vertical_align\":\"middle\",\"title_position\":\"top-left\",\"title_rotation\":\"left\",\"title_breakpoint\":\"xl\",\"image_position\":\"center-center\"},\"children\":[{\"type\":\"row\",\"children\":[{\"type\":\"column\",\"props\":{\"position_sticky_breakpoint\":\"m\",\"image_position\":\"center-center\",\"media_overlay_gradient\":\"\"},\"children\":[{\"name\":\"\",\"type\":\"headline\",\"props\":{\"title_element\":\"h3\",\"title_style\":\"heading-medium\",\"text_align\":\"left\",\"text_align_breakpoint\":\"xl\",\"text_align_fallback\":\"center\",\"maxwidth\":\"large\",\"maxwidth_breakpoint\":\"m\",\"animation\":\"parallax\",\"content\":\"LAISSEZ-VOUS<br \\\/>INSPIRER\",\"parallax_breakpoint\":\"m\",\"block_align\":\"center\",\"parallax_end\":\"70vh + 70%\",\"parallax_y\":\"15,0\",\"parallax_opacity\":\"0.3,1\",\"parallax_easing\":\"1\"}},{\"name\":\"\",\"type\":\"button\",\"props\":{\"margin\":\"default\",\"text_align\":\"left\",\"text_align_breakpoint\":\"xl\",\"text_align_fallback\":\"center\",\"maxwidth\":\"large\",\"animation\":\"none\",\"margin_remove_bottom\":false,\"css\":\"@media (max-width: 1460px)  {\\n\\t.el-element { margin-bottom: 70px; }\\n}\",\"block_align\":\"center\",\"grid_column_gap\":\"small\",\"grid_row_gap\":\"small\",\"parallax_x\":\"100,150\"},\"children\":[{\"name\":\"\",\"type\":\"button_item\",\"props\":{\"button_style\":\"primary\",\"icon_align\":\"left\",\"content\":\"decouvrez nos cocktails\",\"link\":\"cocktails\\\/\"}}]}]}]}]},{\"type\":\"section\",\"props\":{\"style\":\"default\",\"width\":\"default\",\"vertical_align\":\"middle\",\"title_position\":\"top-left\",\"title_rotation\":\"left\",\"title_breakpoint\":\"xl\",\"image_position\":\"center-center\"},\"children\":[{\"type\":\"row\",\"children\":[{\"type\":\"column\",\"props\":{\"position_sticky_breakpoint\":\"m\",\"image_position\":\"center-center\",\"media_overlay_gradient\":\"\"},\"children\":[]}]}]}],\"version\":\"2.7.22\"} --><\/p>\n","protected":false},"excerpt":{"rendered":"<p>Cocktail f\u00fcr Ihre Veranstaltungen Catering f\u00fcr Ihre Veranstaltungen AUF MASS f\u00fcr Ihre Veranstaltungen F\u00dcR IHRE VERANSTALTUNGEN Sind Sie auf der Suche nach dem gewissen Etwas, das Ihre Veranstaltung zu etwas Besonderem macht? Wir haben es. Wir kommen zu Ihnen, um die Cocktails Ihrer Wahl zuzubereiten. Erleben Sie unseren Cocktail-Catering-Service. Wir bieten Ihnen ma\u00dfgeschneiderte und sorgenfreie [&hellip;]<\/p>\n","protected":false},"author":770,"featured_media":12621,"parent":4509,"menu_order":1,"comment_status":"closed","ping_status":"closed","template":"","meta":{"footnotes":""},"class_list":["post-13398","page","type-page","status-publish","has-post-thumbnail","hentry"],"_links":{"self":[{"href":"https:\/\/soubozdrinks.ch\/de\/wp-json\/wp\/v2\/pages\/13398","targetHints":{"allow":["GET"]}}],"collection":[{"href":"https:\/\/soubozdrinks.ch\/de\/wp-json\/wp\/v2\/pages"}],"about":[{"href":"https:\/\/soubozdrinks.ch\/de\/wp-json\/wp\/v2\/types\/page"}],"author":[{"embeddable":true,"href":"https:\/\/soubozdrinks.ch\/de\/wp-json\/wp\/v2\/users\/770"}],"replies":[{"embeddable":true,"href":"https:\/\/soubozdrinks.ch\/de\/wp-json\/wp\/v2\/comments?post=13398"}],"version-history":[{"count":1,"href":"https:\/\/soubozdrinks.ch\/de\/wp-json\/wp\/v2\/pages\/13398\/revisions"}],"predecessor-version":[{"id":18584,"href":"https:\/\/soubozdrinks.ch\/de\/wp-json\/wp\/v2\/pages\/13398\/revisions\/18584"}],"up":[{"embeddable":true,"href":"https:\/\/soubozdrinks.ch\/de\/wp-json\/wp\/v2\/pages\/4509"}],"wp:featuredmedia":[{"embeddable":true,"href":"https:\/\/soubozdrinks.ch\/de\/wp-json\/wp\/v2\/media\/12621"}],"wp:attachment":[{"href":"https:\/\/soubozdrinks.ch\/de\/wp-json\/wp\/v2\/media?parent=13398"}],"curies":[{"name":"wp","href":"https:\/\/api.w.org\/{rel}","templated":true}]}}