{"id":1476,"date":"2019-09-26T09:38:22","date_gmt":"2019-09-26T07:38:22","guid":{"rendered":"https:\/\/new.gagygnole.ch\/?page_id=1476"},"modified":"2021-10-12T10:04:36","modified_gmt":"2021-10-12T08:04:36","slug":"medien-presse","status":"publish","type":"page","link":"https:\/\/soubozdrinks.ch\/de\/medien-presse\/","title":{"rendered":"Medien \/ Presse"},"content":{"rendered":"<h1>Reden wir \u00fcber Gagynole ?<\/h1>\n<div>\n<p>Was man von Gagygnole in den Medien erz\u00e4hlt\u2026<\/p>\n<\/div>\n<div>\n<h3>2021<\/h3>\n<div>\n<p><a href=\"\/wp-content\/uploads\/2021\/03\/Page_39_Le_Matin_Dimanche_2021-02-28.pdf\" target=\"_blank\" rel=\"noopener\">Le Matin Wacholder 100% Lokal<\/a><\/p>\n<p><a href=\"https:\/\/www.pique-assiette.ch\/recettes\/614\" target=\"_blank\" rel=\"noopener\">Rezept Terrine mit Souboziane<\/a><\/p>\n<p><a href=\"\/wp-content\/uploads\/2021\/10\/gagygnole.pdf\">Quotidien Jurassien<\/a><\/p>\n<\/div>\n<\/div>\n<div>\n<h3>2020<\/h3>\n<div>\n<p><a href=\"https:\/\/www.telebielingue.ch\/fr\/emissions\/portrait\/2020-01-18\" target=\"_blank\" rel=\"noopener\">Trois Fr\u00e8res, une passion<\/a><\/p>\n<p><a href=\"\/wp-content\/uploads\/2020\/10\/20-minuten-transhelvetica.jpeg\" target=\"_blank\" rel=\"noopener\">20 minuten<\/a><\/p>\n<p><a href=\"https:\/\/www.20min.ch\/story\/berner-jura-unterwegs-im-petit-val-835020384853\" target=\"_blank\" rel=\"noopener\">20 Minuten Artikel<\/a><\/p>\n<\/div>\n<\/div>\n<div>\n<h3>2019<\/h3>\n<div>\n<p><a href=\"\/wp-content\/uploads\/2020\/10\/Les-forcats-de-lamertume-_-MicroJournal-2019.pdf\" target=\"_blank\" rel=\"noopener\">Micro Journal: Les For\u00e7ats de l&#8217;amertume<\/a><\/p>\n<p><a href=\"\/wp-content\/uploads\/2020\/10\/Les-meilleurs-produits-du-terroir-romand-_-Illustre-01.10.2019.pdf\" target=\"_blank\" rel=\"noopener\">Illustr\u00e9 Concours Suisse des produits du terroir<\/a><\/p>\n<p><a href=\"\/wp-content\/uploads\/2020\/10\/Les-freres-Gagygnole-_-Berghilfe-2019.pdf\" target=\"_blank\" rel=\"noopener\">Aide Suisse \u00e0 la montagne: Les Fr\u00e8res Gagygnole<\/a><\/p>\n<p><a href=\"\/wp-content\/uploads\/2020\/10\/Mise-en-appetit-de-tres-bon-gout-\u2013-La-Semaine-_-2019.pdf\" target=\"_blank\" rel=\"noopener\">La Semaine: Semaine du Go\u00fbt<\/a><\/p>\n<p><a href=\"\/wp-content\/uploads\/2020\/10\/GAGYGNOLE-Somelier-Suisse-2019.pdf\" target=\"_blank\" rel=\"noopener\">Association Suisse Sommelier Professionnels<\/a><\/p>\n<p><a href=\"http:\/\/www.pique-assiette.ch\/recettes\/595\" target=\"_blank\" rel=\"noopener\">Pique Assiette (Vid\u00e9o)<\/a><\/p>\n<\/div>\n<\/div>\n<div>\n<h3>2018<\/h3>\n<div>\n<p><a href=\"http:\/\/str16.infomaniak.ch\/dl\/d3a7738021105480e326c715de0c6ab3\/5f7de182\/arcinfo\/j\/u\/jurashow_20.11.18.1355.32.mp4\" target=\"_blank\" rel=\"noopener\">Jura Show<\/a><\/p>\n<p><a href=\"\/wp-content\/uploads\/2020\/10\/whisky-terre-nature-2018.pdf\" target=\"_blank\" rel=\"noopener\">Terre et Nature: Le Whisky<\/a><\/p>\n<\/div>\n<\/div>\n<div>\n<h3>2017<\/h3>\n<div>\n<p><a href=\"\/wp-content\/uploads\/2020\/10\/Les-breuvages-de-Gagygnole-ont-la-cote-et-se-developpent-_-Journal-du-Jura-24.05.2017.pdf\" target=\"_blank\" rel=\"noopener\">Journal du Jura: Les breuvages de Gagygnole<\/a><\/p>\n<p><a href=\"\/wp-content\/uploads\/2020\/10\/Un-nouvel-elan-pour-les-nectars-de-Gagygnole-_-Journal-du-Jura-24.05.2017.pdf\" target=\"_blank\" rel=\"noopener\">Journal du Jura: Un nouvel \u00e9lan pour les nectars de Gagygnole<\/a><\/p>\n<\/div>\n<\/div>\n<div>\n<h3>2015<\/h3>\n<div>\n<ul>\n<li>\n<p><a href=\"\/wp-content\/uploads\/2020\/10\/Des-flacons-fleurant-bon-la-region-_-Journal-du-Jura-22.07.2015.pdf\" target=\"_blank\" rel=\"noopener\">Journal du Jura: Des Flacons fleurant bon la r\u00e9gion<\/a><\/p>\n<p><a href=\"\/wp-content\/uploads\/2020\/10\/Le-Jura-bernois-est-riche-mais-il-ne-le-sait-pas-Un-article-du-Petit-Jurassien-01.03.2015.pdf\" target=\"_blank\" rel=\"noopener\">Le petit Jurassien : Le Jura Bernois est riche, mais il ne le sait pas<\/a><\/p>\n<\/li>\n<\/ul>\n<\/div>\n<\/div>\n<p><!--more--><br \/>\n<!-- {\"name\":\"M\\u00e9dia-presse\",\"type\":\"layout\",\"children\":[{\"name\":\"FAQ\",\"type\":\"section\",\"props\":{\"width\":\"small\",\"padding\":\"large\",\"style\":\"default\",\"animation\":\"slide-left-medium\",\"media\":\"images\\\/demo\\\/demo-image_01.jpg\",\"height_viewport\":false,\"media_advanced\":true,\"media_size\":\"cover\",\"media_background\":\"#fff\",\"media_overlay\":\"rgba(0,0,0,0)\",\"image_size\":\"cover\",\"image_position\":\"center-center\",\"vertical_align\":\"middle\",\"title_position\":\"top-left\",\"title_rotation\":\"left\",\"title_breakpoint\":\"xl\"},\"children\":[{\"name\":\"\",\"type\":\"row\",\"children\":[{\"name\":\"\",\"type\":\"column\",\"props\":{\"image_position\":\"center-center\",\"media_overlay_gradient\":\"\",\"width_medium\":\"1-1\"},\"children\":[{\"name\":\"Divider\",\"type\":\"divider\",\"props\":{\"divider_element\":\"div\",\"divider_style\":\"small\",\"divider_align\":\"center\",\"divider_align_breakpoint\":\"\",\"divider_align_fallback\":\"\",\"margin_remove_bottom\":false}},{\"name\":\"\",\"type\":\"headline\",\"props\":{\"title_element\":\"h1\",\"title_style\":\"heading-small\",\"text_align\":\"center\",\"margin\":\"default\",\"content\":\"Reden wir \\u00fcber Gagynole ?\",\"margin_remove_bottom\":false,\"block_align\":\"center\"}},{\"name\":\"\",\"type\":\"text\",\"props\":{\"column_breakpoint\":\"m\",\"text_style\":\"lead\",\"text_align\":\"center\",\"maxwidth\":\"2xlarge\",\"margin\":\"large\",\"content\":\"\n\n<p>Was man von Gagygnole in den Medien erz\\u00e4hlt\\u2026<\\\/p>\",\"block_align\":\"center\",\"margin_remove_top\":true}},{\"name\":\"\",\"type\":\"accordion\",\"props\":{\"multiple\":false,\"collapsible\":true,\"margin\":\"medium\",\"show_image\":true,\"show_link\":true,\"title_element\":\"h3\",\"image_align\":\"top\",\"image_grid_width\":\"1-2\",\"link_text\":\"Read more\",\"link_style\":\"default\",\"image_svg_color\":\"emphasis\",\"margin_remove_top\":true,\"image_grid_breakpoint\":\"m\",\"content_column_breakpoint\":\"m\"},\"children\":[{\"type\":\"accordion_item\",\"props\":{\"title\":\"2021\",\"content\":\"\n\n<p><a href=\\\"\\\/wp-content\\\/uploads\\\/2021\\\/03\\\/Page_39_Le_Matin_Dimanche_2021-02-28.pdf\\\" target=\\\"_blank\\\" rel=\\\"noopener\\\">Le Matin Wacholder 100% Lokal<\\\/a><\\\/p>\\n\n\n<p><a href=\\\"https:\\\/\\\/www.pique-assiette.ch\\\/recettes\\\/614\\\" target=\\\"_blank\\\" rel=\\\"noopener\\\">Rezept Terrine mit Souboziane<\\\/a><\\\/p>\\n\n\n<p><a href=\\\"\\\/wp-content\\\/uploads\\\/2021\\\/10\\\/gagygnole.pdf\\\">Quotidien Jurassien<\\\/a><\\\/p>\"}}]},{\"name\":\"\",\"type\":\"accordion\",\"props\":{\"multiple\":false,\"collapsible\":true,\"margin\":\"medium\",\"show_image\":true,\"show_link\":true,\"title_element\":\"h3\",\"image_align\":\"top\",\"image_grid_width\":\"1-2\",\"link_text\":\"Read more\",\"link_style\":\"default\",\"image_svg_color\":\"emphasis\",\"margin_remove_top\":true,\"image_grid_breakpoint\":\"m\",\"content_column_breakpoint\":\"m\"},\"children\":[{\"type\":\"accordion_item\",\"props\":{\"title\":\"2020\",\"content\":\"\n\n<p><a href=\\\"https:\\\/\\\/www.telebielingue.ch\\\/fr\\\/emissions\\\/portrait\\\/2020-01-18\\\" target=\\\"_blank\\\" rel=\\\"noopener\\\">Trois Fr\\u00e8res, une passion<\\\/a><\\\/p>\\n\n\n<p><a href=\\\"\\\/wp-content\\\/uploads\\\/2020\\\/10\\\/20-minuten-transhelvetica.jpeg\\\" target=\\\"_blank\\\" rel=\\\"noopener\\\">20 minuten<\\\/a><\\\/p>\\n\n\n<p><a href=\\\"https:\\\/\\\/www.20min.ch\\\/story\\\/berner-jura-unterwegs-im-petit-val-835020384853\\\" target=\\\"_blank\\\" rel=\\\"noopener\\\">20 Minuten Artikel<\\\/a><\\\/p>\"}}]},{\"name\":\"\",\"type\":\"accordion\",\"props\":{\"multiple\":false,\"collapsible\":true,\"margin\":\"medium\",\"show_image\":true,\"show_link\":true,\"title_element\":\"h3\",\"image_align\":\"top\",\"image_grid_width\":\"1-2\",\"link_text\":\"Read more\",\"link_style\":\"default\",\"image_svg_color\":\"emphasis\",\"margin_remove_top\":true,\"image_grid_breakpoint\":\"m\",\"content_column_breakpoint\":\"m\"},\"children\":[{\"type\":\"accordion_item\",\"props\":{\"title\":\"2019\",\"content\":\"\n\n<p><a href=\\\"\\\/wp-content\\\/uploads\\\/2020\\\/10\\\/Les-forcats-de-lamertume-_-MicroJournal-2019.pdf\\\" target=\\\"_blank\\\" rel=\\\"noopener\\\">Micro Journal: Les For\\u00e7ats de l'amertume<\\\/a><\\\/p>\\n\n\n<p><a href=\\\"\\\/wp-content\\\/uploads\\\/2020\\\/10\\\/Les-meilleurs-produits-du-terroir-romand-_-Illustre-01.10.2019.pdf\\\" target=\\\"_blank\\\" rel=\\\"noopener\\\">Illustr\\u00e9 Concours Suisse des produits du terroir<\\\/a><\\\/p>\\n\n\n<p><a href=\\\"\\\/wp-content\\\/uploads\\\/2020\\\/10\\\/Les-freres-Gagygnole-_-Berghilfe-2019.pdf\\\" target=\\\"_blank\\\" rel=\\\"noopener\\\">Aide Suisse \\u00e0 la montagne: Les Fr\\u00e8res Gagygnole<\\\/a><\\\/p>\\n\n\n<p><a href=\\\"\\\/wp-content\\\/uploads\\\/2020\\\/10\\\/Mise-en-appetit-de-tres-bon-gout-\\u2013-La-Semaine-_-2019.pdf\\\" target=\\\"_blank\\\" rel=\\\"noopener\\\">La Semaine: Semaine du Go\\u00fbt<\\\/a><\\\/p>\\n\n\n<p><a href=\\\"\\\/wp-content\\\/uploads\\\/2020\\\/10\\\/GAGYGNOLE-Somelier-Suisse-2019.pdf\\\" target=\\\"_blank\\\" rel=\\\"noopener\\\">Association Suisse Sommelier Professionnels<\\\/a><\\\/p>\\n\n\n<p><a href=\\\"http:\\\/\\\/www.pique-assiette.ch\\\/recettes\\\/595\\\" target=\\\"_blank\\\" rel=\\\"noopener\\\">Pique Assiette (Vid\\u00e9o)<\\\/a><\\\/p>\"}}]},{\"name\":\"\",\"type\":\"accordion\",\"props\":{\"multiple\":false,\"collapsible\":true,\"margin\":\"medium\",\"show_image\":true,\"show_link\":true,\"title_element\":\"h3\",\"image_align\":\"top\",\"image_grid_width\":\"1-2\",\"link_text\":\"Read more\",\"link_style\":\"default\",\"image_svg_color\":\"emphasis\",\"margin_remove_top\":true,\"image_grid_breakpoint\":\"m\",\"content_column_breakpoint\":\"m\"},\"children\":[{\"type\":\"accordion_item\",\"props\":{\"title\":\"2018\",\"content\":\"\n\n<p><a href=\\\"http:\\\/\\\/str16.infomaniak.ch\\\/dl\\\/d3a7738021105480e326c715de0c6ab3\\\/5f7de182\\\/arcinfo\\\/j\\\/u\\\/jurashow_20.11.18.1355.32.mp4\\\" target=\\\"_blank\\\" rel=\\\"noopener\\\">Jura Show<\\\/a><\\\/p>\\n\n\n<p><a href=\\\"\\\/wp-content\\\/uploads\\\/2020\\\/10\\\/whisky-terre-nature-2018.pdf\\\" target=\\\"_blank\\\" rel=\\\"noopener\\\">Terre et Nature: Le Whisky<\\\/a><\\\/p>\"}}]},{\"name\":\"\",\"type\":\"accordion\",\"props\":{\"multiple\":false,\"collapsible\":true,\"margin\":\"medium\",\"show_image\":true,\"show_link\":true,\"title_element\":\"h3\",\"image_align\":\"top\",\"image_grid_width\":\"1-2\",\"link_text\":\"Read more\",\"link_style\":\"default\",\"image_svg_color\":\"emphasis\",\"margin_remove_top\":true,\"image_grid_breakpoint\":\"m\",\"content_column_breakpoint\":\"m\"},\"children\":[{\"type\":\"accordion_item\",\"props\":{\"title\":\"2017\",\"content\":\"\n\n<p><a href=\\\"\\\/wp-content\\\/uploads\\\/2020\\\/10\\\/Les-breuvages-de-Gagygnole-ont-la-cote-et-se-developpent-_-Journal-du-Jura-24.05.2017.pdf\\\" target=\\\"_blank\\\" rel=\\\"noopener\\\">Journal du Jura: Les breuvages de Gagygnole<\\\/a><\\\/p>\\n\n\n<p><a href=\\\"\\\/wp-content\\\/uploads\\\/2020\\\/10\\\/Un-nouvel-elan-pour-les-nectars-de-Gagygnole-_-Journal-du-Jura-24.05.2017.pdf\\\" target=\\\"_blank\\\" rel=\\\"noopener\\\">Journal du Jura: Un nouvel \\u00e9lan pour les nectars de Gagygnole<\\\/a><\\\/p>\"}}]},{\"name\":\"\",\"type\":\"accordion\",\"props\":{\"multiple\":false,\"collapsible\":true,\"margin\":\"medium\",\"show_image\":true,\"show_link\":true,\"title_element\":\"h3\",\"image_align\":\"top\",\"image_grid_width\":\"1-2\",\"link_text\":\"Read more\",\"link_style\":\"default\",\"image_svg_color\":\"emphasis\",\"margin_remove_top\":true,\"image_grid_breakpoint\":\"m\",\"content_column_breakpoint\":\"m\"},\"children\":[{\"type\":\"accordion_item\",\"props\":{\"title\":\"2015\",\"content\":\"\n\n<ul>\\n\n\n<li>\\n\n\n<p><a href=\\\"\\\/wp-content\\\/uploads\\\/2020\\\/10\\\/Des-flacons-fleurant-bon-la-region-_-Journal-du-Jura-22.07.2015.pdf\\\" target=\\\"_blank\\\" rel=\\\"noopener\\\">Journal du Jura: Des Flacons fleurant bon la r\\u00e9gion<\\\/a><\\\/p>\\n\n\n<p><a href=\\\"\\\/wp-content\\\/uploads\\\/2020\\\/10\\\/Le-Jura-bernois-est-riche-mais-il-ne-le-sait-pas-Un-article-du-Petit-Jurassien-01.03.2015.pdf\\\" target=\\\"_blank\\\" rel=\\\"noopener\\\">Le petit Jurassien : Le Jura Bernois est riche, mais il ne le sait pas<\\\/a><\\\/p>\\n<\\\/li>\\n<\\\/ul>\"}}]}]}]}]},{\"name\":\"Contact\",\"type\":\"section\",\"props\":{\"width\":\"large\",\"padding\":\"small\",\"style\":\"default\",\"padding_remove_top\":true,\"image_size\":\"cover\",\"image_position\":\"center-center\",\"vertical_align\":\"middle\",\"title_position\":\"top-left\",\"title_rotation\":\"left\",\"title_breakpoint\":\"xl\",\"animation\":\"slide-bottom-medium\",\"animation_delay\":\"200\",\"status\":\"disabled\"},\"children\":[{\"name\":\"\",\"type\":\"row\",\"children\":[{\"name\":\"\",\"type\":\"column\",\"props\":{\"image_position\":\"center-center\",\"media_overlay_gradient\":\"\",\"width_medium\":\"1-1\"},\"children\":[{\"name\":\"\",\"type\":\"divider\",\"props\":{\"margin\":\"large\",\"divider_element\":\"hr\"}}]}]},{\"name\":\"\",\"type\":\"row\",\"props\":{\"column_gap\":\"large\",\"row_gap\":\"large\"},\"children\":[{\"name\":\"\",\"type\":\"column\",\"props\":{\"image_position\":\"center-center\",\"media_overlay_gradient\":\"\",\"width_medium\":\"1-1\"},\"children\":[{\"name\":\"\",\"type\":\"headline\",\"props\":{\"title_element\":\"h3\",\"content\":\"Contact\",\"text_align\":\"left\"}}]}]},{\"name\":\"\",\"type\":\"row\",\"props\":{\"layout\":\"1-3,1-3,1-3\",\"column_gap\":\"large\",\"row_gap\":\"large\"},\"children\":[{\"name\":\"\",\"type\":\"column\",\"props\":{\"image_position\":\"center-center\",\"media_overlay_gradient\":\"\",\"width_medium\":\"1-3\"},\"children\":[{\"name\":\"\",\"type\":\"description_list\",\"props\":{\"layout\":\"grid-2\",\"title_style\":\"text-bold\",\"show_title\":true,\"show_meta\":true,\"show_content\":true,\"show_link\":true,\"meta_style\":\"meta\",\"meta_align\":\"below-content\",\"title_grid_column_gap\":\"small\",\"title_grid_row_gap\":\"small\",\"title_grid_breakpoint\":\"\",\"title_grid_width\":\"small\",\"list_size\":\"\",\"list_element\":\"ul\",\"column_breakpoint\":\"m\",\"title_element\":\"div\"},\"children\":[{\"name\":\"\",\"type\":\"description_list_item\",\"props\":{\"title\":\"T\\u00e9l\\u00e9phone\",\"content\":\"\n\n<p><a href=\\\"tel:tel:+41794163041\\\">+41 79 416 30 41<\\\/a><\\\/p>\"}},{\"name\":\"\",\"type\":\"description_list_item\",\"props\":{\"title\":\"Email\",\"content\":\"<a href=\\\"mailto:info@gagygnole.ch\\\">info@gagygnole.ch<\\\/a>\"}}]}]},{\"name\":\"\",\"type\":\"column\",\"props\":{\"image_position\":\"center-center\",\"media_overlay_gradient\":\"\",\"width_medium\":\"1-3\"},\"children\":[{\"name\":\"\",\"type\":\"description_list\",\"props\":{\"title_style\":\"text-bold\",\"layout\":\"grid-2\",\"show_title\":true,\"show_meta\":true,\"show_content\":true,\"show_link\":true,\"meta_style\":\"meta\",\"meta_align\":\"below-content\",\"title_grid_column_gap\":\"small\",\"title_grid_row_gap\":\"small\",\"title_grid_breakpoint\":\"\",\"title_grid_width\":\"small\",\"list_size\":\"\",\"list_element\":\"ul\",\"column_breakpoint\":\"m\",\"title_element\":\"div\"},\"children\":[{\"name\":\"\",\"type\":\"description_list_item\",\"props\":{\"title\":\"Adresse\",\"content\":\"Derri\\u00e8re les H\\u00f4tas 25<br \/>\\n2748 Souboz<br \/>\\nSuisse\"}}]}]},{\"name\":\"\",\"type\":\"column\",\"props\":{\"image_position\":\"center-center\",\"media_overlay_gradient\":\"\",\"width_medium\":\"1-3\"},\"children\":[{\"name\":\"\",\"type\":\"description_list\",\"props\":{\"title_style\":\"text-bold\",\"layout\":\"grid-2\",\"show_title\":true,\"show_meta\":true,\"show_content\":true,\"show_link\":true,\"meta_style\":\"meta\",\"meta_align\":\"below-content\",\"title_grid_column_gap\":\"small\",\"title_grid_row_gap\":\"small\",\"title_grid_breakpoint\":\"\",\"title_grid_width\":\"small\",\"list_size\":\"\",\"list_element\":\"ul\",\"column_breakpoint\":\"m\",\"title_element\":\"div\"},\"children\":[{\"name\":\"\",\"type\":\"description_list_item\",\"props\":{\"title\":\"Social\",\"content\":\"<a class=\\\"uk-link-reset\\\" href=\\\"https:\\\/\\\/www.instagram.com\\\/gagygnole\\\/\\\">Instagram<\\\/a><br \/>\\n<a class=\\\"uk-link-reset\\\" href=\\\"https:\\\/\\\/www.facebook.com\\\/gagygnole\\\/\\\">Facebook<\\\/a>\"}}]}]}]}]}],\"version\":\"2.5.10\"} --><\/p>\n","protected":false},"excerpt":{"rendered":"<p>Reden wir \u00fcber Gagynole ? Was man von Gagygnole in den Medien erz\u00e4hlt\u2026 2021 Le Matin Wacholder 100% Lokal Rezept Terrine mit Souboziane Quotidien Jurassien 2020 Trois Fr\u00e8res, une passion 20 minuten 20 Minuten Artikel 2019 Micro Journal: Les For\u00e7ats de l&#8217;amertume Illustr\u00e9 Concours Suisse des produits du terroir Aide Suisse \u00e0 la montagne: Les [&hellip;]<\/p>\n","protected":false},"author":1,"featured_media":0,"parent":0,"menu_order":0,"comment_status":"closed","ping_status":"closed","template":"","meta":{"footnotes":""},"class_list":["post-1476","page","type-page","status-publish","hentry"],"_links":{"self":[{"href":"https:\/\/soubozdrinks.ch\/de\/wp-json\/wp\/v2\/pages\/1476","targetHints":{"allow":["GET"]}}],"collection":[{"href":"https:\/\/soubozdrinks.ch\/de\/wp-json\/wp\/v2\/pages"}],"about":[{"href":"https:\/\/soubozdrinks.ch\/de\/wp-json\/wp\/v2\/types\/page"}],"author":[{"embeddable":true,"href":"https:\/\/soubozdrinks.ch\/de\/wp-json\/wp\/v2\/users\/1"}],"replies":[{"embeddable":true,"href":"https:\/\/soubozdrinks.ch\/de\/wp-json\/wp\/v2\/comments?post=1476"}],"version-history":[{"count":8,"href":"https:\/\/soubozdrinks.ch\/de\/wp-json\/wp\/v2\/pages\/1476\/revisions"}],"predecessor-version":[{"id":8628,"href":"https:\/\/soubozdrinks.ch\/de\/wp-json\/wp\/v2\/pages\/1476\/revisions\/8628"}],"wp:attachment":[{"href":"https:\/\/soubozdrinks.ch\/de\/wp-json\/wp\/v2\/media?parent=1476"}],"curies":[{"name":"wp","href":"https:\/\/api.w.org\/{rel}","templated":true}]}}