{"id":212,"date":"2017-04-16T12:20:09","date_gmt":"2017-04-16T10:20:09","guid":{"rendered":"https:\/\/gagygnole.ch\/?page_id=212\/"},"modified":"2026-02-06T11:13:07","modified_gmt":"2026-02-06T10:13:07","slug":"kontakt","status":"publish","type":"page","link":"https:\/\/soubozdrinks.ch\/de\/accueil-2\/kontakt\/","title":{"rendered":"Kontakt"},"content":{"rendered":"<h1>Kontakt<\/h1>\n<ul>\n<li>\n<h3>TELEPHONE<\/h3>\n<div>\n<p><a class=\"uk-link-text\" href=\"tel:+41794163041\">+41 77 438 70 74<\/a><\/p>\n<\/div>\n<\/li>\n<li>\n<h3>MAIL<\/h3>\n<div>\n<p><a href=\"mailto:info@gagygnole.ch\">info@soubozdrinks.ch<\/a><\/p>\n<\/div>\n<\/li>\n<li>\n<h3>Adresse<\/h3>\n<div>\n<p>Hinter den H\u00f4tas 25<\/p>\n<p>2748 Souboz, Schweiz<\/p>\n<p><a href=\"https:\/\/goo.gl\/maps\/GM5tkU7S9ECpSbQz6\" target=\"_blank\" rel=\"noopener\">Google Map<\/a><\/p>\n<\/div>\n<\/li>\n<\/ul>\n<h1>Das Team<\/h1>\n<div>\n<h3>Tim Gyger<\/h3>\n<div>\n<p>Leiter der Verwaltung<\/p>\n<p>J\u00fcngster der Geschwister<\/p>\n<p>Traum vom Surfen in Nazar\u00e9<\/p>\n<p>Oft auf die Welle wartend<\/p>\n<\/div>\n<p><a href=\"mailto:tim@soubozdrinks.ch\">tim@soubozdrinks.ch<\/a><\/p>\n<\/div>\n<div>\n<h3>Luca Gyger<\/h3>\n<div>\n<p>Verantwortlicher b2b \/ Verkauf \/ Event<\/p>\n<p>Frangin medium<\/p>\n<p>Traum vom Umbau der Scheune in eine Wohnung<\/p>\n<p>H\u00e4ufig im Netz<\/p>\n<\/div>\n<p><a href=\"mailto:luca@soubozdrinks.ch\">luca@soubozdrinks.ch<\/a><\/p>\n<\/div>\n<div>\n<h3>Ga\u00ebtan Gyger<\/h3>\n<div>\n<p>Verantwortlich f\u00fcr Destillierapparat und Produktion<\/p>\n<p>Gro\u00dfer Bruder<\/p>\n<p>Traum von der Erschlie\u00dfung von La Gotte f\u00fcr ein Ferienchalet<\/p>\n<p>Oft ein bisschen \u00fcberall gleichzeitig<\/p>\n<\/div>\n<p><a href=\"mailto:gaetan@soubozdrinks.ch\">gaetan@soubozdrinks.ch<\/a><\/p>\n<\/div>\n<div>\n<h3>Lucie Eisinger<\/h3>\n<div>\n<p>Logistikmanager<\/p>\n<p>Nachbarin und Superm\u00f6we<\/p>\n<p>Traum von Lutz-Kaffees<\/p>\n<p>Oft zwischen dem Haus und der Brennerei<\/p>\n<\/div>\n<p><a href=\"mailto:lucie@soubozdrinks.ch\">lucie@soubozdrinks.ch<\/a><\/p>\n<\/div>\n<div>\n<h3>Serge M\u00e9rillat<\/h3>\n<div>\n<p>Verantwortlich f\u00fcr die Kommunikation<\/p>\n<p>Jugendfreund der drei Geschwister<\/p>\n<p>Traum vom Besuch in Scranton<\/p>\n<p>Oft nicht da<\/p>\n<\/div>\n<p><a href=\"mailto:serge@soubozdrinks.ch\">serge@soubozdrinks.ch<\/a><\/p>\n<\/div>\n<ul>\n<li>\n        <a href=\"https:\/\/soubozdrinks.ch\/de\/kategorie\/schnaps\/\">Spirituosen<\/a>\n    <\/li>\n<li>\n        <a href=\"https:\/\/soubozdrinks.ch\/de\/kategorie\/sans-alcool-de\/\">Ohne Alkohol<\/a>\n    <\/li>\n<li>\n        <a href=\"https:\/\/soubozdrinks.ch\/de\/accueil-2\/histoire\/\">Geschichte<\/a>\n    <\/li>\n<li>\n        <a href=\"https:\/\/soubozdrinks.ch\/de\/accueil-2\/gin-sur-mesure\/\">Ihr ma\u00dfgeschneiderter Gin<\/a>\n    <\/li>\n<\/ul>\n<p><!--more--><br \/>\n<!-- {\"name\":\"Contact\",\"type\":\"layout\",\"children\":[{\"name\":\"Contact\",\"type\":\"section\",\"props\":{\"header_transparent\":true,\"header_transparent_text_color\":\"dark\",\"height\":\"section\",\"height_offset_top\":true,\"image_parallax_bgx\":\"-120,0\",\"image_parallax_bgy\":\"0,180\",\"image_position\":\"center-left\",\"image_size\":\"cover\",\"media_overlay\":\"rgba(0, 0, 0, 0)\",\"padding_remove_bottom\":false,\"padding_remove_top\":false,\"style\":\"default\",\"title_breakpoint\":\"xl\",\"title_position\":\"top-left\",\"title_rotation\":\"left\",\"vertical_align\":\"middle\",\"width\":\"default\"},\"children\":[{\"type\":\"row\",\"children\":[{\"type\":\"column\",\"props\":{\"image_position\":\"center-center\",\"position_sticky_breakpoint\":\"m\",\"width_small\":\"1-1\"},\"children\":[{\"type\":\"headline\",\"props\":{\"content\":\"Contact\",\"title_element\":\"h1\",\"title_style\":\"heading-large\"}},{\"type\":\"grid\",\"props\":{\"content_column_breakpoint\":\"m\",\"filter_align\":\"left\",\"filter_all\":true,\"filter_grid_breakpoint\":\"m\",\"filter_grid_width\":\"auto\",\"filter_position\":\"top\",\"filter_style\":\"tab\",\"grid_default\":\"1\",\"grid_medium\":\"\",\"grid_row_gap\":\"large\",\"grid_small\":\"1\",\"icon_width\":80,\"image_align\":\"top\",\"image_grid_breakpoint\":\"m\",\"image_grid_width\":\"1-2\",\"image_svg_color\":\"emphasis\",\"item_animation\":true,\"link_style\":\"default\",\"link_text\":\"Read more\",\"margin\":\"large\",\"meta_align\":\"below-content\",\"meta_element\":\"div\",\"meta_style\":\"\",\"panel_padding\":\"default\",\"parallax_easing\":\"1\",\"show_content\":true,\"show_image\":true,\"show_link\":true,\"show_meta\":true,\"show_title\":true,\"text_align\":\"left\",\"text_align_fallback\":\"center\",\"title_align\":\"top\",\"title_element\":\"h3\",\"title_grid_breakpoint\":\"m\",\"title_grid_width\":\"1-2\",\"title_hover_style\":\"reset\",\"title_style\":\"text-large\"},\"children\":[{\"type\":\"grid_item\",\"props\":{\"content\":\"\n\n<p><a class=\\\"uk-link-text\\\" href=\\\"tel:+41794163041\\\">+41\\u00a0 77 438 70 74<\\\/a><\\\/p>\",\"meta\":\"\",\"title\":\"TELEPHONE\"}},{\"type\":\"grid_item\",\"props\":{\"content\":\"\n\n<p><a href=\\\"mailto:info@gagygnole.ch\\\">info@soubozdrinks.ch<\\\/a><\\\/p>\",\"meta\":\"\",\"title\":\"MAIL\"}},{\"type\":\"grid_item\",\"props\":{\"content\":\"\n\n<p>Derri\\u00e8re les H\\u00f4tas 25<\\\/p>\\n\n\n<p>2748 Souboz, Suisse<\\\/p>\\n\n\n<p><a href=\\\"https:\\\/\\\/goo.gl\\\/maps\\\/GM5tkU7S9ECpSbQz6\\\">Google Map<\\\/a><\\\/p>\",\"link_text\":\"MAP\",\"meta\":\"\",\"title\":\"Adresse\"}}]}]}]}]},{\"type\":\"section\",\"props\":{\"image_position\":\"center-center\",\"padding\":\"large\",\"style\":\"default\",\"title_breakpoint\":\"xl\",\"title_position\":\"top-left\",\"title_rotation\":\"left\",\"vertical_align\":\"middle\",\"width\":\"default\"},\"children\":[{\"type\":\"row\",\"children\":[{\"type\":\"column\",\"props\":{\"image_position\":\"center-center\",\"position_sticky_breakpoint\":\"m\"},\"children\":[{\"type\":\"text\",\"props\":{\"column_breakpoint\":\"m\",\"content\":\"\",\"margin\":\"default\"}}]}]}]},{\"type\":\"section\",\"props\":{\"image_position\":\"center-center\",\"style\":\"default\",\"title_breakpoint\":\"xl\",\"title_position\":\"top-left\",\"title_rotation\":\"left\",\"vertical_align\":\"middle\",\"width\":\"default\"},\"children\":[{\"type\":\"row\",\"children\":[{\"type\":\"column\",\"props\":{\"image_position\":\"center-center\",\"position_sticky_breakpoint\":\"m\"},\"children\":[{\"type\":\"headline\",\"props\":{\"content\":\"L'\\u00e9quipe\",\"margin\":\"large\",\"margin_remove_bottom\":false,\"title_element\":\"h1\",\"title_style\":\"heading-large\"}},{\"type\":\"panel\",\"props\":{\"content\":\"\n\n<p>Responsable administration<\\\/p>\\n\n\n<p>Plus jeune des frangins<\\\/p>\\n\n\n<p>R\\u00eave de\\u00a0 surfer \\u00e0 Nazar\\u00e9<\\\/p>\\n\n\n<p>Souvent en attente de la vague<\\\/p>\",\"content_column_breakpoint\":\"m\",\"icon_width\":80,\"image\":\"\",\"image_align\":\"left\",\"image_grid_breakpoint\":\"m\",\"image_grid_column_gap\":\"large\",\"image_grid_row_gap\":\"medium\",\"image_grid_width\":\"auto\",\"image_svg_color\":\"emphasis\",\"image_width\":300,\"link\":\"mailto:tim@soubozdrinks.ch\",\"link_style\":\"default\",\"link_text\":\"tim@soubozdrinks.ch\",\"margin\":\"xlarge\",\"margin_remove_top\":true,\"meta_align\":\"below-title\",\"meta_element\":\"div\",\"meta_style\":\"text-meta\",\"title\":\"Tim Gyger\",\"title_align\":\"top\",\"title_element\":\"h3\",\"title_grid_breakpoint\":\"m\",\"title_grid_width\":\"1-2\",\"title_hover_style\":\"reset\",\"title_link\":false,\"title_style\":\"text-large\"}},{\"type\":\"panel\",\"props\":{\"content\":\"\n\n<p>Responsable b2b \\\/ vente \\\/ event<\\\/p>\\n\n\n<p>Frangin medium<\\\/p>\\n\n\n<p>R\\u00eave de transformer sa grange en appart'<\\\/p>\\n\n\n<p>Souvent au filet<\\\/p>\",\"content_column_breakpoint\":\"m\",\"icon_width\":80,\"image\":\"\",\"image_align\":\"left\",\"image_grid_breakpoint\":\"m\",\"image_grid_column_gap\":\"large\",\"image_grid_row_gap\":\"medium\",\"image_grid_width\":\"auto\",\"image_svg_color\":\"emphasis\",\"image_width\":300,\"link\":\"mailto:luca@soubozdrinks.ch\",\"link_style\":\"default\",\"link_text\":\"luca@soubozdrinks.ch\",\"margin\":\"default\",\"meta_align\":\"below-title\",\"meta_element\":\"div\",\"meta_style\":\"text-meta\",\"title\":\"Luca Gyger\",\"title_align\":\"top\",\"title_element\":\"h3\",\"title_grid_breakpoint\":\"m\",\"title_grid_width\":\"1-2\",\"title_hover_style\":\"reset\",\"title_link\":false,\"title_style\":\"text-large\"}},{\"type\":\"panel\",\"props\":{\"content\":\"\n\n<p>Responsable alambic et production<\\\/p>\\n\n\n<p>Big\\u00a0 frangin<\\\/p>\\n\n\n<p>R\\u00eave de viabiliser la Gotte pour un chalet de vacance<\\\/p>\\n\n\n<p>Souvent un peu partout \\u00e0 la fois<\\\/p>\",\"content_column_breakpoint\":\"m\",\"icon_width\":80,\"image\":\"\",\"image_align\":\"left\",\"image_grid_breakpoint\":\"m\",\"image_grid_column_gap\":\"large\",\"image_grid_row_gap\":\"medium\",\"image_grid_width\":\"auto\",\"image_svg_color\":\"emphasis\",\"image_width\":300,\"link\":\"mailto:gaetan@soubozdrinks.ch\",\"link_style\":\"default\",\"link_text\":\"gaetan@soubozdrinks.ch\",\"margin\":\"xlarge\",\"meta_align\":\"below-title\",\"meta_element\":\"div\",\"meta_style\":\"text-meta\",\"title\":\"Ga\\u00ebtan Gyger\",\"title_align\":\"top\",\"title_element\":\"h3\",\"title_grid_breakpoint\":\"m\",\"title_grid_width\":\"1-2\",\"title_hover_style\":\"reset\",\"title_link\":false,\"title_style\":\"text-large\"}},{\"type\":\"panel\",\"props\":{\"content\":\"\n\n<p>Responsable logistique<\\\/p>\\n\n\n<p>Voisine et super meuf<\\\/p>\\n\n\n<p>R\\u00eave de\\u00a0 caf\\u00e9s lutz<\\\/p>\\n\n\n<p>Souvent entre la maison et la distillerie<\\\/p>\",\"content_column_breakpoint\":\"m\",\"icon_width\":80,\"image\":\"\",\"image_align\":\"left\",\"image_grid_breakpoint\":\"m\",\"image_grid_column_gap\":\"large\",\"image_grid_row_gap\":\"medium\",\"image_grid_width\":\"auto\",\"image_svg_color\":\"emphasis\",\"image_width\":300,\"link\":\"mailto:lucie@soubozdrinks.ch\",\"link_style\":\"default\",\"link_text\":\"lucie@soubozdrinks.ch\",\"margin\":\"xlarge\",\"meta_align\":\"below-title\",\"meta_element\":\"div\",\"meta_style\":\"text-meta\",\"title\":\"Lucie Eisinger\",\"title_align\":\"top\",\"title_element\":\"h3\",\"title_grid_breakpoint\":\"m\",\"title_grid_width\":\"1-2\",\"title_hover_style\":\"reset\",\"title_link\":false,\"title_style\":\"text-large\"}},{\"type\":\"panel\",\"props\":{\"content\":\"\n\n<p>Responsable de la communication<\\\/p>\\n\n\n<p>Ami d'enfance des trois frangins<\\\/p>\\n\n\n<p>R\\u00eave de visiter Scranton<\\\/p>\\n\n\n<p>Souvent pas l\\u00e0<\\\/p>\",\"content_column_breakpoint\":\"m\",\"icon_width\":80,\"image\":\"\",\"image_align\":\"left\",\"image_grid_breakpoint\":\"m\",\"image_grid_column_gap\":\"large\",\"image_grid_width\":\"auto\",\"image_svg_color\":\"emphasis\",\"image_width\":300,\"link\":\"mailto:serge@soubozdrinks.ch\",\"link_style\":\"default\",\"link_text\":\"serge@soubozdrinks.ch\",\"margin\":\"xlarge\",\"meta_align\":\"below-title\",\"meta_element\":\"div\",\"meta_style\":\"text-meta\",\"title\":\"Serge M\\u00e9rillat\",\"title_align\":\"top\",\"title_element\":\"h3\",\"title_grid_breakpoint\":\"m\",\"title_grid_width\":\"1-2\",\"title_hover_style\":\"reset\",\"title_link\":false,\"title_style\":\"text-large\"}}]}]}]},{\"type\":\"section\",\"props\":{\"image_position\":\"center-center\",\"padding_remove_top\":false,\"style\":\"default\",\"title_breakpoint\":\"xl\",\"title_position\":\"top-left\",\"title_rotation\":\"left\",\"vertical_align\":\"middle\",\"width\":\"default\"},\"children\":[{\"type\":\"row\",\"children\":[{\"type\":\"column\",\"props\":{\"image_position\":\"center-center\",\"position_sticky_breakpoint\":\"m\"},\"children\":[{\"type\":\"button\",\"props\":{\"grid_column_gap\":\"small\",\"grid_row_gap\":\"small\",\"margin\":\"default\"},\"children\":[{\"type\":\"button_item\",\"props\":{\"button_style\":\"default\",\"content\":\"Spiritueux\",\"icon_align\":\"left\",\"link\":\"\\\/categorie\\\/spiritueux\\\/\",\"link_title\":\"Spiritueux\"}},{\"type\":\"button_item\",\"props\":{\"button_style\":\"default\",\"content\":\"Sans alcool\",\"icon_align\":\"left\",\"link\":\"\\\/categorie\\\/sans-alcool\\\/\",\"link_title\":\"Sans alcool\"}},{\"type\":\"button_item\",\"props\":{\"button_style\":\"default\",\"content\":\"Histoire\",\"icon_align\":\"left\",\"link\":\"\\\/accueil\\\/histoire\\\/\"}},{\"type\":\"button_item\",\"props\":{\"button_style\":\"default\",\"content\":\"Ton gin sur mesure\",\"icon_align\":\"left\",\"link\":\"\\\/accueil\\\/ginsuremesure\\\/\",\"link_title\":\"Ton gin sur mesure\"}}]}]}]}]},{\"type\":\"section\",\"props\":{\"image_position\":\"center-center\",\"style\":\"default\",\"title_breakpoint\":\"xl\",\"title_position\":\"top-left\",\"title_rotation\":\"left\",\"vertical_align\":\"middle\",\"width\":\"default\"},\"children\":[{\"type\":\"row\",\"children\":[{\"type\":\"column\",\"props\":{\"image_position\":\"center-center\",\"position_sticky_breakpoint\":\"m\"}}]}]},{\"type\":\"section\",\"props\":{\"image_position\":\"center-center\",\"style\":\"default\",\"title_breakpoint\":\"xl\",\"title_position\":\"top-left\",\"title_rotation\":\"left\",\"vertical_align\":\"middle\",\"width\":\"default\"},\"children\":[{\"type\":\"row\",\"children\":[{\"type\":\"column\",\"props\":{\"image_position\":\"center-center\",\"position_sticky_breakpoint\":\"m\"}}]}]}],\"version\":\"4.4.4\"} --><\/p>\n","protected":false},"excerpt":{"rendered":"<p>Kontakt TELEPHONE +41 77 438 70 74 MAIL info@soubozdrinks.ch Adresse Hinter den H\u00f4tas 25 2748 Souboz, Schweiz Google Map Das Team Tim Gyger Leiter der Verwaltung J\u00fcngster der Geschwister Traum vom Surfen in Nazar\u00e9 Oft auf die Welle wartend tim@soubozdrinks.ch Luca Gyger Verantwortlicher b2b \/ Verkauf \/ Event Frangin medium Traum vom Umbau der Scheune [&hellip;]<\/p>\n","protected":false},"author":1,"featured_media":0,"parent":1312,"menu_order":5,"comment_status":"closed","ping_status":"closed","template":"","meta":{"footnotes":""},"class_list":["post-212","page","type-page","status-publish","hentry"],"_links":{"self":[{"href":"https:\/\/soubozdrinks.ch\/de\/wp-json\/wp\/v2\/pages\/212","targetHints":{"allow":["GET"]}}],"collection":[{"href":"https:\/\/soubozdrinks.ch\/de\/wp-json\/wp\/v2\/pages"}],"about":[{"href":"https:\/\/soubozdrinks.ch\/de\/wp-json\/wp\/v2\/types\/page"}],"author":[{"embeddable":true,"href":"https:\/\/soubozdrinks.ch\/de\/wp-json\/wp\/v2\/users\/1"}],"replies":[{"embeddable":true,"href":"https:\/\/soubozdrinks.ch\/de\/wp-json\/wp\/v2\/comments?post=212"}],"version-history":[{"count":36,"href":"https:\/\/soubozdrinks.ch\/de\/wp-json\/wp\/v2\/pages\/212\/revisions"}],"predecessor-version":[{"id":19494,"href":"https:\/\/soubozdrinks.ch\/de\/wp-json\/wp\/v2\/pages\/212\/revisions\/19494"}],"up":[{"embeddable":true,"href":"https:\/\/soubozdrinks.ch\/de\/wp-json\/wp\/v2\/pages\/1312"}],"wp:attachment":[{"href":"https:\/\/soubozdrinks.ch\/de\/wp-json\/wp\/v2\/media?parent=212"}],"curies":[{"name":"wp","href":"https:\/\/api.w.org\/{rel}","templated":true}]}}