{"id":4509,"date":"2020-06-04T09:49:21","date_gmt":"2020-06-04T07:49:21","guid":{"rendered":"https:\/\/gagygnole.ch\/cocktails\/"},"modified":"2026-01-30T15:53:07","modified_gmt":"2026-01-30T14:53:07","slug":"cocktails","status":"publish","type":"page","link":"https:\/\/soubozdrinks.ch\/de\/cocktails\/","title":{"rendered":"Recettes cocktails"},"content":{"rendered":"<h1>unsere super cocktails<\/h1>\n<div>\n<p>Wir laden Sie ein, die Welt der Mixologie von zu Hause aus zu entdecken. Unsere Sammlung an Cocktailrezepten stellt unsere au\u00dfergew\u00f6hnlichen Spirituosen in den Mittelpunkt und erm\u00f6glicht es Ihnen, Ihr eigener Barkeeper zu werden. Warum Hausmixologie?<\/p>\n<ul>\n<li>Volle Kontrolle: Kreieren Sie Cocktails ganz nach Ihrem Geschmack \u2013 mit den Zutaten und Mengenverh\u00e4ltnissen Ihrer Wahl.<\/li>\n<li>Kosteng\u00fcnstig: Sparen Sie Geld, indem Sie die Kosten f\u00fcr Cocktails beim Ausgehen vermeiden.<\/li>\n<li>Pers\u00f6nliche Zufriedenheit: Werden Sie zum perfekten Gastgeber, indem Sie Ihren G\u00e4sten einzigartige Cocktails anbieten.<\/li>\n<li>Geschmackliche Entdeckung: Entdecken Sie neue Aromen und unerwartete Kombinationen.<\/li>\n<\/ul>\n<p>Entdecken Sie unsere Rezeptsammlung \u2013 von Klassikern bis hin zu originellen Kreationen \u2013 begleitet von Expertentipps. Machen Sie sich bereit, die Kunst der Mixologie zu Hause zu genie\u00dfen, und sto\u00dfen Sie auf die Kreativit\u00e4t an!<\/p>\n<\/div>\n<ul>\n<li>\n<p><img decoding=\"async\" src=\"\/wp-content\/uploads\/2023\/03\/Screenshot-2023-03-01-at-11.00.24.png\" alt=\"\"><\/p>\n<h2>Grand Chasseral SOUR<\/h2>\n<div>\n<p><strong><a href=\"https:\/\/www.instagram.com\/p\/CpPZyRSgWNx\/?hl=fr\" target=\"_blank\" rel=\"noopener\">TUTO INSTA<\/a><\/strong><\/p>\n<\/div>\n<p><a href=\"\/wp-content\/uploads\/2023\/03\/Screenshot-2023-03-01-at-10.59.48.png\"><\/a><\/p>\n<\/li>\n<li>\n<p><img decoding=\"async\" src=\"\/wp-content\/uploads\/2020\/10\/SPRITZsuisse_recto-01.png\" alt=\"\"><\/p>\n<h2>Spritz Suisse<\/h2>\n<div>\n<p><a href=\"https:\/\/www.youtube.com\/watch?v=y_-uJjTC6Nk&amp;t\" target=\"_blank\" rel=\"noopener\"><strong>TUTO Youtube<\/strong><\/a><\/p>\n<\/div>\n<p><a href=\"\/wp-content\/uploads\/2020\/10\/SPRITZsuisse_verso-01.png\"><\/a><\/p>\n<\/li>\n<li>\n<p><img decoding=\"async\" src=\"\/wp-content\/uploads\/2020\/06\/clover-club-FR.jpg\" alt=\"\"><\/p>\n<h2>Clover Club<\/h2>\n<div>\n<p><strong><a href=\"https:\/\/www.youtube.com\/watch?v=FA_2O5jcbqc\" target=\"_blank\" rel=\"noopener\">TUTO Youtube<\/a><\/strong><\/p>\n<\/div>\n<p><a href=\"\/wp-content\/uploads\/2020\/06\/clover-club-FRV.jpg\"><\/a><\/p>\n<\/li>\n<li>\n<p><img decoding=\"async\" src=\"\/wp-content\/uploads\/2020\/06\/Espresso-martini-FR.jpg\" alt=\"\"><\/p>\n<h2>Espresso Martini<\/h2>\n<p><a href=\"\/wp-content\/uploads\/2020\/06\/Espresso-martini-FRV.jpg\"><\/a><\/p>\n<\/li>\n<li>\n<p><img decoding=\"async\" src=\"\/wp-content\/uploads\/2020\/06\/gin-the-nik-FR.jpg\" alt=\"\"><\/p>\n<h2>Gin Th\u00e9-Nik<\/h2>\n<div>\n<p><strong><a href=\"https:\/\/www.youtube.com\/watch?v=ZkHtw0nvQ9A&amp;feature=youtu.be\" target=\"_blank\" rel=\"noopener\">TUTO Youtube<\/a><\/strong><\/p>\n<\/div>\n<p><a href=\"\/wp-content\/uploads\/2020\/06\/gin-the-nik-FRV.jpg\"><\/a><\/p>\n<\/li>\n<li>\n<p><img decoding=\"async\" src=\"\/wp-content\/uploads\/2020\/06\/Negroni-FR.jpg\" alt=\"\"><\/p>\n<h2>Negroni du Terroir<\/h2>\n<div>\n<p><strong><a href=\"https:\/\/www.youtube.com\/watch?v=hEM9lVBWwQE&amp;t\" target=\"_blank\" rel=\"noopener\">TUTO Youtube<\/a><\/strong><\/p>\n<\/div>\n<p><a href=\"\/wp-content\/uploads\/2020\/06\/Negroni-FRV.jpg\"><\/a><\/p>\n<\/li>\n<li>\n<p><img decoding=\"async\" src=\"\/wp-content\/uploads\/2020\/06\/schlouk-FR.jpg\" alt=\"\"><\/p>\n<h2>Le Schlouk<\/h2>\n<div>\n<p><a href=\"https:\/\/www.youtube.com\/watch?v=v_1fRb8MyTI&amp;t\" target=\"_blank\" rel=\"noopener\"><strong>TUTO Youtube<\/strong><\/a><\/p>\n<\/div>\n<p><a href=\"\/wp-content\/uploads\/2020\/06\/schlouk-FRV.jpg\"><\/a><\/p>\n<\/li>\n<li>\n<p><img decoding=\"async\" src=\"\/wp-content\/uploads\/2020\/06\/souboziane-classic-FR.jpg\" alt=\"\"><\/p>\n<h2>Souboziane Classic<\/h2>\n<p><a href=\"\/wp-content\/uploads\/2020\/06\/souboziane-classic-FRV.jpg\"><\/a><\/p>\n<\/li>\n<li>\n<p><img decoding=\"async\" src=\"\/wp-content\/uploads\/2020\/06\/souboziane-tonic-FR.jpg\" alt=\"\"><\/p>\n<h2>Souboziane Tonic<\/h2>\n<div>\n<p><a href=\"https:\/\/www.youtube.com\/watch?v=bmZ9xg8C-Vc\" target=\"_blank\" rel=\"noopener\"><strong>TUTO Youtube<\/strong><\/a><\/p>\n<\/div>\n<p><a href=\"\/wp-content\/uploads\/2020\/06\/souboziane-tonic-FRV.jpg\"><\/a><\/p>\n<\/li>\n<li>\n<p><img decoding=\"async\" src=\"\/wp-content\/uploads\/2020\/06\/tim-collins-FR.jpg\" alt=\"\"><\/p>\n<h2>Tim Collins<\/h2>\n<div>\n<p><strong><a href=\"https:\/\/www.youtube.com\/watch?v=hEM9lVBWwQE&amp;t\" target=\"_blank\" rel=\"noopener\">TUTO Youtube<\/a><\/strong><\/p>\n<\/div>\n<p><a href=\"\/wp-content\/uploads\/2020\/06\/tim-collins-FRV.jpg\"><\/a><\/p>\n<\/li>\n<li>\n<p><img decoding=\"async\" src=\"\/wp-content\/uploads\/2020\/06\/vodka-amande-FR.jpg\" alt=\"\"><\/p>\n<h2>Vodka Amande Sour<\/h2>\n<p><a href=\"\/wp-content\/uploads\/2020\/06\/vodka-amande-FRV.jpg\"><\/a><\/p>\n<\/li>\n<li>\n<p><img decoding=\"async\" src=\"\/wp-content\/uploads\/2020\/06\/vodka-pomme-FR.jpg\" alt=\"\"><\/p>\n<h2>Vodka Jus de Pomme<\/h2>\n<p><a href=\"\/wp-content\/uploads\/2020\/06\/vodka-pomme-FRV.jpg\"><\/a><\/p>\n<\/li>\n<li>\n<p><img decoding=\"async\" src=\"\/wp-content\/uploads\/2020\/06\/vodka-mate-FR.jpg\" alt=\"\"><\/p>\n<h2>Vodka Mat\u00e9<\/h2>\n<div>\n<p><a href=\"https:\/\/www.youtube.com\/watch?v=G8N2RF0NiUU\" target=\"_blank\" rel=\"noopener\">TUTO Youtube<\/a><\/p>\n<\/div>\n<p><a href=\"\/wp-content\/uploads\/2020\/06\/vodka-mate-FRV.jpg\"><\/a><\/p>\n<\/li>\n<li>\n<p><img decoding=\"async\" src=\"\/wp-content\/uploads\/2020\/06\/white-lady-FR.jpg\" alt=\"\"><\/p>\n<h2>White Lady<\/h2>\n<div>\n<p><strong><a href=\"https:\/\/www.youtube.com\/watch?v=kCXF1vutffs&amp;t\" target=\"_blank\" rel=\"noopener\">TUTO Youtube<\/a><\/strong><\/p>\n<\/div>\n<p><a href=\"\/wp-content\/uploads\/2020\/06\/white-lady-FRV.jpg\"><\/a><\/p>\n<\/li>\n<\/ul>\n<p><!--more--><br \/>\n<!-- {\"name\":\"Products\",\"type\":\"layout\",\"children\":[{\"type\":\"section\",\"props\":{\"header_transparent\":true,\"header_transparent_text_color\":\"dark\",\"height\":\"viewport\",\"height_offset_top\":true,\"image\":\"wp-content\\\/uploads\\\/2023\\\/06\\\/cocktailcatering-7.jpg\",\"image_position\":\"center-center\",\"sticky\":\"cover\",\"style\":\"default\",\"title_breakpoint\":\"xl\",\"title_position\":\"top-left\",\"title_rotation\":\"left\",\"vertical_align\":\"middle\",\"width\":\"expand\"},\"children\":[{\"type\":\"row\",\"children\":[{\"type\":\"column\",\"props\":{\"image_position\":\"center-center\",\"position_sticky_breakpoint\":\"m\"},\"children\":[{\"type\":\"headline\",\"props\":{\"content\":\"unsere super cocktails\",\"text_align\":\"right\",\"title_element\":\"h1\",\"title_style\":\"h1\"}}]}]}],\"name\":\"HEADER\"},{\"type\":\"section\",\"props\":{\"image_position\":\"center-center\",\"style\":\"default\",\"title_breakpoint\":\"xl\",\"title_position\":\"top-left\",\"title_rotation\":\"left\",\"vertical_align\":\"\",\"width\":\"default\"},\"children\":[{\"type\":\"row\",\"children\":[{\"type\":\"column\",\"props\":{\"image_position\":\"center-center\",\"position_sticky_breakpoint\":\"m\"},\"children\":[{\"type\":\"text\",\"props\":{\"column_breakpoint\":\"m\",\"content\":\"\n\n<p>Wir laden Sie ein, die Welt der Mixologie von zu Hause aus zu entdecken. Unsere Sammlung an Cocktailrezepten stellt unsere au\\u00dfergew\\u00f6hnlichen Spirituosen in den Mittelpunkt und erm\\u00f6glicht es Ihnen, Ihr eigener Barkeeper zu werden. Warum Hausmixologie?<\\\/p>\\n\n\n<ul>\\n  \n\n<li>Volle Kontrolle: Kreieren Sie Cocktails ganz nach Ihrem Geschmack \\u2013 mit den Zutaten und Mengenverh\\u00e4ltnissen Ihrer Wahl.<\\\/li>\\n  \n\n<li>Kosteng\\u00fcnstig: Sparen Sie Geld, indem Sie die Kosten f\\u00fcr Cocktails beim Ausgehen vermeiden.<\\\/li>\\n  \n\n<li>Pers\\u00f6nliche Zufriedenheit: Werden Sie zum perfekten Gastgeber, indem Sie Ihren G\\u00e4sten einzigartige Cocktails anbieten.<\\\/li>\\n  \n\n<li>Geschmackliche Entdeckung: Entdecken Sie neue Aromen und unerwartete Kombinationen.<\\\/li>\\n<\\\/ul>\\n\n\n<p>Entdecken Sie unsere Rezeptsammlung \\u2013 von Klassikern bis hin zu originellen Kreationen \\u2013 begleitet von Expertentipps. Machen Sie sich bereit, die Kunst der Mixologie zu Hause zu genie\\u00dfen, und sto\\u00dfen Sie auf die Kreativit\\u00e4t an!<\\\/p>\\n\",\"margin\":\"default\"}}]}]}]},{\"type\":\"section\",\"props\":{\"image_position\":\"center-center\",\"style\":\"default\",\"title_breakpoint\":\"xl\",\"title_position\":\"top-left\",\"title_rotation\":\"left\",\"vertical_align\":\"\",\"width\":\"default\"},\"children\":[{\"type\":\"row\",\"children\":[{\"type\":\"column\",\"props\":{\"image_position\":\"center-center\",\"position_sticky_breakpoint\":\"m\"},\"children\":[{\"type\":\"grid\",\"props\":{\"class\":\"gg-cocktail\",\"content_column_breakpoint\":\"m\",\"content_margin\":\"remove\",\"filter\":true,\"filter_align\":\"center\",\"filter_all\":true,\"filter_all_label\":\"Alle\",\"filter_grid_breakpoint\":\"m\",\"filter_grid_width\":\"auto\",\"filter_margin\":\"large\",\"filter_position\":\"top\",\"filter_style\":\"tab\",\"grid_column_align\":false,\"grid_default\":\"2\",\"grid_divider\":false,\"grid_medium\":\"3\",\"grid_parallax\":\"0\",\"grid_small\":\"2\",\"grid_xlarge\":\"4\",\"icon_width\":80,\"image_align\":\"top\",\"image_box_shadow\":\"medium\",\"image_grid_breakpoint\":\"m\",\"image_grid_width\":\"1-2\",\"image_hover_box_shadow\":\"large\",\"image_link\":false,\"image_svg_color\":\"emphasis\",\"image_transition\":\"scale-up\",\"item_animation\":true,\"lightbox\":true,\"lightbox_image_orientation\":true,\"link_margin\":\"medium\",\"link_style\":\"default\",\"link_target\":true,\"link_text\":\"\",\"margin\":\"default\",\"meta_align\":\"below-title\",\"meta_element\":\"div\",\"meta_style\":\"text-meta\",\"panel_image_no_padding\":true,\"panel_link\":true,\"panel_padding\":\"default\",\"panel_style\":\"card-hover\",\"parallax_easing\":\"1\",\"show_content\":true,\"show_image\":true,\"show_link\":true,\"show_meta\":true,\"show_title\":true,\"text_align\":\"center\",\"title_align\":\"top\",\"title_element\":\"h2\",\"title_grid_breakpoint\":\"m\",\"title_grid_width\":\"1-2\",\"title_hover_style\":\"reset\",\"title_link\":false,\"title_style\":\"h4\"},\"children\":[{\"type\":\"grid_item\",\"props\":{\"content\":\"\n\n<p><strong><a href=\\\"https:\\\/\\\/www.instagram.com\\\/p\\\/CpPZyRSgWNx\\\/?hl=fr\\\">TUTO INSTA<\\\/a><\\\/strong><\\\/p>\",\"image\":\"wp-content\\\/uploads\\\/2023\\\/03\\\/Screenshot-2023-03-01-at-11.00.24.png\",\"link\":\"wp-content\\\/uploads\\\/2023\\\/03\\\/Screenshot-2023-03-01-at-10.59.48.png\",\"tags\":\"Schnapsseral\",\"title\":\"Grand Chasseral SOUR\"}},{\"type\":\"grid_item\",\"props\":{\"content\":\"\n\n<p><a href=\\\"https:\\\/\\\/www.youtube.com\\\/watch?v=y_-uJjTC6Nk&amp;t\\\" target=\\\"_blank\\\" rel=\\\"noopener\\\"><strong>TUTO Youtube<\\\/strong><\\\/a><\\\/p>\",\"image\":\"wp-content\\\/uploads\\\/2020\\\/10\\\/SPRITZsuisse_recto-01.png\",\"link\":\"wp-content\\\/uploads\\\/2020\\\/10\\\/SPRITZsuisse_verso-01.png\",\"meta\":\"\",\"tags\":\"Souboziane\",\"title\":\"Spritz Suisse\"}},{\"type\":\"grid_item\",\"props\":{\"content\":\"\n\n<p><strong><a href=\\\"https:\\\/\\\/www.youtube.com\\\/watch?v=FA_2O5jcbqc\\\" target=\\\"_blank\\\" rel=\\\"noopener\\\">TUTO Youtube<\\\/a><\\\/strong><\\\/p>\",\"image\":\"wp-content\\\/uploads\\\/2020\\\/06\\\/clover-club-FR.jpg\",\"link\":\"wp-content\\\/uploads\\\/2020\\\/06\\\/clover-club-FRV.jpg\",\"meta\":\"\",\"tags\":\"Fran-Gin, Dama-Gin\",\"title\":\"Clover Club\"}},{\"type\":\"grid_item\",\"props\":{\"content\":\"\",\"image\":\"wp-content\\\/uploads\\\/2020\\\/06\\\/Espresso-martini-FR.jpg\",\"link\":\"wp-content\\\/uploads\\\/2020\\\/06\\\/Espresso-martini-FRV.jpg\",\"tags\":\"Vodkatapulte\",\"title\":\"Espresso Martini\"}},{\"type\":\"grid_item\",\"props\":{\"content\":\"\n\n<p><strong><a href=\\\"https:\\\/\\\/www.youtube.com\\\/watch?v=ZkHtw0nvQ9A&amp;feature=youtu.be\\\" target=\\\"_blank\\\" rel=\\\"noopener\\\">TUTO Youtube<\\\/a><\\\/strong><\\\/p>\",\"image\":\"wp-content\\\/uploads\\\/2020\\\/06\\\/gin-the-nik-FR.jpg\",\"link\":\"wp-content\\\/uploads\\\/2020\\\/06\\\/gin-the-nik-FRV.jpg\",\"tags\":\"Fran-Gin, Dama-Gin\",\"title\":\"Gin Th\\u00e9-Nik\"}},{\"type\":\"grid_item\",\"props\":{\"content\":\"\n\n<p><strong><a href=\\\"https:\\\/\\\/www.youtube.com\\\/watch?v=hEM9lVBWwQE&amp;t\\\" target=\\\"_blank\\\" rel=\\\"noopener\\\">TUTO Youtube<\\\/a><\\\/strong><\\\/p>\",\"image\":\"wp-content\\\/uploads\\\/2020\\\/06\\\/Negroni-FR.jpg\",\"link\":\"wp-content\\\/uploads\\\/2020\\\/06\\\/Negroni-FRV.jpg\",\"meta\":\"\",\"tags\":\"Fran-Gin, Dama-Gin\",\"title\":\"Negroni du Terroir\"}},{\"type\":\"grid_item\",\"props\":{\"content\":\"\n\n<p><a href=\\\"https:\\\/\\\/www.youtube.com\\\/watch?v=v_1fRb8MyTI&amp;t\\\" target=\\\"_blank\\\" rel=\\\"noopener\\\"><strong>TUTO Youtube<\\\/strong><\\\/a><\\\/p>\",\"image\":\"wp-content\\\/uploads\\\/2020\\\/06\\\/schlouk-FR.jpg\",\"link\":\"wp-content\\\/uploads\\\/2020\\\/06\\\/schlouk-FRV.jpg\",\"meta\":\"\",\"tags\":\"Souboziane\",\"title\":\"Le Schlouk\"}},{\"type\":\"grid_item\",\"props\":{\"content\":\"\",\"image\":\"wp-content\\\/uploads\\\/2020\\\/06\\\/souboziane-classic-FR.jpg\",\"link\":\"wp-content\\\/uploads\\\/2020\\\/06\\\/souboziane-classic-FRV.jpg\",\"meta\":\"\",\"tags\":\"Souboziane\",\"title\":\"Souboziane Classic\"}},{\"type\":\"grid_item\",\"props\":{\"content\":\"\n\n<p><a href=\\\"https:\\\/\\\/www.youtube.com\\\/watch?v=bmZ9xg8C-Vc\\\" target=\\\"_blank\\\" rel=\\\"noopener\\\"><strong>TUTO Youtube<\\\/strong><\\\/a><\\\/p>\",\"image\":\"wp-content\\\/uploads\\\/2020\\\/06\\\/souboziane-tonic-FR.jpg\",\"link\":\"wp-content\\\/uploads\\\/2020\\\/06\\\/souboziane-tonic-FRV.jpg\",\"meta\":\"\",\"tags\":\"Souboziane\",\"title\":\"Souboziane Tonic\"}},{\"type\":\"grid_item\",\"props\":{\"content\":\"\n\n<p><strong><a href=\\\"https:\\\/\\\/www.youtube.com\\\/watch?v=hEM9lVBWwQE&amp;t\\\" target=\\\"_blank\\\" rel=\\\"noopener\\\">TUTO Youtube<\\\/a><\\\/strong><\\\/p>\",\"image\":\"wp-content\\\/uploads\\\/2020\\\/06\\\/tim-collins-FR.jpg\",\"link\":\"wp-content\\\/uploads\\\/2020\\\/06\\\/tim-collins-FRV.jpg\",\"meta\":\"\",\"tags\":\"Fran-Gin, Dama-Gin\",\"title\":\"Tim Collins\"}},{\"type\":\"grid_item\",\"props\":{\"content\":\"\",\"image\":\"wp-content\\\/uploads\\\/2020\\\/06\\\/vodka-amande-FR.jpg\",\"link\":\"wp-content\\\/uploads\\\/2020\\\/06\\\/vodka-amande-FRV.jpg\",\"meta\":\"\",\"tags\":\"Vodkatapulte\",\"title\":\"Vodka Amande Sour\"}},{\"type\":\"grid_item\",\"props\":{\"content\":\"\",\"image\":\"wp-content\\\/uploads\\\/2020\\\/06\\\/vodka-pomme-FR.jpg\",\"link\":\"wp-content\\\/uploads\\\/2020\\\/06\\\/vodka-pomme-FRV.jpg\",\"meta\":\"\",\"tags\":\"Vodkatapulte\",\"title\":\"Vodka Jus de Pomme\"}},{\"type\":\"grid_item\",\"props\":{\"content\":\"\n\n<p><a href=\\\"https:\\\/\\\/www.youtube.com\\\/watch?v=G8N2RF0NiUU\\\" target=\\\"_blank\\\" rel=\\\"noopener\\\">TUTO Youtube<\\\/a><\\\/p>\",\"image\":\"wp-content\\\/uploads\\\/2020\\\/06\\\/vodka-mate-FR.jpg\",\"link\":\"wp-content\\\/uploads\\\/2020\\\/06\\\/vodka-mate-FRV.jpg\",\"meta\":\"\",\"tags\":\"Vodkatapulte\",\"title\":\"Vodka Mat\\u00e9\"}},{\"type\":\"grid_item\",\"props\":{\"content\":\"\n\n<p><strong><a href=\\\"https:\\\/\\\/www.youtube.com\\\/watch?v=kCXF1vutffs&amp;t\\\" target=\\\"_blank\\\" rel=\\\"noopener\\\">TUTO Youtube<\\\/a><\\\/strong><\\\/p>\",\"image\":\"wp-content\\\/uploads\\\/2020\\\/06\\\/white-lady-FR.jpg\",\"link\":\"wp-content\\\/uploads\\\/2020\\\/06\\\/white-lady-FRV.jpg\",\"meta\":\"\",\"tags\":\"Souboziane\",\"title\":\"White Lady\"}}]}]}]}]}],\"version\":\"4.4.4\"} --><\/p>\n","protected":false},"excerpt":{"rendered":"<p>unsere super cocktails Wir laden Sie ein, die Welt der Mixologie von zu Hause aus zu entdecken. Unsere Sammlung an Cocktailrezepten stellt unsere au\u00dfergew\u00f6hnlichen Spirituosen in den Mittelpunkt und erm\u00f6glicht es Ihnen, Ihr eigener Barkeeper zu werden. Warum Hausmixologie? Volle Kontrolle: Kreieren Sie Cocktails ganz nach Ihrem Geschmack \u2013 mit den Zutaten und Mengenverh\u00e4ltnissen Ihrer [&hellip;]<\/p>\n","protected":false},"author":2,"featured_media":0,"parent":0,"menu_order":0,"comment_status":"closed","ping_status":"closed","template":"","meta":{"footnotes":""},"class_list":["post-4509","page","type-page","status-publish","hentry"],"_links":{"self":[{"href":"https:\/\/soubozdrinks.ch\/de\/wp-json\/wp\/v2\/pages\/4509","targetHints":{"allow":["GET"]}}],"collection":[{"href":"https:\/\/soubozdrinks.ch\/de\/wp-json\/wp\/v2\/pages"}],"about":[{"href":"https:\/\/soubozdrinks.ch\/de\/wp-json\/wp\/v2\/types\/page"}],"author":[{"embeddable":true,"href":"https:\/\/soubozdrinks.ch\/de\/wp-json\/wp\/v2\/users\/2"}],"replies":[{"embeddable":true,"href":"https:\/\/soubozdrinks.ch\/de\/wp-json\/wp\/v2\/comments?post=4509"}],"version-history":[{"count":36,"href":"https:\/\/soubozdrinks.ch\/de\/wp-json\/wp\/v2\/pages\/4509\/revisions"}],"predecessor-version":[{"id":19480,"href":"https:\/\/soubozdrinks.ch\/de\/wp-json\/wp\/v2\/pages\/4509\/revisions\/19480"}],"wp:attachment":[{"href":"https:\/\/soubozdrinks.ch\/de\/wp-json\/wp\/v2\/media?parent=4509"}],"curies":[{"name":"wp","href":"https:\/\/api.w.org\/{rel}","templated":true}]}}