{"id":743,"date":"2019-03-13T18:13:18","date_gmt":"2019-03-13T17:13:18","guid":{"rendered":"https:\/\/gagygnole.ch\/?page_id=743"},"modified":"2026-01-30T15:49:46","modified_gmt":"2026-01-30T14:49:46","slug":"degustation-2","status":"publish","type":"page","link":"https:\/\/soubozdrinks.ch\/de\/accueil-2\/degustation-2\/","title":{"rendered":"D\u00e9gustation"},"content":{"rendered":"<h1>BESUCH<\/h1>\n<div>\n<\/div>\n<div>\n<p>Wir \u00f6ffnen dir unser Hauptquartier, um dir die Welt von Gagygnole n\u00e4her zu bringen. Auf dem Programm steht eine Besichtigung der R\u00e4umlichkeiten und wir stellen Dir unseren Destillierapparat Ren\u00e9e vor und erkl\u00e4ren dir die Produktionstechniken.<\/p>\n<p>Dazu gibt\u2019s sicherlich die eine oder andere lustige Anekdote! Tauche in die magische Welt der lokalen, nat\u00fcrlichen und handwerklich hergestellten<br \/>Spirituosen von Gagygnole ein!<\/p>\n<\/div>\n<div>\n<h3>Besuch der Brennerei Degustation<\/p>\n<p>ohne Apero<\/h3>\n<p>25 CHF<\/p>\n<div>\n<p>Preis pro Person<\/p>\n<p>Bitte mindestens einen Monat im Voraus anmelden<\/p>\n<p>F\u00fchrungen in:<br \/>Deutsch, Franz\u00f6sisch, Englisch, Italienisch<\/p>\n<p>Mindestens 6 Personen<\/p>\n<p>Dauer ca. 1h30<\/p>\n<\/div>\n<p><a href=\"https:\/\/soubozdrinks.ch\/de\/accueil-2\/degustation-2\/buchung\/?visite=Visite+et+d%C3%A9gustation+sans+ap%C3%A9ro\">ANMELDUNG<\/a><\/p>\n<\/div>\n<div>\n<h3>BESUCH DER BRENNEREI<\/p>\n<p>Degustation + Apero aus dem Petit Val<\/h3>\n<p>32 CHF<\/p>\n<div>\n<p>Preis pro Person<\/p>\n<p>Bitte mindestens einen Monat im Voraus anmelden<\/p>\n<p>Supprim\u00e9 ! <\/p>\n<p>F\u00fchrungen in:<br \/>Deutsch, Franz\u00f6sisch, Englisch, Italienisch<\/p>\n<p>Mindestens 6 Personen<\/p>\n<p>Dauer ca. 2h30<\/p>\n<\/div>\n<p><a href=\"https:\/\/soubozdrinks.ch\/de\/accueil-2\/degustation-2\/buchung\/?visite=Visite+et+d%C3%A9gustation+avec+ap%C3%A9ro\">ANMELDUNG<\/a><\/p>\n<\/div>\n<ul>\n<li>\n<p>        <img decoding=\"async\" src=\"\/wp-content\/uploads\/2019\/05\/RENEE-scaled.jpg\" alt=\"\"><\/p>\n<\/li>\n<li>\n<p>        <img decoding=\"async\" src=\"\/wp-content\/uploads\/2020\/06\/Gagygnole_caveau-7.jpg\" alt=\"\"><\/p>\n<\/li>\n<li>\n<p>        <img decoding=\"async\" src=\"\/wp-content\/uploads\/2018\/05\/DEGUSTATIONWEBSITE-3.jpg\" alt=\"\"><\/p>\n<\/li>\n<li>\n<p>        <img decoding=\"async\" src=\"\/wp-content\/uploads\/2019\/05\/RENEE-1-scaled.jpg\" alt=\"\"><\/p>\n<\/li>\n<\/ul>\n<h2>H\u00e4ufig gestellte Fragen<\/h2>\n<ul>\n<li>\n<h3>Kann ich meinen Hund mitbringen?<\/h3>\n<div>\n<p>Hunde k\u00f6nnen drau\u00dfen angebunden werden. Bei Gagygnole gibt es au\u00dferdem ein paar Katzen, die ihr Revier verteidigen.<\/p>\n<p><\/div>\n<\/li>\n<li>\n<h3>Kann ich Gagygnole zu mir nach Hause holen?<\/h3>\n<div>\n<p>Gagygnole kann auch zu Ihnen kommen \u2013 f\u00fcr einen besonderen Anlass oder wenn Sie bei Ihnen zu Hause einen Ap\u00e9ro mit guten Produkten genie\u00dfen m\u00f6chten. Gagygnole stellt Ihnen gerne unseren Bartender \u201eLucastuce\u201c zur Verf\u00fcgung, der Ihnen leckere Cocktails mixt.<\/p>\n<\/div>\n<\/li>\n<\/ul>\n<ul>\n<li>\n<h3>Ist es m\u00f6glich, vor Ort zu bezahlen?<\/h3>\n<div>\n<p>Sie k\u00f6nnen vor Ort bar, mit Twint oder mit Bankkarte bezahlen. Die alte Postcard funktioniert nicht.<\/p>\n<p><\/div>\n<\/li>\n<li>\n<h3>Gibt es in Souboz einen Taxi-Service?<\/h3>\n<div>\n<p><a href=\"https:\/\/www.facebook.com\/MiniBusToursSarl\" target=\"_blank\" rel=\"noopener\">Minibustours.ch\u00a0<\/a><\/p>\n<\/div>\n<\/li>\n<\/ul>\n<p><!--more--><br \/>\n<!-- {\"name\":\"Pricing\",\"type\":\"layout\",\"children\":[{\"name\":\"Hero\",\"type\":\"section\",\"props\":{\"animation\":\"fade\",\"header_overlay\":\"light\",\"header_transparent\":true,\"height_viewport\":true,\"image\":\"wp-content\\\/uploads\\\/2019\\\/05\\\/ALAMBICGRIDDISCOVER-scaled.jpg\",\"image_effect\":\"parallax\",\"image_fixed\":false,\"image_loading\":true,\"image_parallax_bgy\":\"-130,150\",\"image_parallax_easing\":\"1\",\"image_position\":\"center-center\",\"image_size\":\"cover\",\"image_width\":\"2560\",\"media\":\"images\\\/home-header.jpg\",\"media_advanced\":true,\"media_overlay\":\"rgba(0, 0, 0, 0.24)\",\"overlap\":true,\"padding\":\"xlarge\",\"style\":\"secondary\",\"text_color\":\"light\",\"title_breakpoint\":\"xl\",\"title_position\":\"top-left\",\"title_rotation\":\"left\",\"vertical_align\":\"\",\"width\":\"default\"},\"children\":[{\"type\":\"row\",\"children\":[{\"type\":\"column\",\"props\":{\"image_position\":\"center-center\",\"position_sticky_breakpoint\":\"m\",\"width_medium\":\"1-1\"},\"children\":[{\"type\":\"headline\",\"props\":{\"content\":\"BESUCH\",\"text_align\":\"center\",\"title_element\":\"h1\",\"title_style\":\"heading-large\"}},{\"type\":\"text\",\"props\":{\"column_breakpoint\":\"m\",\"content\":\"\n\n<p><\\\/p>\",\"margin\":\"default\",\"text_align\":\"center\",\"text_style\":\"lead\"}}]}]}]},{\"name\":\"Offres\",\"type\":\"section\",\"props\":{\"animation\":\"slide-bottom-small\",\"animation_delay\":false,\"image_position\":\"center-center\",\"image_size\":\"cover\",\"padding\":\"large\",\"style\":\"muted\",\"title_breakpoint\":\"xl\",\"title_position\":\"top-left\",\"title_rotation\":\"left\",\"vertical_align\":\"\",\"width\":\"large\"},\"children\":[{\"type\":\"row\",\"props\":{\"column_gap\":\"large\",\"row_gap\":\"large\"},\"children\":[{\"type\":\"column\",\"children\":[{\"type\":\"text\",\"props\":{\"block_align\":\"center\",\"column_breakpoint\":\"m\",\"content\":\"\n\n<p>Wir \\u00f6ffnen dir unser Hauptquartier, um dir die Welt von Gagygnole n\\u00e4her zu bringen. Auf dem Programm steht eine Besichtigung der R\\u00e4umlichkeiten und wir stellen Dir unseren Destillierapparat Ren\\u00e9e vor und erkl\\u00e4ren dir die Produktionstechniken.<\\\/p>\\n\n\n<p>Dazu gibt\\u2019s sicherlich die eine oder andere lustige Anekdote! Tauche in die magische Welt der lokalen, nat\\u00fcrlichen und handwerklich hergestellten<br \\\/>Spirituosen von Gagygnole ein!<\\\/p>\",\"margin\":\"default\",\"maxwidth\":\"xlarge\",\"text_align\":\"center\"}}],\"props\":{\"image_position\":\"center-center\",\"position_sticky_breakpoint\":\"m\",\"width_medium\":\"1-1\"}}]},{\"type\":\"row\",\"props\":{\"column_gap\":\"large\",\"divider\":false,\"layout\":\"1-3,1-3,1-3\",\"margin\":\"large\",\"row_gap\":\"large\",\"vertical_align\":true},\"children\":[{\"type\":\"column\",\"props\":{\"image_position\":\"center-center\",\"position_sticky_breakpoint\":\"m\",\"width_medium\":\"1-3\"},\"children\":[{\"type\":\"panel\",\"props\":{\"animation\":\"slide-left-medium\",\"content\":\"\n\n<p>Preis pro Person<\\\/p>\\n\n\n<p>Bitte mindestens einen Monat im Voraus anmelden<\\\/p>\\n\n\n<p>F\\u00fchrungen in:<br \\\/>Deutsch, Franz\\u00f6sisch, Englisch, Italienisch<\\\/p>\\n\n\n<p>Mindestens 6 Personen<br \\\/><br \\\/>Dauer ca. 1h30<\\\/p>\",\"content_column_breakpoint\":\"m\",\"height_expand\":true,\"icon\":\"lifesaver\",\"icon_width\":80,\"image\":\"\",\"image_align\":\"top\",\"image_grid_breakpoint\":\"m\",\"image_grid_width\":\"1-2\",\"image_svg_color\":\"emphasis\",\"link\":\"reservation\\\/?visite=Visite%20et%20d\\u00e9gustation%20sans%20ap\\u00e9ro\",\"link_margin\":\"medium\",\"link_style\":\"default\",\"link_target\":true,\"link_text\":\"ANMELDUNG\",\"margin\":\"\",\"meta\":\"25 CHF\",\"meta_align\":\"below-title\",\"meta_element\":\"div\",\"meta_style\":\"heading-small\",\"panel_link\":true,\"panel_padding\":\"large\",\"panel_style\":\"card-default\",\"text_align\":\"center\",\"title\":\"Besuch der Brennerei Degustation\n\nohne Apero\",\"title_align\":\"top\",\"title_element\":\"h3\",\"title_grid_breakpoint\":\"m\",\"title_grid_width\":\"1-2\",\"title_hover_style\":\"reset\",\"title_style\":\"h4\"}}]},{\"type\":\"column\",\"props\":{\"image_position\":\"center-center\",\"position_sticky_breakpoint\":\"m\",\"width_medium\":\"1-3\"},\"children\":[{\"type\":\"panel\",\"props\":{\"animation\":\"slide-bottom-medium\",\"content\":\"\n\n<p>Preis pro Person<\\\/p>\\n\n\n<p>Bitte mindestens einen Monat im Voraus anmelden<\\\/p>\\nSupprim\\u00e9 ! \n\n<p>F\\u00fchrungen in:<br \\\/>Deutsch, Franz\\u00f6sisch, Englisch, Italienisch<\\\/p>\\n\n\n<p>Mindestens 6 Personen<br \\\/><br \\\/>Dauer ca. 2h30<\\\/p>\",\"content_column_breakpoint\":\"m\",\"height_expand\":true,\"icon\":\"happy\",\"icon_width\":80,\"image_align\":\"top\",\"image_grid_breakpoint\":\"m\",\"image_grid_width\":\"1-2\",\"image_svg_color\":\"emphasis\",\"link\":\"reservation\\\/?visite=Visite%20et%20d\\u00e9gustation%20avec%20ap\\u00e9ro\",\"link_margin\":\"medium\",\"link_style\":\"secondary\",\"link_text\":\"ANMELDUNG\",\"margin\":\"\",\"meta\":\"32 CHF\",\"meta_align\":\"below-title\",\"meta_element\":\"div\",\"meta_style\":\"heading-small\",\"panel_link\":true,\"panel_padding\":\"large\",\"panel_style\":\"card-primary\",\"text_align\":\"center\",\"title\":\"BESUCH DER BRENNEREI\n\nDegustation + Apero aus dem Petit Val\",\"title_align\":\"top\",\"title_element\":\"h3\",\"title_grid_breakpoint\":\"m\",\"title_grid_width\":\"1-2\",\"title_hover_style\":\"reset\",\"title_style\":\"h4\"}}]},{\"type\":\"column\",\"props\":{\"image_position\":\"center-center\",\"position_sticky_breakpoint\":\"m\",\"vertical_align\":\"middle\",\"width_medium\":\"1-3\"}}]}]},{\"name\":\"Gallery\",\"type\":\"section\",\"props\":{\"animation\":\"fade\",\"height\":\"section\",\"image_position\":\"center-center\",\"padding\":\"small\",\"style\":\"muted\",\"title_breakpoint\":\"xl\",\"title_position\":\"top-left\",\"title_rotation\":\"left\",\"vertical_align\":\"middle\",\"width\":\"default\"},\"children\":[{\"type\":\"row\",\"props\":{\"margin\":\"xlarge\"},\"children\":[{\"type\":\"column\",\"props\":{\"image_position\":\"center-center\",\"position_sticky_breakpoint\":\"m\",\"width_medium\":\"1-1\"},\"children\":[{\"type\":\"gallery\",\"props\":{\"content_transition\":\"slide-bottom-small\",\"filter\":false,\"filter_align\":\"left\",\"filter_all\":true,\"filter_grid_breakpoint\":\"m\",\"filter_grid_width\":\"auto\",\"filter_position\":\"top\",\"filter_style\":\"tab\",\"grid_column_gap\":\"medium\",\"grid_default\":\"2\",\"grid_medium\":\"3\",\"grid_row_gap\":\"medium\",\"grid_small\":\"2\",\"image_width\":\"610\",\"item_animation\":false,\"link_style\":\"default\",\"link_text\":\"\",\"margin\":\"default\",\"meta_align\":\"below-title\",\"meta_element\":\"div\",\"meta_style\":\"text-meta\",\"overlay_hover\":false,\"overlay_link\":true,\"overlay_margin\":\"small\",\"overlay_mode\":\"cover\",\"overlay_padding\":\"large\",\"overlay_position\":\"center\",\"overlay_style\":\"\",\"overlay_transition\":\"fade\",\"parallax_easing\":\"1\",\"show_content\":false,\"show_hover_image\":false,\"show_hover_video\":true,\"show_image2\":true,\"show_link\":false,\"show_meta\":false,\"show_title\":false,\"text_align\":\"center\",\"text_color\":\"\",\"title_decoration\":\"divider\",\"title_element\":\"h2\",\"title_hover_style\":\"reset\",\"title_style\":\"h4\",\"title_transition\":\"slide-top-small\"},\"children\":[{\"type\":\"gallery_item\",\"props\":{\"image\":\"wp-content\\\/uploads\\\/2019\\\/05\\\/RENEE-scaled.jpg\"}},{\"type\":\"gallery_item\",\"props\":{\"image\":\"wp-content\\\/uploads\\\/2020\\\/06\\\/Gagygnole_caveau-7.jpg\"}},{\"type\":\"gallery_item\",\"props\":{\"image\":\"wp-content\\\/uploads\\\/2018\\\/05\\\/DEGUSTATIONWEBSITE-3.jpg\"}},{\"type\":\"gallery_item\",\"props\":{\"image\":\"wp-content\\\/uploads\\\/2019\\\/05\\\/RENEE-1-scaled.jpg\"}}]}]}]}]},{\"name\":\"FAQ\",\"type\":\"section\",\"props\":{\"animation\":\"fade\",\"image_position\":\"center-center\",\"image_size\":\"cover\",\"padding\":\"large\",\"style\":\"muted\",\"title_breakpoint\":\"xl\",\"title_position\":\"top-left\",\"title_rotation\":\"left\",\"vertical_align\":\"\",\"width\":\"large\"},\"children\":[{\"type\":\"row\",\"children\":[{\"type\":\"column\",\"children\":[{\"type\":\"headline\",\"props\":{\"content\":\"H\\u00e4ufig gestellte Fragen\",\"text_align\":\"center\",\"title_element\":\"h2\",\"title_style\":\"h2\"}}],\"props\":{\"image_position\":\"center-center\",\"position_sticky_breakpoint\":\"m\",\"width_medium\":\"1-1\"}}]},{\"type\":\"row\",\"props\":{\"column_gap\":\"large\",\"layout\":\"1-2,1-2\",\"margin\":\"large\",\"row_gap\":\"large\"},\"children\":[{\"type\":\"column\",\"children\":[{\"type\":\"grid\",\"props\":{\"content_column_breakpoint\":\"m\",\"filter_align\":\"left\",\"filter_all\":true,\"filter_grid_breakpoint\":\"m\",\"filter_grid_width\":\"auto\",\"filter_position\":\"top\",\"filter_style\":\"tab\",\"grid_default\":\"1\",\"grid_medium\":\"\",\"icon_width\":80,\"image_align\":\"top\",\"image_grid_breakpoint\":\"m\",\"image_grid_width\":\"1-2\",\"image_svg_color\":\"emphasis\",\"item_animation\":true,\"link_style\":\"default\",\"link_text\":\"Read more\",\"margin\":\"default\",\"meta_align\":\"below-title\",\"meta_element\":\"div\",\"meta_style\":\"text-meta\",\"parallax_easing\":\"1\",\"show_content\":true,\"show_image\":true,\"show_link\":true,\"show_meta\":true,\"show_title\":true,\"title_align\":\"top\",\"title_element\":\"h3\",\"title_grid_breakpoint\":\"m\",\"title_grid_width\":\"1-2\",\"title_hover_style\":\"reset\",\"title_style\":\"h4\"},\"children\":[{\"type\":\"grid_item\",\"props\":{\"content\":\"\n\n<p>Hunde k\\u00f6nnen drau\\u00dfen angebunden werden. Bei Gagygnole gibt es au\\u00dferdem ein paar Katzen, die ihr Revier verteidigen.<\\\/p>\\n<br \\\/>\",\"title\":\"Kann ich meinen Hund mitbringen?\"}},{\"type\":\"grid_item\",\"props\":{\"content\":\"\n\n<p>Gagygnole kann auch zu Ihnen kommen \\u2013 f\\u00fcr einen besonderen Anlass oder wenn Sie bei Ihnen zu Hause einen Ap\\u00e9ro mit guten Produkten genie\\u00dfen m\\u00f6chten. Gagygnole stellt Ihnen gerne unseren Bartender \\u201eLucastuce\\u201c zur Verf\\u00fcgung, der Ihnen leckere Cocktails mixt.<\\\/p>\",\"title\":\"Kann ich Gagygnole zu mir nach Hause holen?\"}}]}],\"props\":{\"image_position\":\"center-center\",\"position_sticky_breakpoint\":\"m\",\"width_medium\":\"1-2\"}},{\"type\":\"column\",\"children\":[{\"type\":\"grid\",\"props\":{\"content_column_breakpoint\":\"m\",\"filter_align\":\"left\",\"filter_all\":true,\"filter_grid_breakpoint\":\"m\",\"filter_grid_width\":\"auto\",\"filter_position\":\"top\",\"filter_style\":\"tab\",\"grid_default\":\"1\",\"grid_medium\":\"\",\"icon_width\":80,\"image_align\":\"top\",\"image_grid_breakpoint\":\"m\",\"image_grid_width\":\"1-2\",\"image_svg_color\":\"emphasis\",\"item_animation\":true,\"link_style\":\"default\",\"link_text\":\"Read more\",\"margin\":\"default\",\"meta_align\":\"below-title\",\"meta_element\":\"div\",\"meta_style\":\"text-meta\",\"parallax_easing\":\"1\",\"show_content\":true,\"show_image\":true,\"show_link\":true,\"show_meta\":true,\"show_title\":true,\"title_align\":\"top\",\"title_element\":\"h3\",\"title_grid_breakpoint\":\"m\",\"title_grid_width\":\"1-2\",\"title_hover_style\":\"reset\",\"title_style\":\"h4\"},\"children\":[{\"type\":\"grid_item\",\"props\":{\"content\":\"\n\n<p>Sie k\\u00f6nnen vor Ort bar, mit Twint oder mit Bankkarte bezahlen. Die alte Postcard funktioniert nicht.<\\\/p> <br \\\/>\",\"title\":\"Ist es m\\u00f6glich, vor Ort zu bezahlen?\"}},{\"type\":\"grid_item\",\"props\":{\"content\":\"\n\n<p><a href=\\\"https:\\\/\\\/www.facebook.com\\\/MiniBusToursSarl\\\">Minibustours.ch\\u00a0<\\\/a><\\\/p>\",\"title\":\"Gibt es in Souboz einen Taxi-Service?\"}}]}],\"props\":{\"image_position\":\"center-center\",\"position_sticky_breakpoint\":\"m\",\"width_medium\":\"1-2\"}}]}]}],\"version\":\"4.4.4\"} --><\/p>\n","protected":false},"excerpt":{"rendered":"<p>BESUCH Wir \u00f6ffnen dir unser Hauptquartier, um dir die Welt von Gagygnole n\u00e4her zu bringen. Auf dem Programm steht eine Besichtigung der R\u00e4umlichkeiten und wir stellen Dir unseren Destillierapparat Ren\u00e9e vor und erkl\u00e4ren dir die Produktionstechniken. Dazu gibt\u2019s sicherlich die eine oder andere lustige Anekdote! Tauche in die magische Welt der lokalen, nat\u00fcrlichen und handwerklich [&hellip;]<\/p>\n","protected":false},"author":1,"featured_media":0,"parent":1312,"menu_order":6,"comment_status":"closed","ping_status":"closed","template":"","meta":{"footnotes":""},"class_list":["post-743","page","type-page","status-publish","hentry"],"_links":{"self":[{"href":"https:\/\/soubozdrinks.ch\/de\/wp-json\/wp\/v2\/pages\/743","targetHints":{"allow":["GET"]}}],"collection":[{"href":"https:\/\/soubozdrinks.ch\/de\/wp-json\/wp\/v2\/pages"}],"about":[{"href":"https:\/\/soubozdrinks.ch\/de\/wp-json\/wp\/v2\/types\/page"}],"author":[{"embeddable":true,"href":"https:\/\/soubozdrinks.ch\/de\/wp-json\/wp\/v2\/users\/1"}],"replies":[{"embeddable":true,"href":"https:\/\/soubozdrinks.ch\/de\/wp-json\/wp\/v2\/comments?post=743"}],"version-history":[{"count":44,"href":"https:\/\/soubozdrinks.ch\/de\/wp-json\/wp\/v2\/pages\/743\/revisions"}],"predecessor-version":[{"id":19479,"href":"https:\/\/soubozdrinks.ch\/de\/wp-json\/wp\/v2\/pages\/743\/revisions\/19479"}],"up":[{"embeddable":true,"href":"https:\/\/soubozdrinks.ch\/de\/wp-json\/wp\/v2\/pages\/1312"}],"wp:attachment":[{"href":"https:\/\/soubozdrinks.ch\/de\/wp-json\/wp\/v2\/media?parent=743"}],"curies":[{"name":"wp","href":"https:\/\/api.w.org\/{rel}","templated":true}]}}