{"id":12270,"date":"2022-12-06T14:37:05","date_gmt":"2022-12-06T13:37:05","guid":{"rendered":"https:\/\/gagygnole.ch\/?post_type=product&#038;p=12270"},"modified":"2025-11-14T04:55:33","modified_gmt":"2025-11-14T03:55:33","slug":"weihnachtsbaumgin","status":"publish","type":"product","link":"https:\/\/soubozdrinks.ch\/de\/ichhabedurst\/weihnachtsbaumgin\/","title":{"rendered":"GIN WEIHNACHTSBAUM &#8211; 20cl"},"content":{"rendered":"","protected":false},"excerpt":{"rendered":"<p>Vorsicht, das brennt! Der Weihnachtsbaum-Gin kommt gerade rechtzeitig, um einen Platz auf Ihrer Geschenkliste zu ergattern. Seine Geschichte? Wir haben einfach unseren Weihnachtsbaum aus dem letzten Jahr destilliert. Das Ergebnis? Ein Hauch von Nadelb\u00e4umen, der Ihre Lametta umschmeichelt. Das Wort des Weihnachtsmannes.<\/p>\n<p>PS: Die kleinen Flammen sind sch\u00f6n und gut, aber wir haben die Flaschen f\u00fcr das Foto mit Wasser gef\u00fcllt. Bitte kopieren Sie das nicht in Ihr Haus, sonst wird Ihr Gin zu einem Molotowcocktail.<\/p>\n","protected":false},"featured_media":12272,"comment_status":"closed","ping_status":"closed","template":"","meta":[],"product_brand":[],"product_cat":[155,33],"product_tag":[],"class_list":{"0":"post-12270","1":"product","2":"type-product","3":"status-publish","4":"has-post-thumbnail","6":"product_cat-gin-de","7":"product_cat-schnaps","9":"first","10":"instock","11":"taxable","12":"shipping-taxable","13":"purchasable","14":"product-type-simple"},"_links":{"self":[{"href":"https:\/\/soubozdrinks.ch\/de\/wp-json\/wp\/v2\/product\/12270","targetHints":{"allow":["GET"]}}],"collection":[{"href":"https:\/\/soubozdrinks.ch\/de\/wp-json\/wp\/v2\/product"}],"about":[{"href":"https:\/\/soubozdrinks.ch\/de\/wp-json\/wp\/v2\/types\/product"}],"replies":[{"embeddable":true,"href":"https:\/\/soubozdrinks.ch\/de\/wp-json\/wp\/v2\/comments?post=12270"}],"wp:featuredmedia":[{"embeddable":true,"href":"https:\/\/soubozdrinks.ch\/de\/wp-json\/wp\/v2\/media\/12272"}],"wp:attachment":[{"href":"https:\/\/soubozdrinks.ch\/de\/wp-json\/wp\/v2\/media?parent=12270"}],"wp:term":[{"taxonomy":"product_brand","embeddable":true,"href":"https:\/\/soubozdrinks.ch\/de\/wp-json\/wp\/v2\/product_brand?post=12270"},{"taxonomy":"product_cat","embeddable":true,"href":"https:\/\/soubozdrinks.ch\/de\/wp-json\/wp\/v2\/product_cat?post=12270"},{"taxonomy":"product_tag","embeddable":true,"href":"https:\/\/soubozdrinks.ch\/de\/wp-json\/wp\/v2\/product_tag?post=12270"}],"curies":[{"name":"wp","href":"https:\/\/api.w.org\/{rel}","templated":true}]}}