{"id":13381,"date":"2023-04-27T08:30:45","date_gmt":"2023-04-27T06:30:45","guid":{"rendered":"https:\/\/gagygnole.ch\/?post_type=product&#038;p=13381"},"modified":"2026-02-10T17:00:57","modified_gmt":"2026-02-10T16:00:57","slug":"negroni-ready-to-boire","status":"publish","type":"product","link":"https:\/\/soubozdrinks.ch\/de\/ichhabedurst\/negroni-ready-to-boire\/","title":{"rendered":"Negroni RTD"},"content":{"rendered":"<p>Der Negroni RTD ist unsere Version des italienischen Klassikers, der sofort servierfertig ist. Sie m\u00fcssen nicht mehr den Barkeeper spielen oder Flaschen f\u00fcr einen einzigen Cocktail anh\u00e4ufen. Hier ist alles bereits ausgewogen und muss nur noch auf Eis gegossen werden.  <\/p>\n","protected":false},"excerpt":{"rendered":"<p>Trinkfertiger Cocktail. Einfach eingie\u00dfen und Eis hinzuf\u00fcgen \u2013 Die Dolce Vita ist servierbereit.<\/p>\n<p>&nbsp;<\/p>\n","protected":false},"featured_media":16806,"comment_status":"closed","ping_status":"closed","template":"","meta":[],"product_brand":[],"product_cat":[151,33],"product_tag":[],"class_list":{"0":"post-13381","1":"product","2":"type-product","3":"status-publish","4":"has-post-thumbnail","6":"product_cat-ready-to-trink","7":"product_cat-schnaps","9":"first","10":"instock","11":"taxable","12":"shipping-taxable","13":"purchasable","14":"product-type-variable","15":"has-default-attributes"},"_links":{"self":[{"href":"https:\/\/soubozdrinks.ch\/de\/wp-json\/wp\/v2\/product\/13381","targetHints":{"allow":["GET"]}}],"collection":[{"href":"https:\/\/soubozdrinks.ch\/de\/wp-json\/wp\/v2\/product"}],"about":[{"href":"https:\/\/soubozdrinks.ch\/de\/wp-json\/wp\/v2\/types\/product"}],"replies":[{"embeddable":true,"href":"https:\/\/soubozdrinks.ch\/de\/wp-json\/wp\/v2\/comments?post=13381"}],"wp:featuredmedia":[{"embeddable":true,"href":"https:\/\/soubozdrinks.ch\/de\/wp-json\/wp\/v2\/media\/16806"}],"wp:attachment":[{"href":"https:\/\/soubozdrinks.ch\/de\/wp-json\/wp\/v2\/media?parent=13381"}],"wp:term":[{"taxonomy":"product_brand","embeddable":true,"href":"https:\/\/soubozdrinks.ch\/de\/wp-json\/wp\/v2\/product_brand?post=13381"},{"taxonomy":"product_cat","embeddable":true,"href":"https:\/\/soubozdrinks.ch\/de\/wp-json\/wp\/v2\/product_cat?post=13381"},{"taxonomy":"product_tag","embeddable":true,"href":"https:\/\/soubozdrinks.ch\/de\/wp-json\/wp\/v2\/product_tag?post=13381"}],"curies":[{"name":"wp","href":"https:\/\/api.w.org\/{rel}","templated":true}]}}