{"id":16059,"date":"2024-02-29T10:31:04","date_gmt":"2024-02-29T09:31:04","guid":{"rendered":"https:\/\/gagygnole.ch\/?post_type=product&#038;p=16059"},"modified":"2026-02-10T16:53:23","modified_gmt":"2026-02-10T15:53:23","slug":"sympastis-bio-2","status":"publish","type":"product","link":"https:\/\/soubozdrinks.ch\/de\/ichhabedurst\/sympastis-bio-2\/","title":{"rendered":"Bio-Sympastis"},"content":{"rendered":"<p>Der Sympastis Bio hat seinen Kopf in Marseille, aber sein Herz in Souboz. Unsere Interpretation des traditionellen Pastis setzt auf Fenchel, S\u00fc\u00dfholz und s\u00fc\u00dfe Minze, um eine nat\u00fcrliche Vollmundigkeit und direkte Frische zu bieten, ohne Anis oder Zuckerzusatz. <\/p>\n","protected":false},"excerpt":{"rendered":"<p>Schweizer Pastis mit den Botanicals aus unserem Garten. Der Kopf in Marseille, das Herz in Souboz. Bei uns \u00fcber dem Feuer destilliert.<\/p>\n","protected":false},"featured_media":16818,"comment_status":"closed","ping_status":"closed","template":"","meta":[],"product_brand":[],"product_cat":[156,33],"product_tag":[],"class_list":{"0":"post-16059","1":"product","2":"type-product","3":"status-publish","4":"has-post-thumbnail","6":"product_cat-spezialitaet","7":"product_cat-schnaps","9":"first","10":"instock","11":"taxable","12":"shipping-taxable","13":"purchasable","14":"product-type-variable","15":"has-default-attributes"},"_links":{"self":[{"href":"https:\/\/soubozdrinks.ch\/de\/wp-json\/wp\/v2\/product\/16059","targetHints":{"allow":["GET"]}}],"collection":[{"href":"https:\/\/soubozdrinks.ch\/de\/wp-json\/wp\/v2\/product"}],"about":[{"href":"https:\/\/soubozdrinks.ch\/de\/wp-json\/wp\/v2\/types\/product"}],"replies":[{"embeddable":true,"href":"https:\/\/soubozdrinks.ch\/de\/wp-json\/wp\/v2\/comments?post=16059"}],"wp:featuredmedia":[{"embeddable":true,"href":"https:\/\/soubozdrinks.ch\/de\/wp-json\/wp\/v2\/media\/16818"}],"wp:attachment":[{"href":"https:\/\/soubozdrinks.ch\/de\/wp-json\/wp\/v2\/media?parent=16059"}],"wp:term":[{"taxonomy":"product_brand","embeddable":true,"href":"https:\/\/soubozdrinks.ch\/de\/wp-json\/wp\/v2\/product_brand?post=16059"},{"taxonomy":"product_cat","embeddable":true,"href":"https:\/\/soubozdrinks.ch\/de\/wp-json\/wp\/v2\/product_cat?post=16059"},{"taxonomy":"product_tag","embeddable":true,"href":"https:\/\/soubozdrinks.ch\/de\/wp-json\/wp\/v2\/product_tag?post=16059"}],"curies":[{"name":"wp","href":"https:\/\/api.w.org\/{rel}","templated":true}]}}