{"id":16078,"date":"2024-02-29T12:26:32","date_gmt":"2024-02-29T11:26:32","guid":{"rendered":"https:\/\/gagygnole.ch\/?post_type=product&#038;p=16078"},"modified":"2026-02-10T15:55:21","modified_gmt":"2026-02-10T14:55:21","slug":"lechass","status":"publish","type":"product","link":"https:\/\/soubozdrinks.ch\/de\/ichhabedurst\/lechass\/","title":{"rendered":"Le Chass bio<br>"},"content":{"rendered":"<p>Der Chass Bio ist ein Kr\u00e4uterlik\u00f6r, der vom Grand Chasseral inspiriert wurde.<br \/>\nEin Rezept, das in unserem aromatischen Garten verankert ist, wo wir die Pflanzen anbauen, bevor sie zu Lik\u00f6r verarbeitet werden. Eine Spirituose aus unserer Heimat, die gut passt. <\/p>\n","protected":false},"excerpt":{"rendered":"<p>Schweizer Kr\u00e4uterlik\u00f6r inspiriert vom Chasseral. Gek\u00fchlt genie\u00dfen. Auf unserem Hof, mit unseren Pflanzen hergestellt.<\/p>\n","protected":false},"featured_media":16812,"comment_status":"closed","ping_status":"closed","template":"","meta":[],"product_brand":[],"product_cat":[33,156],"product_tag":[],"class_list":{"0":"post-16078","1":"product","2":"type-product","3":"status-publish","4":"has-post-thumbnail","6":"product_cat-schnaps","7":"product_cat-spezialitaet","9":"first","10":"instock","11":"taxable","12":"shipping-taxable","13":"purchasable","14":"product-type-variable","15":"has-default-attributes"},"_links":{"self":[{"href":"https:\/\/soubozdrinks.ch\/de\/wp-json\/wp\/v2\/product\/16078","targetHints":{"allow":["GET"]}}],"collection":[{"href":"https:\/\/soubozdrinks.ch\/de\/wp-json\/wp\/v2\/product"}],"about":[{"href":"https:\/\/soubozdrinks.ch\/de\/wp-json\/wp\/v2\/types\/product"}],"replies":[{"embeddable":true,"href":"https:\/\/soubozdrinks.ch\/de\/wp-json\/wp\/v2\/comments?post=16078"}],"wp:featuredmedia":[{"embeddable":true,"href":"https:\/\/soubozdrinks.ch\/de\/wp-json\/wp\/v2\/media\/16812"}],"wp:attachment":[{"href":"https:\/\/soubozdrinks.ch\/de\/wp-json\/wp\/v2\/media?parent=16078"}],"wp:term":[{"taxonomy":"product_brand","embeddable":true,"href":"https:\/\/soubozdrinks.ch\/de\/wp-json\/wp\/v2\/product_brand?post=16078"},{"taxonomy":"product_cat","embeddable":true,"href":"https:\/\/soubozdrinks.ch\/de\/wp-json\/wp\/v2\/product_cat?post=16078"},{"taxonomy":"product_tag","embeddable":true,"href":"https:\/\/soubozdrinks.ch\/de\/wp-json\/wp\/v2\/product_tag?post=16078"}],"curies":[{"name":"wp","href":"https:\/\/api.w.org\/{rel}","templated":true}]}}