{"id":16958,"date":"2024-08-19T09:45:44","date_gmt":"2024-08-19T07:45:44","guid":{"rendered":"https:\/\/gagygnole.ch\/?post_type=product&#038;p=16958"},"modified":"2026-02-10T17:21:31","modified_gmt":"2026-02-10T16:21:31","slug":"spritz-suisse","status":"publish","type":"product","link":"https:\/\/soubozdrinks.ch\/de\/ichhabedurst\/spritz-suisse\/","title":{"rendered":"Schweizer Bio-Spritz"},"content":{"rendered":"<p>Der Schweizer Bio-Spritz ist Ihr lokaler Spritzer in der Dose. Ein trinkfertiger Cocktail, der \u00fcberall hin mitgenommen werden kann, ohne Kompromisse bei der Qualit\u00e4t oder der Herkunft der Zutaten. <\/p>\n","protected":false},"excerpt":{"rendered":"<p>Ihr Schweizer Spritz in der Dose! Ihr trinkfertiger BIO-Cocktail. Wir haben dieses Getr\u00e4nk aus unserem ber\u00fchmten Souboziane und dem Siroziane kreiert. Die Blasen stammen von unseren Freunden Urban Kombucha aus dem Waadtland. Alle Zutaten sind von h\u00f6chster Qualit\u00e4t und nachhaltig. Ihr Leben wird nie wieder dasselbe sein. Jetzt k\u00f6nnen Sie Ihren Cocktail mit an den Strand, zum Wandern oder zum F\u00fcttern Ihrer Schafe nehmen. Cheers!<\/p>\n","protected":false},"featured_media":17058,"comment_status":"closed","ping_status":"closed","template":"","meta":[],"product_brand":[],"product_cat":[151,33],"product_tag":[],"class_list":{"0":"post-16958","1":"product","2":"type-product","3":"status-publish","4":"has-post-thumbnail","6":"product_cat-ready-to-trink","7":"product_cat-schnaps","9":"first","10":"instock","11":"taxable","12":"shipping-taxable","13":"purchasable","14":"product-type-simple"},"_links":{"self":[{"href":"https:\/\/soubozdrinks.ch\/de\/wp-json\/wp\/v2\/product\/16958","targetHints":{"allow":["GET"]}}],"collection":[{"href":"https:\/\/soubozdrinks.ch\/de\/wp-json\/wp\/v2\/product"}],"about":[{"href":"https:\/\/soubozdrinks.ch\/de\/wp-json\/wp\/v2\/types\/product"}],"replies":[{"embeddable":true,"href":"https:\/\/soubozdrinks.ch\/de\/wp-json\/wp\/v2\/comments?post=16958"}],"wp:featuredmedia":[{"embeddable":true,"href":"https:\/\/soubozdrinks.ch\/de\/wp-json\/wp\/v2\/media\/17058"}],"wp:attachment":[{"href":"https:\/\/soubozdrinks.ch\/de\/wp-json\/wp\/v2\/media?parent=16958"}],"wp:term":[{"taxonomy":"product_brand","embeddable":true,"href":"https:\/\/soubozdrinks.ch\/de\/wp-json\/wp\/v2\/product_brand?post=16958"},{"taxonomy":"product_cat","embeddable":true,"href":"https:\/\/soubozdrinks.ch\/de\/wp-json\/wp\/v2\/product_cat?post=16958"},{"taxonomy":"product_tag","embeddable":true,"href":"https:\/\/soubozdrinks.ch\/de\/wp-json\/wp\/v2\/product_tag?post=16958"}],"curies":[{"name":"wp","href":"https:\/\/api.w.org\/{rel}","templated":true}]}}