{"id":17145,"date":"2024-11-04T08:34:05","date_gmt":"2024-11-04T07:34:05","guid":{"rendered":"https:\/\/gagygnole.ch\/?post_type=product&#038;p=17145"},"modified":"2026-02-10T16:32:53","modified_gmt":"2026-02-10T15:32:53","slug":"douglas","status":"publish","type":"product","link":"https:\/\/soubozdrinks.ch\/de\/ichhabedurst\/douglas\/","title":{"rendered":"Die Douglasie"},"content":{"rendered":"<p>Eine reine Kreation aus unseren W\u00e4ldern: Douglas ist ein Lik\u00f6r aus Douglasiennadeln. Dieser Lik\u00f6r wird aus den Nadeln der Douglasie destilliert und hat eine sch\u00f6ne Note von Passionsfrucht, Ananas und Mango. Das ist verr\u00fcckt. Man fragt sich immer, wie die Tanne dazu kam, uns solche Aromen zu schenken.   <\/p>\n<p>Die Tannen stammen aus den W\u00e4ldern von B\u00f6zingenberg, in Zusammenarbeit mit der Burgergemeinde Biel.<\/p>\n","protected":false},"excerpt":{"rendered":"<p>Douglas ist eine reine Kreation aus unseren W\u00e4ldern. Dieser Lik\u00f6r wird aus den Nadeln der Douglasie destilliert, die von einem Baum stammen, der nur wenige Kilometer von der Destillerie entfernt w\u00e4chst. <\/p>\n","protected":false},"featured_media":17208,"comment_status":"closed","ping_status":"closed","template":"","meta":[],"product_brand":[],"product_cat":[156,33],"product_tag":[],"class_list":{"0":"post-17145","1":"product","2":"type-product","3":"status-publish","4":"has-post-thumbnail","6":"product_cat-spezialitaet","7":"product_cat-schnaps","9":"first","10":"instock","11":"taxable","12":"shipping-taxable","13":"purchasable","14":"product-type-simple"},"_links":{"self":[{"href":"https:\/\/soubozdrinks.ch\/de\/wp-json\/wp\/v2\/product\/17145","targetHints":{"allow":["GET"]}}],"collection":[{"href":"https:\/\/soubozdrinks.ch\/de\/wp-json\/wp\/v2\/product"}],"about":[{"href":"https:\/\/soubozdrinks.ch\/de\/wp-json\/wp\/v2\/types\/product"}],"replies":[{"embeddable":true,"href":"https:\/\/soubozdrinks.ch\/de\/wp-json\/wp\/v2\/comments?post=17145"}],"wp:featuredmedia":[{"embeddable":true,"href":"https:\/\/soubozdrinks.ch\/de\/wp-json\/wp\/v2\/media\/17208"}],"wp:attachment":[{"href":"https:\/\/soubozdrinks.ch\/de\/wp-json\/wp\/v2\/media?parent=17145"}],"wp:term":[{"taxonomy":"product_brand","embeddable":true,"href":"https:\/\/soubozdrinks.ch\/de\/wp-json\/wp\/v2\/product_brand?post=17145"},{"taxonomy":"product_cat","embeddable":true,"href":"https:\/\/soubozdrinks.ch\/de\/wp-json\/wp\/v2\/product_cat?post=17145"},{"taxonomy":"product_tag","embeddable":true,"href":"https:\/\/soubozdrinks.ch\/de\/wp-json\/wp\/v2\/product_tag?post=17145"}],"curies":[{"name":"wp","href":"https:\/\/api.w.org\/{rel}","templated":true}]}}