{"id":18140,"date":"2025-04-25T08:46:38","date_gmt":"2025-04-25T06:46:38","guid":{"rendered":"https:\/\/gagygnole.ch\/?post_type=product&#038;p=18140"},"modified":"2026-02-10T16:18:52","modified_gmt":"2026-02-10T15:18:52","slug":"le-chass-bio-copie-2","status":"publish","type":"product","link":"https:\/\/soubozdrinks.ch\/de\/ichhabedurst\/le-chass-bio-copie-2\/","title":{"rendered":"Bio-Mark"},"content":{"rendered":"<p>Es gibt Begegnungen, die sich wie von selbst ergeben. Diejenige mit der Winzerin Anne-Claire Schott geh\u00f6rt eindeutig dazu. Aus dieser Freundschaft zwischen Twann und Souboz, zwischen See und Wald, entstand Marc, ein Bio-Marc, der in der Lebendigkeit und der guten Arbeit verankert ist.<\/p>\n","protected":false},"excerpt":{"rendered":"<p>Schweizer Kr\u00e4uterlik\u00f6r inspiriert vom Chasseral. Gek\u00fchlt genie\u00dfen. Auf unserem Hof, mit unseren Pflanzen hergestellt.<\/p>\n","protected":false},"featured_media":16812,"comment_status":"closed","ping_status":"closed","template":"","meta":[],"product_brand":[],"product_cat":[156,33],"product_tag":[],"class_list":{"0":"post-18140","1":"product","2":"type-product","3":"status-publish","4":"has-post-thumbnail","6":"product_cat-spezialitaet","7":"product_cat-schnaps","9":"first","10":"instock","11":"taxable","12":"shipping-taxable","13":"purchasable","14":"product-type-simple"},"_links":{"self":[{"href":"https:\/\/soubozdrinks.ch\/de\/wp-json\/wp\/v2\/product\/18140","targetHints":{"allow":["GET"]}}],"collection":[{"href":"https:\/\/soubozdrinks.ch\/de\/wp-json\/wp\/v2\/product"}],"about":[{"href":"https:\/\/soubozdrinks.ch\/de\/wp-json\/wp\/v2\/types\/product"}],"replies":[{"embeddable":true,"href":"https:\/\/soubozdrinks.ch\/de\/wp-json\/wp\/v2\/comments?post=18140"}],"wp:featuredmedia":[{"embeddable":true,"href":"https:\/\/soubozdrinks.ch\/de\/wp-json\/wp\/v2\/media\/16812"}],"wp:attachment":[{"href":"https:\/\/soubozdrinks.ch\/de\/wp-json\/wp\/v2\/media?parent=18140"}],"wp:term":[{"taxonomy":"product_brand","embeddable":true,"href":"https:\/\/soubozdrinks.ch\/de\/wp-json\/wp\/v2\/product_brand?post=18140"},{"taxonomy":"product_cat","embeddable":true,"href":"https:\/\/soubozdrinks.ch\/de\/wp-json\/wp\/v2\/product_cat?post=18140"},{"taxonomy":"product_tag","embeddable":true,"href":"https:\/\/soubozdrinks.ch\/de\/wp-json\/wp\/v2\/product_tag?post=18140"}],"curies":[{"name":"wp","href":"https:\/\/api.w.org\/{rel}","templated":true}]}}