{"id":18470,"date":"2025-08-14T11:45:50","date_gmt":"2025-08-14T09:45:50","guid":{"rendered":"https:\/\/gagygnole.ch\/?post_type=product&#038;p=18470"},"modified":"2026-04-01T10:09:05","modified_gmt":"2026-04-01T08:09:05","slug":"soda-chasseral-bio-copie","status":"publish","type":"product","link":"https:\/\/soubozdrinks.ch\/de\/ichhabedurst\/soda-chasseral-bio-copie\/","title":{"rendered":"Mega guter kalter Tee bio"},"content":{"rendered":"<p>Dieser handwerklich hergestellte Eistee wird aus nat\u00fcrlichen Aufg\u00fcssen von Pflanzen und Bl\u00e4ttern hergestellt, die sorgf\u00e4ltig in unserem aromatischen Garten ausgew\u00e4hlt wurden. Ein erfrischendes, leichtes und authentisches Getr\u00e4nk, das den Durst l\u00f6scht und ein mega Vergn\u00fcgen bereitet. <\/p>\n","protected":false},"excerpt":{"rendered":"<p class=\"\"><span class=\"\"><span lang=\"DE-CH\">Der prickelnde Chasseral. Das ist mega gut!<\/span><\/span><\/p>\n","protected":false},"featured_media":18472,"comment_status":"closed","ping_status":"closed","template":"","meta":[],"product_brand":[],"product_cat":[142,141],"product_tag":[],"class_list":{"0":"post-18470","1":"product","2":"type-product","3":"status-publish","4":"has-post-thumbnail","6":"product_cat-sodas-de","7":"product_cat-sans-alcool-de","9":"first","10":"onbackorder","11":"taxable","12":"shipping-taxable","13":"purchasable","14":"product-type-simple"},"_links":{"self":[{"href":"https:\/\/soubozdrinks.ch\/de\/wp-json\/wp\/v2\/product\/18470","targetHints":{"allow":["GET"]}}],"collection":[{"href":"https:\/\/soubozdrinks.ch\/de\/wp-json\/wp\/v2\/product"}],"about":[{"href":"https:\/\/soubozdrinks.ch\/de\/wp-json\/wp\/v2\/types\/product"}],"replies":[{"embeddable":true,"href":"https:\/\/soubozdrinks.ch\/de\/wp-json\/wp\/v2\/comments?post=18470"}],"wp:featuredmedia":[{"embeddable":true,"href":"https:\/\/soubozdrinks.ch\/de\/wp-json\/wp\/v2\/media\/18472"}],"wp:attachment":[{"href":"https:\/\/soubozdrinks.ch\/de\/wp-json\/wp\/v2\/media?parent=18470"}],"wp:term":[{"taxonomy":"product_brand","embeddable":true,"href":"https:\/\/soubozdrinks.ch\/de\/wp-json\/wp\/v2\/product_brand?post=18470"},{"taxonomy":"product_cat","embeddable":true,"href":"https:\/\/soubozdrinks.ch\/de\/wp-json\/wp\/v2\/product_cat?post=18470"},{"taxonomy":"product_tag","embeddable":true,"href":"https:\/\/soubozdrinks.ch\/de\/wp-json\/wp\/v2\/product_tag?post=18470"}],"curies":[{"name":"wp","href":"https:\/\/api.w.org\/{rel}","templated":true}]}}