{"id":1871,"date":"2019-11-11T09:49:29","date_gmt":"2019-11-11T08:49:29","guid":{"rendered":"https:\/\/gagygnole.ch\/?post_type=product&#038;p=1871"},"modified":"2026-05-07T09:41:55","modified_gmt":"2026-05-07T07:41:55","slug":"dama-gin","status":"publish","type":"product","link":"https:\/\/soubozdrinks.ch\/de\/ichhabedurst\/dama-gin\/","title":{"rendered":"Dama Bio-Gin"},"content":{"rendered":"<p>Der Dama-Gin Bio wurde aus einer offensichtlichen Tatsache geboren: unsere roten Damassons verdienen ihren eigenen Gin.<\/p>\n<p><p>Diese kleinen, f\u00fcr die Region typischen Pflaumen werden in unseren Obstg\u00e4rten von Hand gepfl\u00fcckt und treffen auf unseren Bio-Fran-Gin, der \u00fcber Holzfeuer destilliert wird. Eine Spirituose, die in ihrer Region verwurzelt ist, pr\u00e4zise, fruchtig und ohne k\u00fcnstliche Hilfsmittel. <\/p>\n","protected":false},"excerpt":{"rendered":"<p>Schweizer Gin mit roten Damasson-Pflaumen. Der Geist unserer Obstg\u00e4rten. \u00dcber Holzfeuer in unserem Bauernhof mit unseren Pflanzen destilliert.<\/p>\n<p>&nbsp;<\/p>\n","protected":false},"featured_media":16810,"comment_status":"closed","ping_status":"closed","template":"","meta":[],"product_brand":[],"product_cat":[155,33],"product_tag":[],"class_list":{"0":"post-1871","1":"product","2":"type-product","3":"status-publish","4":"has-post-thumbnail","6":"product_cat-gin-de","7":"product_cat-schnaps","9":"first","10":"instock","11":"taxable","12":"shipping-taxable","13":"purchasable","14":"product-type-variable","15":"has-default-attributes"},"_links":{"self":[{"href":"https:\/\/soubozdrinks.ch\/de\/wp-json\/wp\/v2\/product\/1871","targetHints":{"allow":["GET"]}}],"collection":[{"href":"https:\/\/soubozdrinks.ch\/de\/wp-json\/wp\/v2\/product"}],"about":[{"href":"https:\/\/soubozdrinks.ch\/de\/wp-json\/wp\/v2\/types\/product"}],"replies":[{"embeddable":true,"href":"https:\/\/soubozdrinks.ch\/de\/wp-json\/wp\/v2\/comments?post=1871"}],"wp:featuredmedia":[{"embeddable":true,"href":"https:\/\/soubozdrinks.ch\/de\/wp-json\/wp\/v2\/media\/16810"}],"wp:attachment":[{"href":"https:\/\/soubozdrinks.ch\/de\/wp-json\/wp\/v2\/media?parent=1871"}],"wp:term":[{"taxonomy":"product_brand","embeddable":true,"href":"https:\/\/soubozdrinks.ch\/de\/wp-json\/wp\/v2\/product_brand?post=1871"},{"taxonomy":"product_cat","embeddable":true,"href":"https:\/\/soubozdrinks.ch\/de\/wp-json\/wp\/v2\/product_cat?post=1871"},{"taxonomy":"product_tag","embeddable":true,"href":"https:\/\/soubozdrinks.ch\/de\/wp-json\/wp\/v2\/product_tag?post=1871"}],"curies":[{"name":"wp","href":"https:\/\/api.w.org\/{rel}","templated":true}]}}