{"id":19112,"date":"2025-11-27T09:19:11","date_gmt":"2025-11-27T08:19:11","guid":{"rendered":"https:\/\/gagygnole.ch\/jaisoif\/swiza-paket\/"},"modified":"2025-11-27T09:19:20","modified_gmt":"2025-11-27T08:19:20","slug":"swiza-paket","status":"publish","type":"product","link":"https:\/\/soubozdrinks.ch\/de\/ichhabedurst\/swiza-paket\/","title":{"rendered":"Swiza-Paket"},"content":{"rendered":"<p><strong>Kommen Sie, wir stehen gerade?<\/strong><\/p>\n<p>\nIn diesem Set haben wir zwei Champions des Chasseral vereint:<br \/>ein SWIZA-Messer, das so ziemlich alles zerschneidet, was auf einem Brettchen herumliegt&#8230;<br \/>und eine immer einsatzbereite Flasche Bio-Chass.<br \/>Die perfekte Kombi f\u00fcr eine Picknick-Pause im Schatten des Chasseral.\n<\/p>\n<p>\nDas in Del\u00e9mont hergestellte <strong>Le Chasseral<\/strong> Messer ist das Modell CH05TR.<br \/>Mit anderen Worten: solide, seri\u00f6s.<br \/>K\u00e4seklinge? Vorhanden.<br \/>Brotklinge<x id=\"gid_3\"><\/x>? Klar.<br \/>Korkenzieher und Flaschen\u00f6ffner<x id=\"gid_4\"><\/x>? Check.<br \/>Mit seinem von Massivholz inspirierten Design ist er bereits ein Sammlerst\u00fcck.\n<\/p>\n<p>\nUnd dann gibt es noch die Topette de <strong>Chass bio<\/strong>.<br \/>Kleine Gr\u00f6sse, grosser Charakter.<br \/>Tannenknospen, s\u00fcsse Minze, Thymian, M\u00e4des\u00fcss&#8230;<br \/>Alles in Souboz angebaut und hergestellt, ohne Schummelei und ohne Chichi.<br \/>Ein Konzentrat des Grand Chasseral, sehr k\u00fchl zu schl\u00fcrfen.<\/p>\n","protected":false},"excerpt":{"rendered":"<p>Kommen Sie, wir stehen gerade? In diesem Set haben wir zwei Champions des Chasseral vereint:ein SWIZA-Messer, das so ziemlich alles zerschneidet, was auf einem Brettchen herumliegt&#8230;und eine immer einsatzbereite Flasche Bio-Chass.Die perfekte Kombi f\u00fcr eine Picknick-Pause im Schatten des Chasseral. Das in Del\u00e9mont hergestellte Le Chasseral Messer ist das Modell CH05TR.Mit anderen Worten: solide, seri\u00f6s.K\u00e4seklinge? [&hellip;]<\/p>\n","protected":false},"featured_media":19104,"comment_status":"closed","ping_status":"closed","template":"","meta":[],"product_brand":[],"product_cat":[33,141],"product_tag":[],"class_list":{"0":"post-19112","1":"product","2":"type-product","3":"status-publish","4":"has-post-thumbnail","6":"product_cat-schnaps","7":"product_cat-sans-alcool-de","9":"first","10":"instock","11":"taxable","12":"shipping-taxable","13":"purchasable","14":"product-type-simple"},"_links":{"self":[{"href":"https:\/\/soubozdrinks.ch\/de\/wp-json\/wp\/v2\/product\/19112","targetHints":{"allow":["GET"]}}],"collection":[{"href":"https:\/\/soubozdrinks.ch\/de\/wp-json\/wp\/v2\/product"}],"about":[{"href":"https:\/\/soubozdrinks.ch\/de\/wp-json\/wp\/v2\/types\/product"}],"replies":[{"embeddable":true,"href":"https:\/\/soubozdrinks.ch\/de\/wp-json\/wp\/v2\/comments?post=19112"}],"wp:featuredmedia":[{"embeddable":true,"href":"https:\/\/soubozdrinks.ch\/de\/wp-json\/wp\/v2\/media\/19104"}],"wp:attachment":[{"href":"https:\/\/soubozdrinks.ch\/de\/wp-json\/wp\/v2\/media?parent=19112"}],"wp:term":[{"taxonomy":"product_brand","embeddable":true,"href":"https:\/\/soubozdrinks.ch\/de\/wp-json\/wp\/v2\/product_brand?post=19112"},{"taxonomy":"product_cat","embeddable":true,"href":"https:\/\/soubozdrinks.ch\/de\/wp-json\/wp\/v2\/product_cat?post=19112"},{"taxonomy":"product_tag","embeddable":true,"href":"https:\/\/soubozdrinks.ch\/de\/wp-json\/wp\/v2\/product_tag?post=19112"}],"curies":[{"name":"wp","href":"https:\/\/api.w.org\/{rel}","templated":true}]}}