{"id":1913,"date":"2019-11-21T10:05:41","date_gmt":"2019-11-21T09:05:41","guid":{"rendered":"https:\/\/gagygnole.ch\/?post_type=product&#038;p=1913"},"modified":"2025-10-22T10:14:10","modified_gmt":"2025-10-22T08:14:10","slug":"trilogie","status":"publish","type":"product","link":"https:\/\/soubozdrinks.ch\/de\/ichhabedurst\/trilogie\/","title":{"rendered":"Packung 4x10cl"},"content":{"rendered":"","protected":false},"excerpt":{"rendered":"<p>Mit diesem eleganten Pack k\u00f6nnen Sie vier 10cl-Flaschen in Szene setzen.<br \/>Der Karton ist kostenlos, legen Sie ihn einfach in Ihren Warenkorb und w\u00e4hlen Sie vier 10cl-Flaschen im Webshop aus.<br \/>Ideal als Geschenk!<\/p>\n<p>Au\u00dferdem gibt es auf der Vorder- und R\u00fcckseite Platz f\u00fcr einen pers\u00f6nlichen Text oder ein Etikett.<br \/>Zum Beispiel, um Ihrer Mutter zu sagen, dass Sie sie lieben.<\/p>\n<p>Kontaktieren Sie uns f\u00fcr weitere Informationen!<\/p>\n","protected":false},"featured_media":9436,"comment_status":"closed","ping_status":"closed","template":"","meta":[],"product_brand":[],"product_cat":[155,151,156,33],"product_tag":[],"class_list":{"0":"post-1913","1":"product","2":"type-product","3":"status-publish","4":"has-post-thumbnail","6":"product_cat-gin-de","7":"product_cat-ready-to-trink","8":"product_cat-spezialitaet","9":"product_cat-schnaps","11":"first","12":"instock","13":"purchasable","14":"product-type-simple"},"_links":{"self":[{"href":"https:\/\/soubozdrinks.ch\/de\/wp-json\/wp\/v2\/product\/1913","targetHints":{"allow":["GET"]}}],"collection":[{"href":"https:\/\/soubozdrinks.ch\/de\/wp-json\/wp\/v2\/product"}],"about":[{"href":"https:\/\/soubozdrinks.ch\/de\/wp-json\/wp\/v2\/types\/product"}],"replies":[{"embeddable":true,"href":"https:\/\/soubozdrinks.ch\/de\/wp-json\/wp\/v2\/comments?post=1913"}],"wp:featuredmedia":[{"embeddable":true,"href":"https:\/\/soubozdrinks.ch\/de\/wp-json\/wp\/v2\/media\/9436"}],"wp:attachment":[{"href":"https:\/\/soubozdrinks.ch\/de\/wp-json\/wp\/v2\/media?parent=1913"}],"wp:term":[{"taxonomy":"product_brand","embeddable":true,"href":"https:\/\/soubozdrinks.ch\/de\/wp-json\/wp\/v2\/product_brand?post=1913"},{"taxonomy":"product_cat","embeddable":true,"href":"https:\/\/soubozdrinks.ch\/de\/wp-json\/wp\/v2\/product_cat?post=1913"},{"taxonomy":"product_tag","embeddable":true,"href":"https:\/\/soubozdrinks.ch\/de\/wp-json\/wp\/v2\/product_tag?post=1913"}],"curies":[{"name":"wp","href":"https:\/\/api.w.org\/{rel}","templated":true}]}}