{"id":524,"date":"2018-05-30T11:50:45","date_gmt":"2018-05-30T09:50:45","guid":{"rendered":"https:\/\/gagygnole.ch\/jaisoif\/souboziane\/"},"modified":"2026-02-10T17:17:25","modified_gmt":"2026-02-10T16:17:25","slug":"souboziane-aperitif-suisse","status":"publish","type":"product","link":"https:\/\/soubozdrinks.ch\/de\/ichhabedurst\/souboziane-aperitif-suisse\/","title":{"rendered":"Souboziane bio"},"content":{"rendered":"<p>Jedes Jahr ernten wir die Wurzel des gelben Enzians mit der Hand, wie unsere Vorfahren. Aus dieser Geste ist der Souboziane entstanden. Ein handwerklich hergestellter Aperitif, bei dem die Bitterkeit des Enzians auf die Frische von Bio-Zitrusfr\u00fcchten und die S\u00fc\u00dfe von Genfer Wei\u00dfwein trifft.  <\/p>\n","protected":false},"excerpt":{"rendered":"<p>Schweizer Aperitif auf Weissweinbasis. Der Geist des grossen Chasseral. K\u00fchl geniessen.<\/p>\n<p>&nbsp;<\/p>\n","protected":false},"featured_media":16808,"comment_status":"closed","ping_status":"closed","template":"","meta":[],"product_brand":[],"product_cat":[156,33],"product_tag":[],"class_list":{"0":"post-524","1":"product","2":"type-product","3":"status-publish","4":"has-post-thumbnail","6":"product_cat-spezialitaet","7":"product_cat-schnaps","9":"first","10":"instock","11":"taxable","12":"shipping-taxable","13":"purchasable","14":"product-type-variable","15":"has-default-attributes"},"_links":{"self":[{"href":"https:\/\/soubozdrinks.ch\/de\/wp-json\/wp\/v2\/product\/524","targetHints":{"allow":["GET"]}}],"collection":[{"href":"https:\/\/soubozdrinks.ch\/de\/wp-json\/wp\/v2\/product"}],"about":[{"href":"https:\/\/soubozdrinks.ch\/de\/wp-json\/wp\/v2\/types\/product"}],"replies":[{"embeddable":true,"href":"https:\/\/soubozdrinks.ch\/de\/wp-json\/wp\/v2\/comments?post=524"}],"wp:featuredmedia":[{"embeddable":true,"href":"https:\/\/soubozdrinks.ch\/de\/wp-json\/wp\/v2\/media\/16808"}],"wp:attachment":[{"href":"https:\/\/soubozdrinks.ch\/de\/wp-json\/wp\/v2\/media?parent=524"}],"wp:term":[{"taxonomy":"product_brand","embeddable":true,"href":"https:\/\/soubozdrinks.ch\/de\/wp-json\/wp\/v2\/product_brand?post=524"},{"taxonomy":"product_cat","embeddable":true,"href":"https:\/\/soubozdrinks.ch\/de\/wp-json\/wp\/v2\/product_cat?post=524"},{"taxonomy":"product_tag","embeddable":true,"href":"https:\/\/soubozdrinks.ch\/de\/wp-json\/wp\/v2\/product_tag?post=524"}],"curies":[{"name":"wp","href":"https:\/\/api.w.org\/{rel}","templated":true}]}}